{"id":9297,"date":"2025-02-07T13:32:17","date_gmt":"2025-02-07T10:32:17","guid":{"rendered":"https:\/\/avicennahospitals.com\/uzm-dr-ayten-tan\/"},"modified":"2025-02-07T13:32:17","modified_gmt":"2025-02-07T10:32:17","slug":"uzm-dr-ayten-tan","status":"publish","type":"page","link":"https:\/\/avicennahospitals.com\/tr\/uzm-dr-ayten-tan\/","title":{"rendered":"Uzm. Dr. Ayten Tan"},"content":{"rendered":"<p><img fetchpriority=\"high\" decoding=\"async\" class=\"alignnone size-full wp-image-8543\" src=\"https:\/\/avicennahospitals.com\/wp-content\/uploads\/2025\/02\/uzm-dr-ayten-tan-s.webp\" alt=\"\" width=\"800\" height=\"450\" srcset=\"https:\/\/avicennahospitals.com\/wp-content\/uploads\/2025\/02\/uzm-dr-ayten-tan-s.webp 800w, https:\/\/avicennahospitals.com\/wp-content\/uploads\/2025\/02\/uzm-dr-ayten-tan-s-300x169.webp 300w, https:\/\/avicennahospitals.com\/wp-content\/uploads\/2025\/02\/uzm-dr-ayten-tan-s-768x432.webp 768w\" sizes=\"(max-width: 800px) 100vw, 800px\" \/><\/p>\n<p class=\"p1\">1959 Sivas \/\u015eark\u0131\u015fla do\u011fumluyum. 1984 y\u0131l\u0131nda \u0130.\u00dc. Cerrahpa\u015fa T\u0131p Fak\u00fcltesinden mezun olduktan sonra Giresun\/Ke\u015fap, Samsun A\u00c7SM\u2019 de \u00e7al\u0131\u015ft\u0131m.<\/p>\n<p class=\"p1\">1996 y\u0131l\u0131nda \u015ei\u015fli Etfal E\u011fitim Ara\u015ft\u0131rma Hastanesinden Enfeksiyon Hastal\u0131klar\u0131 ve Kl.Mikrobiyoloji uzmanl\u0131\u011f\u0131n\u0131 ald\u0131ktan sonra Sultanbeyli Devlet Hastanesinde 24 y\u0131l \u00e7al\u0131\u015ft\u0131m. 2020 y\u0131l\u0131ndaki devlet memuriyetinden emekli olduktan sonra Fonksiyonel T\u0131p e\u011fitimleri ald\u0131m. Halen Kartal Avicenna Umut Hastanesinde Enfeksiyon hastal\u0131klar\u0131 uzman\u0131 olarak \u00e7al\u0131\u015fmaktay\u0131m.<\/p>\n","protected":false},"excerpt":{"rendered":"<p>1959 Sivas \/\u015eark\u0131\u015fla do\u011fumluyum. 1984 y\u0131l\u0131nda \u0130.\u00dc. Cerrahpa\u015fa T\u0131p Fak\u00fcltesinden mezun olduktan sonra Giresun\/Ke\u015fap, Samsun A\u00c7SM\u2019 de \u00e7al\u0131\u015ft\u0131m. 1996 y\u0131l\u0131nda \u015ei\u015fli Etfal E\u011fitim Ara\u015ft\u0131rma Hastanesinden Enfeksiyon Hastal\u0131klar\u0131 ve Kl.Mikrobiyoloji uzmanl\u0131\u011f\u0131n\u0131 ald\u0131ktan sonra Sultanbeyli Devlet Hastanesinde 24 y\u0131l \u00e7al\u0131\u015ft\u0131m. 2020 y\u0131l\u0131ndaki devlet memuriyetinden emekli olduktan sonra Fonksiyonel T\u0131p e\u011fitimleri ald\u0131m. Halen Kartal Avicenna Umut Hastanesinde Enfeksiyon [&hellip;]<\/p>\n","protected":false},"author":1,"featured_media":0,"parent":0,"menu_order":0,"comment_status":"closed","ping_status":"closed","template":"","meta":{"ocean_post_layout":"","ocean_both_sidebars_style":"","ocean_both_sidebars_content_width":0,"ocean_both_sidebars_sidebars_width":0,"ocean_sidebar":"0","ocean_second_sidebar":"0","ocean_disable_margins":"enable","ocean_add_body_class":"","ocean_shortcode_before_top_bar":"","ocean_shortcode_after_top_bar":"","ocean_shortcode_before_header":"","ocean_shortcode_after_header":"","ocean_has_shortcode":"","ocean_shortcode_after_title":"","ocean_shortcode_before_footer_widgets":"","ocean_shortcode_after_footer_widgets":"","ocean_shortcode_before_footer_bottom":"","ocean_shortcode_after_footer_bottom":"","ocean_display_top_bar":"default","ocean_display_header":"default","ocean_header_style":"","ocean_center_header_left_menu":"0","ocean_custom_header_template":"0","ocean_custom_logo":0,"ocean_custom_retina_logo":0,"ocean_custom_logo_max_width":0,"ocean_custom_logo_tablet_max_width":0,"ocean_custom_logo_mobile_max_width":0,"ocean_custom_logo_max_height":0,"ocean_custom_logo_tablet_max_height":0,"ocean_custom_logo_mobile_max_height":0,"ocean_header_custom_menu":"0","ocean_menu_typo_font_family":"0","ocean_menu_typo_font_subset":"","ocean_menu_typo_font_size":0,"ocean_menu_typo_font_size_tablet":0,"ocean_menu_typo_font_size_mobile":0,"ocean_menu_typo_font_size_unit":"px","ocean_menu_typo_font_weight":"","ocean_menu_typo_font_weight_tablet":"","ocean_menu_typo_font_weight_mobile":"","ocean_menu_typo_transform":"","ocean_menu_typo_transform_tablet":"","ocean_menu_typo_transform_mobile":"","ocean_menu_typo_line_height":0,"ocean_menu_typo_line_height_tablet":0,"ocean_menu_typo_line_height_mobile":0,"ocean_menu_typo_line_height_unit":"","ocean_menu_typo_spacing":0,"ocean_menu_typo_spacing_tablet":0,"ocean_menu_typo_spacing_mobile":0,"ocean_menu_typo_spacing_unit":"","ocean_menu_link_color":"","ocean_menu_link_color_hover":"","ocean_menu_link_color_active":"","ocean_menu_link_background":"","ocean_menu_link_hover_background":"","ocean_menu_link_active_background":"","ocean_menu_social_links_bg":"","ocean_menu_social_hover_links_bg":"","ocean_menu_social_links_color":"","ocean_menu_social_hover_links_color":"","ocean_disable_title":"default","ocean_disable_heading":"default","ocean_post_title":"","ocean_post_subheading":"","ocean_post_title_style":"","ocean_post_title_background_color":"","ocean_post_title_background":0,"ocean_post_title_bg_image_position":"","ocean_post_title_bg_image_attachment":"","ocean_post_title_bg_image_repeat":"","ocean_post_title_bg_image_size":"","ocean_post_title_height":0,"ocean_post_title_bg_overlay":0.5,"ocean_post_title_bg_overlay_color":"","ocean_disable_breadcrumbs":"default","ocean_breadcrumbs_color":"","ocean_breadcrumbs_separator_color":"","ocean_breadcrumbs_links_color":"","ocean_breadcrumbs_links_hover_color":"","ocean_display_footer_widgets":"default","ocean_display_footer_bottom":"default","ocean_custom_footer_template":"","ofc_enable_fullscreen":"disable","ofc_fullscreen_speed":0,"ofc_fullscreen_nav":"enable","ofc_fullscreen_nav_pos":"right","ofc_fullscreen_nav_color":"","ofc_fullscreen_nav_tooltip_color":"","ofc_fullscreen_responsive":0,"osh_disable_topbar_sticky":"default","osh_disable_header_sticky":"default","osh_sticky_header_style":"default","osh_sticky_header_effect":"","osh_custom_sticky_logo":0,"osh_custom_retina_sticky_logo":0,"osh_custom_sticky_logo_height":0,"osh_background_color":"","osh_links_color":"","osh_links_hover_color":"","osh_links_active_color":"","osh_links_bg_color":"","osh_links_hover_bg_color":"","osh_links_active_bg_color":"","osh_menu_social_links_color":"","osh_menu_social_hover_links_color":"","_joinchat":[],"footnotes":""},"class_list":["post-9297","page","type-page","status-publish","hentry","entry"],"_links":{"self":[{"href":"https:\/\/avicennahospitals.com\/tr\/wp-json\/wp\/v2\/pages\/9297","targetHints":{"allow":["GET"]}}],"collection":[{"href":"https:\/\/avicennahospitals.com\/tr\/wp-json\/wp\/v2\/pages"}],"about":[{"href":"https:\/\/avicennahospitals.com\/tr\/wp-json\/wp\/v2\/types\/page"}],"author":[{"embeddable":true,"href":"https:\/\/avicennahospitals.com\/tr\/wp-json\/wp\/v2\/users\/1"}],"replies":[{"embeddable":true,"href":"https:\/\/avicennahospitals.com\/tr\/wp-json\/wp\/v2\/comments?post=9297"}],"version-history":[{"count":0,"href":"https:\/\/avicennahospitals.com\/tr\/wp-json\/wp\/v2\/pages\/9297\/revisions"}],"wp:attachment":[{"href":"https:\/\/avicennahospitals.com\/tr\/wp-json\/wp\/v2\/media?parent=9297"}],"curies":[{"name":"wp","href":"https:\/\/api.w.org\/{rel}","templated":true}]}}