{"id":9250,"date":"2025-02-07T13:47:42","date_gmt":"2025-02-07T10:47:42","guid":{"rendered":"https:\/\/avicennahospitals.com\/operator-doktor-mehmet-akif-gogusgeren\/"},"modified":"2025-02-12T15:54:00","modified_gmt":"2025-02-12T12:54:00","slug":"operator-doktor-mehmet-akif-gogusgeren","status":"publish","type":"page","link":"https:\/\/avicennahospitals.com\/tr\/operator-doktor-mehmet-akif-gogusgeren\/","title":{"rendered":"M.D. Mehmet Akif Gogusgeren Neurosurgery"},"content":{"rendered":"<p><img fetchpriority=\"high\" decoding=\"async\" class=\"alignnone size-full wp-image-8886\" src=\"https:\/\/avicennahospitals.com\/wp-content\/uploads\/2025\/02\/kartal-op-dr-mehmet-akif-gogusgeren.webp\" alt=\"\" width=\"800\" height=\"450\" srcset=\"https:\/\/avicennahospitals.com\/wp-content\/uploads\/2025\/02\/kartal-op-dr-mehmet-akif-gogusgeren.webp 800w, https:\/\/avicennahospitals.com\/wp-content\/uploads\/2025\/02\/kartal-op-dr-mehmet-akif-gogusgeren-300x169.webp 300w, https:\/\/avicennahospitals.com\/wp-content\/uploads\/2025\/02\/kartal-op-dr-mehmet-akif-gogusgeren-768x432.webp 768w\" sizes=\"(max-width: 800px) 100vw, 800px\" \/><\/p>\n<div class=\"cmsmasters_toggle\">\n<div class=\"cmsmasters_toggle_inner\">\n<div id=\"cmsmasters_row_1c18ldqbra\" class=\"cmsmasters_row cmsmasters_color_scheme_default cmsmasters_row_top_default cmsmasters_row_bot_default cmsmasters_row_boxed\">\n<div class=\"cmsmasters_row_outer_parent\">\n<div class=\"cmsmasters_row_outer\">\n<div class=\"cmsmasters_row_inner\">\n<div class=\"cmsmasters_row_margin cmsmasters_11\">\n<div id=\"cmsmasters_column_w2i73w9pco\" class=\"cmsmasters_column one_first\">\n<div class=\"cmsmasters_column_inner\">\n<div class=\"aligncenter\"><\/div>\n<\/div>\n<\/div>\n<\/div>\n<\/div>\n<\/div>\n<\/div>\n<\/div>\n<\/div>\n<\/div>\n<p>34 y\u0131ll\u0131k hekimlik hayat\u0131m\u0131n- ki bu ya\u015fam\u0131m\u0131n yar\u0131s\u0131ndan olduk\u00e7a fazla\u2026 Say\u0131s\u0131 binler ile ifade edilecek ameliyatlar\u0131n ard\u0131ndan, ilk g\u00fcnk\u00fc heyecan ve sorumluluk duygusu halen a\u011f\u0131r bas\u0131yor. Babam da hekimdi, n\u00f6rologdu. \u0130lkokul ve ortaokulda ne olaca\u011f\u0131m\u0131 soranlara hep ayn\u0131 yan\u0131t\u0131 verirdim: Beyin Cerrah\u0131. 1992 y\u0131l\u0131nda Haydarpa\u015fa Numune Hastanesi\u2019nde beyin cerrahisi ihtisas\u0131ma ba\u015flad\u0131\u011f\u0131mda \u00e7ocukluk hedefim ger\u00e7ekle\u015fmi\u015fti. Hekimlik mesle\u011fim boyunca iki nokta hep di\u011ferlerinden \u00f6ne \u00e7\u0131kt\u0131: 1. \u00d6nce zarar verme 2. Hekimle hasta aras\u0131ndaki en \u00f6nemli ili\u015fki g\u00fcven ili\u015fkisidir. Latincesiyle \u201cprimum non nocere\u201d T\u00fcrk\u00e7esi ile \u201c\u00d6nce zarar verme \u201cilkesi do\u011frultusunda hep daha k\u00fc\u00e7\u00fck kesilerden, mikroskop alt\u0131nda daha emniyetli ameliyatlar ger\u00e7ekle\u015ftirmeyi tercih ettim. Hastan\u0131n yarar g\u00f6rece\u011fine tam olarak emin olmad\u0131\u011f\u0131m hi\u00e7bir ameliyat\u0131 ger\u00e7ekle\u015ftirmedim.\u00a0 Bu nedenle ameliyat\u0131n gereklili\u011fine \u00f6nce kendimi ikna etme durumunda oldum hep; daha sonra hastam\u0131. Hekim ile hasta aras\u0131nda en \u00f6nemli ili\u015fkinin g\u00fcven ili\u015fkisi oldu\u011funu akl\u0131mdan \u00e7\u0131karmad\u0131m. Bir insan 15 dakika \u00f6nce g\u00f6rd\u00fc\u011f\u00fc birine en de\u011ferli \u015feyini, can\u0131n\u0131 g\u00fcven ili\u015fkisi olmadan nas\u0131l emanet edebilir ki.. Ve bu ili\u015fkinin cerrah sonras\u0131 da hatta, ya\u015fam boyu s\u00fcrmesine \u00f6nem verdim. 28 y\u0131ld\u0131r opere etti\u011fim hastalar\u0131m\u0131n ilk y\u00fcr\u00fcy\u00fc\u015flerini ben yapt\u0131rd\u0131m. Bir\u00e7ok kez gece yar\u0131s\u0131ndan sonra olsa bile\u2026Gecenin saat 03.00\u2019\u00fcnde hastan\u0131n hekimini yan\u0131nda g\u00f6rmesinin verdi\u011fi duyguyu hep \u00f6nemsedim. Hastalar\u0131m\u0131n tamam\u0131na cep telefon numaram\u0131 vermekten \u00e7ekinmiyorum. Gerekti\u011fi anda hekimimin her an ula\u015f\u0131labilir olmas\u0131n\u0131 isterdim. Ben de hastalar\u0131m i\u00e7in \u00f6ylesini yap\u0131yorum. Bu sat\u0131rlarda hekimli\u011fe bak\u0131\u015f\u0131m\u0131 anlatman\u0131n gere\u011fini duydum. Nas\u0131l olsa merak edenler \u00f6zge\u00e7mi\u015fime, yay\u0131nlar\u0131ma, ilerleyen sat\u0131rlarda ula\u015fabilirler.<\/p>\n<div class=\"cmsmasters_toggle_title\">Tedavi Edilen Hastal\u0131klar<\/div>\n<div class=\"cmsmasters_toggle\">\n<div class=\"cmsmasters_toggle_inner\">\n<ul>\n<li>Beyin ve omurga t\u00fcm\u00f6rleri<\/li>\n<li>Bel ve boyun f\u0131t\u0131klar\u0131<\/li>\n<li>Bel kaymalar\u0131<\/li>\n<li>Omurgan\u0131n kal\u0131tsal hastal\u0131klar\u0131<\/li>\n<li>Beyin kanamalar\u0131<\/li>\n<li>Hidrosefali<\/li>\n<li>Sinirin bas\u0131 alt\u0131nda kald\u0131\u011f\u0131 durumlar (Karpal t\u00fcnel sendromu, ulnar oluk sendromu)<\/li>\n<\/ul>\n<\/div>\n<\/div>\n<p>&nbsp;<\/p>\n<div class=\"cmsmasters_toggle_title\">Tedavi Y\u00f6ntemleri<\/div>\n<div class=\"cmsmasters_toggle\">\n<div class=\"cmsmasters_toggle_inner\">\n<ul>\n<li>Mikro cerrahi<\/li>\n<\/ul>\n<\/div>\n<\/div>\n<div class=\"cmsmasters_toggle_wrap\" data-tags=\"all \">\n<div class=\"cmsmasters_toggle_title\">Tedavi Y\u00f6ntemleri Yay\u0131nlar<\/div>\n<\/div>\n<div class=\"cmsmasters_toggle_wrap current_toggle\" data-tags=\"all \">\n<div class=\"cmsmasters_toggle\">\n<div class=\"cmsmasters_toggle_inner\">\n<ul>\n<li>A Type II Multiple Split Cord Malformation: Report of a Rare Case<\/li>\n<li>Orakd\u00f6\u011fen M, D\u00f6\u015fo\u011flu M, \u00d6zdo\u011fan C, G\u00f6\u011f\u00fcsgeren MA, Mutlu MF, Tevr\u00fcz M.<\/li>\n<li>Neuro-Orthopedics 22: 1-7, 1998.<\/li>\n<li>Morphometric measurements of the caudal cranial nerves in the petroclival<\/li>\n<li>G\u00fcrdal E, Cakmak YO, Ozdogmus O, Yal\u00e7inkaya M, Uz\u00fcn I,G\u00f6g\u00fcsgeren MA,<\/li>\n<li>Cavdar S.<\/li>\n<li>Zentralbl Neurochir. 2007 May;68(2):47-9.<\/li>\n<li>Multiple brain metastases from malignant thymoma.<\/li>\n<li>Ersahin M, Kilic K, G\u00f6g\u00fcsgeren MA, Bakirci A, Vardar Aker F, Berkman Z.<\/li>\n<li>Journal of Clinical Neuroscience Volume 14, Issue 11, November 2007, Pages<\/li>\n<li>1116\u20131120<\/li>\n<li>Post-traumatic early epilepsy in pediatric age group with emphasis on<\/li>\n<li>influential factors.<\/li>\n<li>Ate\u015f O, Ond\u00fcl S, Onal C, B\u00fcy\u00fckkiraz M, Somay H, Cayli SR, G\u00f6\u011f\u00fcsgeren MA,<\/li>\n<li>Orakd\u00f6\u011fen M, Ko\u00e7ak A, Yolo\u011flu S, Berkman Z, Tevr\u00fcz M.<\/li>\n<li>Childs Nerv Syst. 2006 Mar;22(3):279-84. Epub 2005 May 12.<\/li>\n<li>Enterocutaneous fistula: a complication of posterior iliac bone graft<\/li>\n<li>harvesting not previously described.<\/li>\n<li>D\u00f6so\u011flu M, Orakd\u00f6\u011fen M, Tevr\u00fcz M, G\u00f6\u011f\u00fcsgeren MA, Mutlu F.<\/li>\n<li>Acta Neurochir (Wien). 1998;140(10):1089-92.<\/li>\n<li>YAYINLAR ULUSAL<\/li>\n<li>Low Grade Arterio Venous Malformations Metin Orakd\u00f6\u011fen, M Zafer Berkman, Turgay Ersoy, Kaya K\u0131l\u0131\u00e7, Mehmet Akif G\u00f6\u011f\u00fcsgeren, G\u00f6khan Y\u0131lmaz T\u00fcrk N\u00f6ro\u015fir\u00fcrji Dergisi 2005, Cilt 15, Say\u0131 3, Sayfa(lar) 265-270<\/li>\n<li>Photo Quiz Safiye \u00c7avdar, Mehmet Akif G\u00f6\u011f\u00fcsgeren, Jasna G\u00fcrb\u00fcz Department of Anotomy, School of Medicine, Marmara University, \u0130stanbul, Turkey Marmara Medical Journal 1999, Cilt 12, Say\u0131 4, Sayfa(lar) 21<\/li>\n<li>Prolaktinomalarda Transnazal-Transsfenoidal Mikrocerrahi, Er\u015fahin M., \u00d6zdo\u011fan C., G\u00f6\u011f\u00fcsgeren M.A., Orakd\u00f6\u011fen M., B\u00fcy\u00fckkiraz M., Haydarpa\u015fa Numune E\u011fitim ve Ara\u015ft\u0131rma Hastanesi T\u0131p dergisi, ss.103- 107, 2001<\/li>\n<li>B\u00fcy\u00fcme Hormonu Salg\u0131layan Hipofiz Adenomlar\u0131nda Cerrahi Tedavi, Er\u015fahin M., K\u0131l\u0131\u00e7 K., \u00d6zdo\u011fan C., G\u00f6\u011f\u00fcsgeren M.A., \u015e\u00f6len A., Bak\u0131rc\u0131 A., Haydarpa\u015fa Numune E\u011fitim ve Ara\u015ft\u0131rma Hastanesi T\u0131p dergisi, cilt.1, ss. 32-36, 2001<\/li>\n<li>SUNULAR -ULUSLARARASI<\/li>\n<li>A Type II multiple split cord malformation: Report of a rare case. D\u00f6\u015fo\u011flu M, Orakd\u00f6\u011fen M, \u00d6zdo\u011fan C, G\u00f6\u011f\u00fcsgeren MA, Winter meeting of EANS (European Association of Neurosurgical Societies), February 1997, Zaragoza- Spain<\/li>\n<li>Posttraumatic cervical spondyloptosis. \u00d6zdo\u011fan C, G\u00f6\u011f\u00fcsgeren MA, D\u00f6\u015fo\u011flu M, Winter meeting of EANS, February 1997, Zaragoza- Spain<\/li>\n<li>Enterocutaneous fistula: A non-described complication of posterior iliac bone graft acquisition. D\u00f6\u015fo\u011flu M, Orakd\u00f6\u011fen M, Tevr\u00fcz M. G\u00f6\u011f\u00fcsgeren MA Winter meeting of EANS, February 1997, Zaragoza- Spain<\/li>\n<li>Intraspinal epidural echinococcosis. K. Kilic, M.A. Gogusgeren, S. Karadereler, H. Somay (Istanbul) The International Society for Pediatric Neurosurgery Annual Meeting, Istanbul, October 3rd \u2013 6th 2000<\/li>\n<li>SUNULAR \u2013 ULUSAL<\/li>\n<li>Epidural Hematomlarda mortalite ve morbiditeyi etkileyen fakt\u00f6rler D\u00f6\u015fo\u011flu M, G\u00f6\u011f\u00fcsgeren MA, Akta\u015f \u00d6E, \u00d6zdo\u011fan C, K\u0131l\u0131\u00e7 K, Hakan T, Tevr\u00fcz M,1. Travma ve Acil Cerrahi Kongresi 1995 Istanbul<\/li>\n<li>Akut subdural hematomlarda tedavi y\u00f6ntemleri. G\u00f6\u011f\u00fcsgeren MA, D\u00f6\u015fo\u011flu M, Akta\u015f \u00d6E, Karaba\u011fl\u0131 H, T\u00fcmer B, Arma\u011fan S, K\u0131l\u0131\u00e7 K, Tevr\u00fcz M, 1. Travma ve Acil Cerrahi Kongresi 1995 Istanbul<\/li>\n<li>Travmatik Posterior Fossa Epidural ve Akut Subdural Hematomlar\u0131 G\u00f6\u011f\u00fcsgeren MA, K\u0131l\u0131\u00e7 K, Akta\u015f \u00d6E, Baki A, T\u00fcmer B, Arma\u011fan S, D\u00f6\u015fo\u011flu M, Tevr\u00fcz M, 1. Travma ve Acil Cerrahi Kongresi 1995 Istanbul<\/li>\n<li>Kranyal Epidural Hematomlarda Konservatif Tedavi K\u0131l\u0131\u00e7 K, G\u00f6\u011f\u00fcsgeren MA, Akta\u015f \u00d6E, Baki A, Somay H, T\u00fcmer B, Arma\u011fan S, D\u00f6\u015fo\u011flu M, Tevr\u00fcz M, 1. Travma ve Acil Cerrahi Kongresi 1995 Istanbul<\/li>\n<li>Epidural Hematomlar: Hangilerinde nerye kadar konservatif kalmal\u0131 (presentation of 206 cases) K\u0131l\u0131\u00e7 K, G\u00f6\u011f\u00fcsgeren MA, Mutlu F, T\u00fcmer B, Arma\u011fan S, Tevr\u00fcz M, 10. Ulusal N\u00f6ro\u015fir\u00fcrji Kongresi \u0130zmir- 1996<\/li>\n<li>Cerrahi Giri\u015fim Uygulanm\u0131\u015f Travmatik Transtentoryal Herniasyon Olgular\u0131nda Fonksiyonel \u0130yile\u015fmeye Etki Eden Fakt\u00f6rler Karaba\u011fl\u0131 H, Arma\u011fan S, G\u00f6\u011f\u00fcsgeren MA, \u015e\u00f6len A, Ate\u015f \u00d6, Somay H, T\u00fcmer B, Tevr\u00fcz M 10. Ulusal N\u00f6ro\u015fir\u00fcrji Kongresi \u0130zmir- 1996<\/li>\n<li>Travmatik Posterior Fossa Epidural Hematomlar\u0131 G\u00f6\u011f\u00fcsgeren MA, K\u0131l\u0131\u00e7 K, Ate\u015f \u00d6, Somay H, T\u00fcmer B, Arma\u011fan S, Tevr\u00fcz M 10. Ulusal N\u00f6ro\u015fir\u00fcrji Kongresi \u0130zmir- 1996<\/li>\n<li>Acil Transsfenoidal Hipofiz Cerrahisi K\u0131l\u0131\u00e7 K, G\u00f6\u011f\u00fcsgeren MA, Karaba\u011fl\u0131 H, \u015e\u00f6len A, \u00d6nd\u00fcl S, Somay H, Baki A, Tevr\u00fcz M 11. Ulusal N\u00f6ro\u015fir\u00fcrji Kongresi, Antalya- 1997<\/li>\n<li>Sellar ve Suprasellar Yer Kaplay\u0131c\u0131 Lezyonlar K\u0131l\u0131\u00e7 K, G\u00f6\u011f\u00fcsgeren MA, \u00d6zdo\u011fan C, Ate\u015f \u00d6, Baki A, \u015e\u00f6len A, Mutlu F, Tevr\u00fcz M 11. Ulusal N\u00f6ro\u015fir\u00fcrji Kongresi, Antalya- 1997<\/li>\n<li>Disk Hernisi mi? Aort disseksiyonu mu ? Disk hernisi \u00f6n tan\u0131s\u0131 ile ara\u015ft\u0131r\u0131l\u0131rkan aort disseksiyonu nedenitle kaybedilen s\u0131rad\u0131\u015f\u0131 3 olgu G\u00f6\u011f\u00fcsgeren MA, K\u0131l\u0131\u00e7 K, Ate\u015f \u00d6, \u015e\u00f6len A, Demirba\u015f MA Tevr\u00fcz M,<\/li>\n<li>Ulusal N\u00f6ro\u015fir\u00fcrji Kongresi, Antalya- 1997 11. \u015eant Operasyonlar\u0131nda Komplikasyonlar G\u00f6\u011f\u00fcsgeren MA, K\u0131l\u0131\u00e7 K, \u015e\u00f6len A, Arma\u011fan S, T\u00fcmer B, Akdeniz T, Er\u015fahin M, Tevr\u00fcz M, 11. Ulusal N\u00f6ro\u015fir\u00fcrji Kongresi, Antalya- 1997<\/li>\n<li>Posttravmatik Leptomeningeal Kistler D\u00f6\u015fo\u011flu M, Orakd\u00f6\u011fen M, G\u00f6\u011f\u00fcsgeren MA, Demirba\u015f MA, Tevr\u00fcz M 2. Ulusal Travma ve Acil Cerrahi Kongresi, \u0130stanbul 1997<\/li>\n<li>Fasial Sinir Travmalar\u0131n\u0131n Deneysel \u00c7al\u0131\u015fmalarda Niceliksel Olarak De\u011ferlendirilebilmesi i\u00e7in Klip- \u201cHorseradish Peroxidase Modeli\u201d G\u00f6\u011f\u00fcsgeren MA, Ate\u015f \u00d6, K\u0131l\u0131\u00e7 T, Pamir MN, Tevr\u00fcz M 12. Ulusal N\u00f6ro\u015fir\u00fcrji Kongresi, Antalya- 1998<\/li>\n<li>Kafatas\u0131n\u0131n Intraosse\u00f6z Lipomu Orakd\u00f6\u011fen M, Ate\u015f \u00d6, G\u00f6\u011f\u00fcsgeren MA, D\u00f6\u015fo\u011flu M, Tevr\u00fcz M 12. Ulusal N\u00f6ro\u015fir\u00fcrji Kongresi, Antalya- 1998<\/li>\n<li>Serebral Multipl Kistik Kitleli Olguda Nadir Bir Tan\u0131: Timoma Er\u015fahin M, G\u00f6\u011f\u00fcsgeren MA, K\u0131l\u0131\u00e7 K, Tevr\u00fcz M 12. Ulusal N\u00f6ro\u015fir\u00fcrji Kongresi, Antalya- 1998<\/li>\n<\/ul>\n<\/div>\n<\/div>\n<\/div>\n<p>&nbsp;<\/p>\n<div class=\"cmsmasters_toggle_title\">\u00dcye Oldu\u011fu Dernek ve Kurulu\u015flar<\/div>\n<div class=\"cmsmasters_toggle\">\n<div class=\"cmsmasters_toggle_inner\">\n<ul>\n<li>T\u00fcrk Tabipleri Birli\u011fi<\/li>\n<li>\u0130stanbul Tabib Odas\u0131<\/li>\n<li>1997 Avrupa N\u00f6ro\u015firurji Dernekleri Birli\u011fi<\/li>\n<li>1998 T\u00fcrk N\u00f6ro\u015firurji Derne\u011fi<\/li>\n<li>2007 Sinir Sistemi Cerrahisi Derne\u011fi (Sinir Sistemi Cerrahisi Derne\u011fi, T\u00fcrkiye)<\/li>\n<li>2007 \u0130stanbul Anadolu Yakas\u0131 Bosna Sancak Derne\u011fi<\/li>\n<li>T\u00fcrkiye Bosna Sancak Sosyal Dayan\u0131\u015fma ve K\u00fclt\u00fcr Derne\u011fi<\/li>\n<li>2012 Sancak Dostlar\u0131 Platformu (Y\u00f6netim Kurulu \u00dcyesi)<\/li>\n<li>2013 CNS (N\u00f6rolojik Cerrahlar Kongresi)<\/li>\n<li>2014 Bosna Sancak Akademik K\u00fclt\u00fcr ve Tarih Vakf\u0131 (M\u00fctevelli Heyeti \u00dcyesi, kurucu\u00a0\u00fcye- eski Ba\u015fkan\u0131)<\/li>\n<\/ul>\n<\/div>\n<\/div>\n<p>&nbsp;<\/p>\n","protected":false},"excerpt":{"rendered":"<p>34 y\u0131ll\u0131k hekimlik hayat\u0131m\u0131n- ki bu ya\u015fam\u0131m\u0131n yar\u0131s\u0131ndan olduk\u00e7a fazla\u2026 Say\u0131s\u0131 binler ile ifade edilecek ameliyatlar\u0131n ard\u0131ndan, ilk g\u00fcnk\u00fc heyecan ve sorumluluk duygusu halen a\u011f\u0131r bas\u0131yor. Babam da hekimdi, n\u00f6rologdu. \u0130lkokul ve ortaokulda ne olaca\u011f\u0131m\u0131 soranlara hep ayn\u0131 yan\u0131t\u0131 verirdim: Beyin Cerrah\u0131. 1992 y\u0131l\u0131nda Haydarpa\u015fa Numune Hastanesi\u2019nde beyin cerrahisi ihtisas\u0131ma ba\u015flad\u0131\u011f\u0131mda \u00e7ocukluk hedefim ger\u00e7ekle\u015fmi\u015fti. Hekimlik [&hellip;]<\/p>\n","protected":false},"author":1,"featured_media":0,"parent":0,"menu_order":0,"comment_status":"closed","ping_status":"closed","template":"","meta":{"ocean_post_layout":"","ocean_both_sidebars_style":"","ocean_both_sidebars_content_width":0,"ocean_both_sidebars_sidebars_width":0,"ocean_sidebar":"0","ocean_second_sidebar":"0","ocean_disable_margins":"enable","ocean_add_body_class":"","ocean_shortcode_before_top_bar":"","ocean_shortcode_after_top_bar":"","ocean_shortcode_before_header":"","ocean_shortcode_after_header":"","ocean_has_shortcode":"","ocean_shortcode_after_title":"","ocean_shortcode_before_footer_widgets":"","ocean_shortcode_after_footer_widgets":"","ocean_shortcode_before_footer_bottom":"","ocean_shortcode_after_footer_bottom":"","ocean_display_top_bar":"default","ocean_display_header":"default","ocean_header_style":"","ocean_center_header_left_menu":"0","ocean_custom_header_template":"0","ocean_custom_logo":0,"ocean_custom_retina_logo":0,"ocean_custom_logo_max_width":0,"ocean_custom_logo_tablet_max_width":0,"ocean_custom_logo_mobile_max_width":0,"ocean_custom_logo_max_height":0,"ocean_custom_logo_tablet_max_height":0,"ocean_custom_logo_mobile_max_height":0,"ocean_header_custom_menu":"0","ocean_menu_typo_font_family":"0","ocean_menu_typo_font_subset":"","ocean_menu_typo_font_size":0,"ocean_menu_typo_font_size_tablet":0,"ocean_menu_typo_font_size_mobile":0,"ocean_menu_typo_font_size_unit":"px","ocean_menu_typo_font_weight":"","ocean_menu_typo_font_weight_tablet":"","ocean_menu_typo_font_weight_mobile":"","ocean_menu_typo_transform":"","ocean_menu_typo_transform_tablet":"","ocean_menu_typo_transform_mobile":"","ocean_menu_typo_line_height":0,"ocean_menu_typo_line_height_tablet":0,"ocean_menu_typo_line_height_mobile":0,"ocean_menu_typo_line_height_unit":"","ocean_menu_typo_spacing":0,"ocean_menu_typo_spacing_tablet":0,"ocean_menu_typo_spacing_mobile":0,"ocean_menu_typo_spacing_unit":"","ocean_menu_link_color":"","ocean_menu_link_color_hover":"","ocean_menu_link_color_active":"","ocean_menu_link_background":"","ocean_menu_link_hover_background":"","ocean_menu_link_active_background":"","ocean_menu_social_links_bg":"","ocean_menu_social_hover_links_bg":"","ocean_menu_social_links_color":"","ocean_menu_social_hover_links_color":"","ocean_disable_title":"default","ocean_disable_heading":"default","ocean_post_title":"","ocean_post_subheading":"","ocean_post_title_style":"","ocean_post_title_background_color":"","ocean_post_title_background":0,"ocean_post_title_bg_image_position":"","ocean_post_title_bg_image_attachment":"","ocean_post_title_bg_image_repeat":"","ocean_post_title_bg_image_size":"","ocean_post_title_height":0,"ocean_post_title_bg_overlay":0.5,"ocean_post_title_bg_overlay_color":"","ocean_disable_breadcrumbs":"default","ocean_breadcrumbs_color":"","ocean_breadcrumbs_separator_color":"","ocean_breadcrumbs_links_color":"","ocean_breadcrumbs_links_hover_color":"","ocean_display_footer_widgets":"default","ocean_display_footer_bottom":"default","ocean_custom_footer_template":"0","ofc_enable_fullscreen":"disable","ofc_fullscreen_speed":0,"ofc_fullscreen_nav":"enable","ofc_fullscreen_nav_pos":"right","ofc_fullscreen_nav_color":"","ofc_fullscreen_nav_tooltip_color":"","ofc_fullscreen_responsive":0,"osh_disable_topbar_sticky":"default","osh_disable_header_sticky":"default","osh_sticky_header_style":"default","osh_sticky_header_effect":"","osh_custom_sticky_logo":0,"osh_custom_retina_sticky_logo":0,"osh_custom_sticky_logo_height":0,"osh_background_color":"","osh_links_color":"","osh_links_hover_color":"","osh_links_active_color":"","osh_links_bg_color":"","osh_links_hover_bg_color":"","osh_links_active_bg_color":"","osh_menu_social_links_color":"","osh_menu_social_hover_links_color":"","_joinchat":[],"footnotes":""},"class_list":["post-9250","page","type-page","status-publish","hentry","entry"],"_links":{"self":[{"href":"https:\/\/avicennahospitals.com\/tr\/wp-json\/wp\/v2\/pages\/9250","targetHints":{"allow":["GET"]}}],"collection":[{"href":"https:\/\/avicennahospitals.com\/tr\/wp-json\/wp\/v2\/pages"}],"about":[{"href":"https:\/\/avicennahospitals.com\/tr\/wp-json\/wp\/v2\/types\/page"}],"author":[{"embeddable":true,"href":"https:\/\/avicennahospitals.com\/tr\/wp-json\/wp\/v2\/users\/1"}],"replies":[{"embeddable":true,"href":"https:\/\/avicennahospitals.com\/tr\/wp-json\/wp\/v2\/comments?post=9250"}],"version-history":[{"count":5,"href":"https:\/\/avicennahospitals.com\/tr\/wp-json\/wp\/v2\/pages\/9250\/revisions"}],"predecessor-version":[{"id":9625,"href":"https:\/\/avicennahospitals.com\/tr\/wp-json\/wp\/v2\/pages\/9250\/revisions\/9625"}],"wp:attachment":[{"href":"https:\/\/avicennahospitals.com\/tr\/wp-json\/wp\/v2\/media?parent=9250"}],"curies":[{"name":"wp","href":"https:\/\/api.w.org\/{rel}","templated":true}]}}