{"id":9249,"date":"2025-02-07T13:41:22","date_gmt":"2025-02-07T10:41:22","guid":{"rendered":"https:\/\/avicennahospitals.com\/operator-doktor-fatih-birol\/"},"modified":"2025-02-12T15:46:35","modified_gmt":"2025-02-12T12:46:35","slug":"operator-doktor-fatih-birol","status":"publish","type":"page","link":"https:\/\/avicennahospitals.com\/tr\/operator-doktor-fatih-birol\/","title":{"rendered":"M.D. Fatih Birol Obstetrics and Gynecology"},"content":{"rendered":"<p><img fetchpriority=\"high\" decoding=\"async\" class=\"alignnone size-full wp-image-8788\" src=\"https:\/\/avicennahospitals.com\/wp-content\/uploads\/2025\/02\/kartal-op-dr-fatih-birol.webp\" alt=\"\" width=\"800\" height=\"450\" srcset=\"https:\/\/avicennahospitals.com\/wp-content\/uploads\/2025\/02\/kartal-op-dr-fatih-birol.webp 800w, https:\/\/avicennahospitals.com\/wp-content\/uploads\/2025\/02\/kartal-op-dr-fatih-birol-300x169.webp 300w, https:\/\/avicennahospitals.com\/wp-content\/uploads\/2025\/02\/kartal-op-dr-fatih-birol-768x432.webp 768w\" sizes=\"(max-width: 800px) 100vw, 800px\" \/><\/p>\n<div class=\"cmsmasters_toggle\">\n<div class=\"cmsmasters_toggle_inner\"><\/div>\n<\/div>\n<div class=\"cmsmasters_toggle\">\n<div class=\"cmsmasters_toggle_inner\">\n<p>1977 \u00c7anakkale do\u011fumluyum. 2001 y\u0131l\u0131nda Cerrahpa\u015fa\u00a0 T\u0131p Fak\u00fcltesi\u2019nden mezun oldum. 2001-2006 y\u0131l\u0131nda SSK G\u00f6ztepe E\u011fitim ve Ara\u015ft\u0131rma Hastanesi\u2019nde ihtisas yapt\u0131m2006-2008 y\u0131llar\u0131 aras\u0131nda zorunlu hizmetler Kayseri Askeri Hastanesi ve Malatya Hekimhan Devlet Hastanesinde yapt\u0131m. Cerrahpa\u015fa T\u0131p Fak\u00fcltesi T\u00fcp Bebek \u00dcnitesinde2008-2009 y\u0131llar\u0131nda t\u00fcp bebek e\u011fitimi ald\u0131m . 2009 y\u0131l\u0131ndan itibaren Kartal Avicenna Umut Hastanesi\u2019nde g\u00f6rev yapmaktay\u0131m. Kad\u0131n Hastal\u0131klar\u0131 ve Do\u011fum Uzmanl\u0131\u011f\u0131n\u0131 bran\u015f\u0131n\u0131 ilgilendiren b\u00fct\u00fcn hastal\u0131klar\u0131n tan\u0131 ve tedavisini, t\u00fcp bebek uygulamalar\u0131 ve tedavilerini yapmaktay\u0131m. Evli ve 2 \u00e7ocuk babas\u0131y\u0131m.<\/p>\n<\/div>\n<div class=\"cmsmasters_toggle_title\">Tedavi Edilen Hastal\u0131klar<\/div>\n<div class=\"cmsmasters_toggle\">\n<div class=\"cmsmasters_toggle_inner\">\n<ul>\n<li>Kad\u0131n Hastal\u0131klar\u0131 ve Do\u011fum<\/li>\n<li>\u0130nfertilite \u2013 IVF<\/li>\n<li>Yumurtal\u0131k Takibi<\/li>\n<li>Gebelik Takibi<\/li>\n<li>Laparoskopik Cerrahi<\/li>\n<li>Histeroskopi<\/li>\n<\/ul>\n<\/div>\n<\/div>\n<\/div>\n<p>&nbsp;<\/p>\n<div class=\"cmsmasters_toggle_title\">Tedavi Y\u00f6ntemleri<\/div>\n<div class=\"cmsmasters_toggle\">\n<div class=\"cmsmasters_toggle_inner\">\n<ul>\n<li>T\u00fcp Bebek<\/li>\n<li>Yumurta Takibi<\/li>\n<li>Gebelik Takibi<\/li>\n<li>Jinekolojik Ameliyatlar<\/li>\n<\/ul>\n<\/div>\n<\/div>\n<p>&nbsp;<\/p>\n<div class=\"cmsmasters_toggle_title\">Kat\u0131ld\u0131\u011f\u0131 Kongreler<\/div>\n<div class=\"cmsmasters_toggle\">\n<div class=\"cmsmasters_toggle_inner\">\n<ul>\n<li class=\"Standard\">17. Ulusal Jinekolojik ve Obstetrik Kongresi<\/li>\n<li class=\"Standard\">16. Ulusal Jinekolojik ve Obstetrik Kongresi<\/li>\n<\/ul>\n<\/div>\n<\/div>\n<p>&nbsp;<\/p>\n<div class=\"cmsmasters_toggle_title\">\u00dcye Oldu\u011fu Dernek ve Kurulu\u015flar<\/div>\n<div class=\"cmsmasters_toggle\">\n<div class=\"cmsmasters_toggle_inner\">\n<ul>\n<li>T\u00fcrk Perinatoloji Derne\u011fi<\/li>\n<\/ul>\n<\/div>\n<\/div>\n<p>&nbsp;<\/p>\n","protected":false},"excerpt":{"rendered":"<p>1977 \u00c7anakkale do\u011fumluyum. 2001 y\u0131l\u0131nda Cerrahpa\u015fa\u00a0 T\u0131p Fak\u00fcltesi\u2019nden mezun oldum. 2001-2006 y\u0131l\u0131nda SSK G\u00f6ztepe E\u011fitim ve Ara\u015ft\u0131rma Hastanesi\u2019nde ihtisas yapt\u0131m2006-2008 y\u0131llar\u0131 aras\u0131nda zorunlu hizmetler Kayseri Askeri Hastanesi ve Malatya Hekimhan Devlet Hastanesinde yapt\u0131m. Cerrahpa\u015fa T\u0131p Fak\u00fcltesi T\u00fcp Bebek \u00dcnitesinde2008-2009 y\u0131llar\u0131nda t\u00fcp bebek e\u011fitimi ald\u0131m . 2009 y\u0131l\u0131ndan itibaren Kartal Avicenna Umut Hastanesi\u2019nde g\u00f6rev yapmaktay\u0131m. Kad\u0131n [&hellip;]<\/p>\n","protected":false},"author":1,"featured_media":0,"parent":0,"menu_order":0,"comment_status":"closed","ping_status":"closed","template":"","meta":{"ocean_post_layout":"","ocean_both_sidebars_style":"","ocean_both_sidebars_content_width":0,"ocean_both_sidebars_sidebars_width":0,"ocean_sidebar":"0","ocean_second_sidebar":"0","ocean_disable_margins":"enable","ocean_add_body_class":"","ocean_shortcode_before_top_bar":"","ocean_shortcode_after_top_bar":"","ocean_shortcode_before_header":"","ocean_shortcode_after_header":"","ocean_has_shortcode":"","ocean_shortcode_after_title":"","ocean_shortcode_before_footer_widgets":"","ocean_shortcode_after_footer_widgets":"","ocean_shortcode_before_footer_bottom":"","ocean_shortcode_after_footer_bottom":"","ocean_display_top_bar":"default","ocean_display_header":"default","ocean_header_style":"","ocean_center_header_left_menu":"0","ocean_custom_header_template":"0","ocean_custom_logo":0,"ocean_custom_retina_logo":0,"ocean_custom_logo_max_width":0,"ocean_custom_logo_tablet_max_width":0,"ocean_custom_logo_mobile_max_width":0,"ocean_custom_logo_max_height":0,"ocean_custom_logo_tablet_max_height":0,"ocean_custom_logo_mobile_max_height":0,"ocean_header_custom_menu":"0","ocean_menu_typo_font_family":"0","ocean_menu_typo_font_subset":"","ocean_menu_typo_font_size":0,"ocean_menu_typo_font_size_tablet":0,"ocean_menu_typo_font_size_mobile":0,"ocean_menu_typo_font_size_unit":"px","ocean_menu_typo_font_weight":"","ocean_menu_typo_font_weight_tablet":"","ocean_menu_typo_font_weight_mobile":"","ocean_menu_typo_transform":"","ocean_menu_typo_transform_tablet":"","ocean_menu_typo_transform_mobile":"","ocean_menu_typo_line_height":0,"ocean_menu_typo_line_height_tablet":0,"ocean_menu_typo_line_height_mobile":0,"ocean_menu_typo_line_height_unit":"","ocean_menu_typo_spacing":0,"ocean_menu_typo_spacing_tablet":0,"ocean_menu_typo_spacing_mobile":0,"ocean_menu_typo_spacing_unit":"","ocean_menu_link_color":"","ocean_menu_link_color_hover":"","ocean_menu_link_color_active":"","ocean_menu_link_background":"","ocean_menu_link_hover_background":"","ocean_menu_link_active_background":"","ocean_menu_social_links_bg":"","ocean_menu_social_hover_links_bg":"","ocean_menu_social_links_color":"","ocean_menu_social_hover_links_color":"","ocean_disable_title":"default","ocean_disable_heading":"default","ocean_post_title":"","ocean_post_subheading":"","ocean_post_title_style":"","ocean_post_title_background_color":"","ocean_post_title_background":0,"ocean_post_title_bg_image_position":"","ocean_post_title_bg_image_attachment":"","ocean_post_title_bg_image_repeat":"","ocean_post_title_bg_image_size":"","ocean_post_title_height":0,"ocean_post_title_bg_overlay":0.5,"ocean_post_title_bg_overlay_color":"","ocean_disable_breadcrumbs":"default","ocean_breadcrumbs_color":"","ocean_breadcrumbs_separator_color":"","ocean_breadcrumbs_links_color":"","ocean_breadcrumbs_links_hover_color":"","ocean_display_footer_widgets":"default","ocean_display_footer_bottom":"default","ocean_custom_footer_template":"0","ofc_enable_fullscreen":"disable","ofc_fullscreen_speed":0,"ofc_fullscreen_nav":"enable","ofc_fullscreen_nav_pos":"right","ofc_fullscreen_nav_color":"","ofc_fullscreen_nav_tooltip_color":"","ofc_fullscreen_responsive":0,"osh_disable_topbar_sticky":"default","osh_disable_header_sticky":"default","osh_sticky_header_style":"default","osh_sticky_header_effect":"","osh_custom_sticky_logo":0,"osh_custom_retina_sticky_logo":0,"osh_custom_sticky_logo_height":0,"osh_background_color":"","osh_links_color":"","osh_links_hover_color":"","osh_links_active_color":"","osh_links_bg_color":"","osh_links_hover_bg_color":"","osh_links_active_bg_color":"","osh_menu_social_links_color":"","osh_menu_social_hover_links_color":"","_joinchat":[],"footnotes":""},"class_list":["post-9249","page","type-page","status-publish","hentry","entry"],"_links":{"self":[{"href":"https:\/\/avicennahospitals.com\/tr\/wp-json\/wp\/v2\/pages\/9249","targetHints":{"allow":["GET"]}}],"collection":[{"href":"https:\/\/avicennahospitals.com\/tr\/wp-json\/wp\/v2\/pages"}],"about":[{"href":"https:\/\/avicennahospitals.com\/tr\/wp-json\/wp\/v2\/types\/page"}],"author":[{"embeddable":true,"href":"https:\/\/avicennahospitals.com\/tr\/wp-json\/wp\/v2\/users\/1"}],"replies":[{"embeddable":true,"href":"https:\/\/avicennahospitals.com\/tr\/wp-json\/wp\/v2\/comments?post=9249"}],"version-history":[{"count":3,"href":"https:\/\/avicennahospitals.com\/tr\/wp-json\/wp\/v2\/pages\/9249\/revisions"}],"predecessor-version":[{"id":9623,"href":"https:\/\/avicennahospitals.com\/tr\/wp-json\/wp\/v2\/pages\/9249\/revisions\/9623"}],"wp:attachment":[{"href":"https:\/\/avicennahospitals.com\/tr\/wp-json\/wp\/v2\/media?parent=9249"}],"curies":[{"name":"wp","href":"https:\/\/api.w.org\/{rel}","templated":true}]}}