{"id":8367,"date":"2024-11-25T22:54:00","date_gmt":"2024-11-25T19:54:00","guid":{"rendered":"https:\/\/avicennahospitals.com\/cardiology\/"},"modified":"2024-12-16T10:56:18","modified_gmt":"2024-12-16T07:56:18","slug":"kardiyoloji","status":"publish","type":"page","link":"https:\/\/avicennahospitals.com\/tr\/kardiyoloji\/","title":{"rendered":"Kardiyoloji"},"content":{"rendered":"\n<figure class=\"wp-block-image size-full\"><img fetchpriority=\"high\" decoding=\"async\" width=\"800\" height=\"450\" src=\"https:\/\/avicennahospitals.com\/wp-content\/uploads\/2024\/11\/kardiyoloji-e.webp\" alt=\"\" class=\"wp-image-7299\" srcset=\"https:\/\/avicennahospitals.com\/wp-content\/uploads\/2024\/11\/kardiyoloji-e.webp 800w, https:\/\/avicennahospitals.com\/wp-content\/uploads\/2024\/11\/kardiyoloji-e-300x169.webp 300w, https:\/\/avicennahospitals.com\/wp-content\/uploads\/2024\/11\/kardiyoloji-e-768x432.webp 768w\" sizes=\"(max-width: 800px) 100vw, 800px\" \/><\/figure>\n\n\n\n<p>Avicenna Hastaneleri Kardiyoloji B\u00f6l\u00fcm\u00fc, kalp hastal\u0131klar\u0131 konusunda uzman doktor kadrosuyla tan\u0131 ve tedavi s\u00fcre\u00e7lerini y\u00f6netmektedir. Bu s\u00fcre\u00e7lerde modern t\u0131bb\u0131n neredeyse b\u00fct\u00fcn imkanlar\u0131ndan faydalan\u0131lmaktad\u0131r.<\/p>\n\n\n\n<h2 class=\"wp-block-heading\"><strong>Kalp Hastal\u0131klar\u0131<\/strong><\/h2>\n\n\n\n<p>Avicenna Hastaneleri Kardiyoloji B\u00f6l\u00fcm\u00fc, hem yeni d\u00fcnyaya gelen bebeklere hem de ileri ya\u015flarda kalp hastal\u0131klar\u0131 ya\u015fayan hastalara hizmet verir. Bu s\u00fcre\u00e7te her ya\u015ftan hastam\u0131za uzman doktor kadromuzla beraber muayene, te\u015fhis ve tedavi hizmeti sunuyoruz. \u00d6te yandan koroner yo\u011fun bak\u0131m hizmetinde de hastalar\u0131m\u0131z\u0131n yan\u0131nday\u0131z.<\/p>\n\n\n\n<h2 class=\"wp-block-heading\">Kalp Hastal\u0131klar\u0131 Testleri<\/h2>\n\n\n\n<p>Avicenna Hastaneleri\u2019nde muayeneler haftan\u0131n 6 g\u00fcn\u00fc yap\u0131lmaktad\u0131r. Bu kontroller alanlar\u0131nda uzman ve tecr\u00fcbeli hekimlerimizce yap\u0131l\u0131r.<\/p>\n\n\n\n<h3 class=\"wp-block-heading\">Elektrokardiyografi EKG<\/h3>\n\n\n\n<p>EKG basit bir a\u00e7\u0131klama ile kalp kaslar\u0131n\u0131n ve sinirsel iletim sisteminin detayl\u0131 olarak incelenmesidir. Bu s\u00fcre\u00e7te kalpte ya\u015fanan elektrik hareketleri kay\u0131t alt\u0131na al\u0131n\u0131r. Elektrokardiyografi, doktorlar\u0131n muayene s\u0131ras\u0131nda fark\u0131na vard\u0131\u011f\u0131 belirtiler ile birlikte incelendi\u011fi zaman \u00e7ok daha do\u011fru sonu\u00e7lar verir. EKG tek ba\u015f\u0131na yeterli bir test y\u00f6ntemi de\u011fildir ve yan\u0131nda tahlil ve film gibi testler de gerekebilir. EKG, \u00f6zel olarak kalp damar t\u0131kan\u0131kl\u0131klar\u0131, ritm bozukluklar\u0131, kalp kapak hastal\u0131klar\u0131 ve yetersiz kalp gibi tan\u0131lar\u0131n koyulabilmesi i\u00e7in olduk\u00e7a \u00f6nemli bir y\u00f6ntemdir.<\/p>\n\n\n\n<h3 class=\"wp-block-heading\">EFOR Treadmill<\/h3>\n\n\n\n<p>Efor testi, kalp hastal\u0131klar\u0131 ara\u015ft\u0131rmalar\u0131nda olduk\u00e7a b\u00fcy\u00fck \u00f6nem ta\u015f\u0131yan bir testtir. Tan\u0131s\u0131 koyulan bir hastan\u0131n tedavi s\u00fcrecinin incelenmesi eforla birlikte sa\u011flan\u0131r. Bunun yan\u0131nda, kalp at\u0131\u015flar\u0131ndaki d\u00fczensizlikler de efor ile incelenir. T\u00fcrl\u00fc t\u00fcrl\u00fc kalp hastal\u0131\u011f\u0131n\u0131n incelenmesinde hastan\u0131n efor yapabilme kapasitesine bak\u0131l\u0131r. Ayr\u0131ca, hipertansiyon hastalar\u0131nda eforun kan bas\u0131nc\u0131 \u00fczerindeki etkisi incelenir. Yine kalp kapak hastas\u0131 bir bireyin ameliyat zaman\u0131 da efor ile belirlenebilir.<\/p>\n\n\n\n<h3 class=\"wp-block-heading\">EFOR Testi Nas\u0131l Yap\u0131l\u0131r?<\/h3>\n\n\n\n<p>Efor testi esnas\u0131nda hastalar bir ko\u015fu band\u0131na \u00e7\u0131kar ve y\u00fcr\u00fcmeye ba\u015flar. Hastan\u0131n y\u00fcr\u00fcyece\u011fi h\u0131z ve e\u011fim, doktorun ayarlamalar\u0131yla belirlenir. Doktor yapt\u0131\u011f\u0131 hamlelerle y\u00fcr\u00fcy\u00fc\u015f\u00fcn temposunu belirler ve hastan\u0131n kalp at\u0131\u015f h\u0131z\u0131n\u0131n y\u00fckselmesini sa\u011flar. Bu y\u00fczden efor testi, ilk ba\u015flang\u0131\u00e7 a\u015famas\u0131ndan, en son ana kadar uzman ve tecr\u00fcbeli bir doktor ile ger\u00e7ekle\u015ftirilmelidir. Kalp hastal\u0131klar\u0131 a\u00e7\u0131s\u0131ndan efor testi olduk\u00e7a b\u00fcy\u00fck \u00f6nem ta\u015f\u0131r ve tan\u0131 ile te\u015fhis i\u00e7in vazge\u00e7ilmez bir y\u00f6ntemdir. Efor sonu\u00e7lar\u0131, tetkiklerin bitmesiyle birlikte an\u0131nda verilmektedir. Efor testinden 3 saat \u00f6nce hafif bir yemek yenemesi gerekmektedir. Ard\u0131ndan abartmamak kayd\u0131yla az seviyede su i\u00e7ilebilir ama yemek yenemez. \u00d6nceden \u00e7ekilmi\u015f bir EKG var ise, efor testine girmek i\u00e7in gelirken hastan\u0131n yan\u0131nda getirmesi gerekmektedir. Erkek hastalar\u0131n g\u00f6\u011f\u00fcs b\u00f6lgesindeki k\u0131llar\u0131 tra\u015f etmeleri gerekmektedir. Kad\u0131n hastalar\u0131m\u0131z\u0131n giyimini efora g\u00f6re ayarlamalar\u0131 tavsiye edilebilir. \u00d6te yandan efor testine girmeden \u00f6nce doktor, hastalardan kimi ila\u00e7lar\u0131 i\u00e7meyi b\u0131rakmalar\u0131n\u0131 isteyebilir. Bunun \u00f6nceden konu\u015fulup kararla\u015ft\u0131r\u0131lmas\u0131 gerekmektedir.<\/p>\n\n\n\n<h3 class=\"wp-block-heading\">N\u00fckleer Kardiyoloji<\/h3>\n\n\n\n<p>N\u00fckleer kardiyoloji, infarkt\u00fcs g\u00f6r\u00fcnt\u00fcleme, d\u00fczlemsel g\u00f6r\u00fcnt\u00fcleme, miyokard perf\u00fczyon g\u00f6r\u00fcnt\u00fcleme ile tek foton emisyonlu bilgisayarl\u0131 tomografi (Spect) yard\u0131m\u0131yla kalp damar problemlerinin en iyi halde tan\u0131s\u0131n\u0131n koyulmas\u0131na odaklanan y\u00f6ntemler b\u00fct\u00fcn\u00fcd\u00fcr.<\/p>\n\n\n\n<h3 class=\"wp-block-heading\">Giri\u015fimsel Kardiyoloji<\/h3>\n\n\n\n<p>Giri\u015fimsel kardiyoloji en \u00f6zet tan\u0131m ile, koroner arter hastal\u0131\u011f\u0131, do\u011fu\u015ftan gelen kalp ve valv\u00fcler s\u0131k\u0131nt\u0131lar\u0131n tedavi s\u00fcrecinde intravask\u00fcler kateter odakl\u0131 y\u00f6ntemlerin uygulanmas\u0131n\u0131 i\u00e7ine dahil eden y\u00f6ntemler b\u00fct\u00fcn\u00fcd\u00fcr. Giri\u015fimsel kardiyoloji ile ilgilenen kardiyologlar, kalp hastal\u0131klar\u0131 ve kardiyoloji i\u00e7in do\u011fu\u015ftan kalp defekti d\u00fczeltmeleri, valv\u00fcloplastiler, koroner trombektomi ve anjiyoplastiler ile ilgilenirler.<\/p>\n\n\n\n<h3 class=\"wp-block-heading\">Kardiyak Elektrofizyoloji<\/h3>\n\n\n\n<p>Kalp i\u00e7erisinde yer alan kateter ismini alan, ince t\u00fcpler yollayarak kalbin elektriksel b\u00fct\u00fcn\u00fcn\u00fc inceleme y\u00f6ntemidir. Elektrofizyoloji tetkikleri, kalp i\u00e7risindeki elektrik sinyallerinin \u00f6l\u00e7\u00fcm\u00fcn\u00fc, ritim bozukluklar\u0131n\u0131 ve h\u0131zland\u0131r\u0131lan kalp at\u0131\u015flar\u0131n\u0131 yani ta\u015fikardiyi \u00f6l\u00e7er.<\/p>\n\n\n\n<h2 class=\"wp-block-heading\">Kardiyoloji Nedir?<\/h2>\n\n\n\n<p>Kalp hastal\u0131klar\u0131 ya\u015fayan insanlar, genel olarak kardiyoloji nedir diye merak eder. Bu merak hastalar\u0131 kardiyoloji nedir diye ara\u015ft\u0131rmaya iter. Konjenital kalp defekti, koroner arter hastal\u0131\u011f\u0131, elektrofizyoloji, kalp yetersizli\u011fi ve kapak hastal\u0131klar\u0131 gibi problemlerin tan\u0131lar\u0131n\u0131n koyulmas\u0131nda ve tedavilerinin ger\u00e7ekle\u015ftirilmesinde kardiyoloji b\u00f6l\u00fcm\u00fc \u00f6ne \u00e7\u0131kar. Dolay\u0131s\u0131yla kardiyoloji, bu hastal\u0131klar\u0131n t\u00fcm\u00fcyle ilgilenen birime denir. G\u00f6\u011f\u00fcs b\u00f6lgesinde a\u011fr\u0131 ya\u015fayan, kalp at\u0131\u015f\u0131nda farkl\u0131l\u0131klar hisseden ya da ritm bozuklu\u011fu korkusu ya\u015fayan insanlar genel olarak kardiyoloji b\u00f6l\u00fcm\u00fcne gider.<\/p>\n\n\n\n<h2 class=\"wp-block-heading\">Kardiyolog Nedir?<\/h2>\n\n\n\n<p>Kalp hastal\u0131klar\u0131 b\u00f6l\u00fcm\u00fc olan kardiyoloji, kardiyovask\u00fcler sistem bozuklu\u011funun, arter ve damar incelemesinin ve tedavisinin yap\u0131ld\u0131\u011f\u0131 b\u00f6l\u00fcmd\u00fcr. Kardiyolojlar, kalp hastal\u0131klar\u0131 konusunda uzmanla\u015fm\u0131\u015f olurlar. Bu kapsamda \u00e7e\u015fitli kalp hastal\u0131klar\u0131n\u0131n tan\u0131 ve tedavilerinden sorumlu olurlar. Bir di\u011fer deyi\u015fle tan\u0131 koyabilmek ad\u0131na testler yaparlar, bu testlerin sonu\u00e7lar\u0131n\u0131 inceler ve yorumlarlar. Anjiyoplasti de dahil olmak \u00fczere t\u00fcm prosed\u00fcrleri hayata ge\u00e7irebilirler. Kardiyoloji uzmanlar\u0131 g\u00f6\u011f\u00fcs ve kalp ameliyat\u0131 yapan cerrahlar ile kar\u015f\u0131la\u015ft\u0131r\u0131lmamal\u0131d\u0131rlar.<\/p>\n\n\n\n<h2 class=\"wp-block-heading\">Kardiyoloji Hangi Kalp Hastal\u0131klar\u0131 ile \u0130lgilenir?<\/h2>\n\n\n\n<p>Kardiyologlarca tan\u0131s\u0131 koyulan ve tedavi edilen kalp hastal\u0131klar\u0131 merak edildi\u011fi takdirde, \u015fu sonu\u00e7lara ula\u015f\u0131lmaktad\u0131r: Ventrik\u00fcler hipertrofi, primer t\u00fcm\u00f6r, kalp yetmezli\u011fi, asistol ve ventrik\u00fcler fibrilasyon, perikardiyal ef\u00fczyon, perikard bozukluklar\u0131, kardiyomiyopati ve kalp kaslar\u0131 bozukluklar\u0131, aort, mitral, pulmoner ve trik\u00fcspit kapak s\u0131k\u0131nt\u0131lar\u0131, akut koroner sendrom, anjina pektoris, ateroskleroz, koroner kalp hastal\u0131\u011f\u0131, miyokardiyal enfarkt\u00fcs, restenoz dola\u015f\u0131m s\u0131k\u0131nt\u0131lar\u0131, konjenital kalp defektleri, ateroskleroz, anevrizma, derin ven trombozu, varis ve vask\u00fclit gibi kardiyovask\u00fcler problemler.<\/p>\n\n\n\n<h2 class=\"wp-block-heading\">Kardiyoloji Hastal\u0131klar\u0131nda Belirtiler Nelerdir?<\/h2>\n\n\n\n<p>\u00c7arp\u0131nt\u0131, baz\u0131 kalp hastal\u0131klar\u0131nda istemsiz kilo kayb\u0131,\u00a0<a href=\"https:\/\/avicennahospitals.com\/gogus-agrisi\/\" target=\"_blank\" rel=\"noreferrer noopener\">g\u00f6\u011f\u00fcs a\u011fr\u0131s\u0131<\/a>, solunum g\u00fc\u00e7l\u00fc\u011f\u00fc, gece idrara \u00e7\u0131kma, kalp kapak\u00e7\u0131klar\u0131ndan dolay\u0131 meydana gelen kan kusma, solunum g\u00fc\u00e7l\u00fc\u011f\u00fcn\u00fcn a\u011f\u0131rla\u015fmas\u0131ndan dolay\u0131 meydana gelen ortopne, sertle\u015fme problemi, bay\u0131lma ve nefes darl\u0131\u011f\u0131 gibi belirtilerdir.<\/p>\n\n\n\n<h2 class=\"wp-block-heading\">\u00c7ocuk Kardiyolojisi<\/h2>\n\n\n\n<p>\u00c7ocuk kardiyoloji b\u00f6l\u00fcm\u00fc, anne karn\u0131ndaki bir bebe\u011fin kalp hastal\u0131\u011f\u0131n\u0131n bulunmas\u0131ndan tutun da, do\u011fum sonras\u0131nda olu\u015fabilecek b\u00fct\u00fcn kalp hastal\u0131klar\u0131na kadar tamam\u0131n\u0131 i\u00e7erisine al\u0131r. \u00d6te yandan sonradan geli\u015febilecek olan kalp romatizmas\u0131 gibi s\u0131k\u0131nt\u0131lar da, bu b\u00f6l\u00fcm taraf\u0131ndan incelenir. Ayr\u0131ca, \u00e7ocukluk \u00e7a\u011f\u0131nda g\u00f6r\u00fclebilen ritm bozukluklar\u0131n\u0131n tan\u0131 ve tedavisinde yine Avicenna Hastaneleri\u2019nin uzman kardiyologlar\u0131na ba\u015fvurulabilir. \u00c7ocuk kardiyolojisi pediatrik kardiyoloji ad\u0131yla da an\u0131l\u0131r. \u00c7ocuk kardiyolojisi cerrahi m\u00fcdahale gerektirmeden anjiyo yapabilir ve kalp deli\u011fi kapatabilir. Balon i\u015flemleri gibi \u00e7e\u015fitli giri\u015fimsel i\u015flem de yine \u00e7ocuk kardiyologlar\u0131 taraf\u0131ndan ger\u00e7ekle\u015ftirilebilir.<\/p>\n\n\n\n<h3 class=\"wp-block-heading\">S\u0131k\u00e7a Sorulan Sorular<\/h3>\n\n\n\n<p><strong>Kalbe ne ile bak\u0131l\u0131r?<\/strong><\/p>\n\n\n\n<p><a href=\"https:\/\/avicennahospitals.com\/bilgisayarli-tomografi\/\" target=\"_blank\" rel=\"noreferrer noopener\">Bilgisayarl\u0131 tomografi<\/a>\u00a0(BT) ile kalbin anatomik \u00f6zelliklerini ve kalp damarlar\u0131n\u0131n g\u00f6r\u00fcnt\u00fclenmesini sa\u011flar. Ayn\u0131 zamanda kalp MR\u2019\u0131 da kalbin i\u00e7indeki kitleleri g\u00f6r\u00fcnt\u00fcler.<\/p>\n\n\n\n<p><strong>Kalp sa\u011fl\u0131\u011f\u0131n\u0131 korumak i\u00e7in neler yap\u0131l\u0131r?<\/strong><\/p>\n\n\n\n<p>Hayat\u0131n\u0131zda zararl\u0131 oldu\u011funu d\u00fc\u015f\u00fcnd\u00fc\u011f\u00fcn\u00fcz ne varsa atmal\u0131, kilonuza dikkat etmeli, hamurlu yiyeceklerden uzak durmal\u0131, tuza dikkat etmeli, egzersiz yapmal\u0131, risk fakt\u00f6rlerini g\u00f6zden ge\u00e7irmeli, do\u011fal beslenmeli, ihtiyac\u0131n\u0131z kadar su i\u00e7meli, temiz hava al\u0131p stresten uzak durmal\u0131 ve uykunuzu \u00f6nemsemelisiniz.<\/p>\n\n\n\n<p><strong>Kardiyoloji ve kalp damar cerrahisi aras\u0131ndaki fark nedir?<\/strong><\/p>\n\n\n\n<p>Kardiyoloji b\u00f6l\u00fcm\u00fc taraf\u0131ndan konulan tan\u0131, ila\u00e7 ve benzer tedavi y\u00f6ntemleri sonucunda i\u015fe yaramazsa,\u00a0<a href=\"https:\/\/avicennahospitals.com\/tibbi-bolum\/kalp-damar-cerrahisi\/\" target=\"_blank\" rel=\"noreferrer noopener\">kalp damar cerrahisi<\/a>\u00a0b\u00f6l\u00fcm\u00fcne y\u00f6nlendirilir. Bu b\u00f6l\u00fcmde kalp ameliyatlar\u0131 yap\u0131l\u0131r. cardiology and rehabilitation experts work with you to improve your health,\u00a0so you can get back to your normal life.<\/p>\n","protected":false},"excerpt":{"rendered":"<p>Avicenna Hastaneleri Kardiyoloji B\u00f6l\u00fcm\u00fc, kalp hastal\u0131klar\u0131 konusunda uzman doktor kadrosuyla tan\u0131 ve tedavi s\u00fcre\u00e7lerini y\u00f6netmektedir. Bu s\u00fcre\u00e7lerde modern t\u0131bb\u0131n neredeyse b\u00fct\u00fcn imkanlar\u0131ndan faydalan\u0131lmaktad\u0131r. Kalp Hastal\u0131klar\u0131 Avicenna Hastaneleri Kardiyoloji B\u00f6l\u00fcm\u00fc, hem yeni d\u00fcnyaya gelen bebeklere hem de ileri ya\u015flarda kalp hastal\u0131klar\u0131 ya\u015fayan hastalara hizmet verir. Bu s\u00fcre\u00e7te her ya\u015ftan hastam\u0131za uzman doktor kadromuzla beraber muayene, te\u015fhis [&hellip;]<\/p>\n","protected":false},"author":1,"featured_media":0,"parent":0,"menu_order":0,"comment_status":"closed","ping_status":"closed","template":"","meta":{"ocean_post_layout":"full-width","ocean_both_sidebars_style":"","ocean_both_sidebars_content_width":0,"ocean_both_sidebars_sidebars_width":0,"ocean_sidebar":"","ocean_second_sidebar":"","ocean_disable_margins":"enable","ocean_add_body_class":"","ocean_shortcode_before_top_bar":"","ocean_shortcode_after_top_bar":"","ocean_shortcode_before_header":"","ocean_shortcode_after_header":"","ocean_has_shortcode":"","ocean_shortcode_after_title":"","ocean_shortcode_before_footer_widgets":"","ocean_shortcode_after_footer_widgets":"","ocean_shortcode_before_footer_bottom":"","ocean_shortcode_after_footer_bottom":"","ocean_display_top_bar":"default","ocean_display_header":"default","ocean_header_style":"","ocean_center_header_left_menu":"","ocean_custom_header_template":"","ocean_custom_logo":0,"ocean_custom_retina_logo":0,"ocean_custom_logo_max_width":0,"ocean_custom_logo_tablet_max_width":0,"ocean_custom_logo_mobile_max_width":0,"ocean_custom_logo_max_height":0,"ocean_custom_logo_tablet_max_height":0,"ocean_custom_logo_mobile_max_height":0,"ocean_header_custom_menu":"","ocean_menu_typo_font_family":"","ocean_menu_typo_font_subset":"","ocean_menu_typo_font_size":0,"ocean_menu_typo_font_size_tablet":0,"ocean_menu_typo_font_size_mobile":0,"ocean_menu_typo_font_size_unit":"px","ocean_menu_typo_font_weight":"","ocean_menu_typo_font_weight_tablet":"","ocean_menu_typo_font_weight_mobile":"","ocean_menu_typo_transform":"","ocean_menu_typo_transform_tablet":"","ocean_menu_typo_transform_mobile":"","ocean_menu_typo_line_height":0,"ocean_menu_typo_line_height_tablet":0,"ocean_menu_typo_line_height_mobile":0,"ocean_menu_typo_line_height_unit":"","ocean_menu_typo_spacing":0,"ocean_menu_typo_spacing_tablet":0,"ocean_menu_typo_spacing_mobile":0,"ocean_menu_typo_spacing_unit":"","ocean_menu_link_color":"","ocean_menu_link_color_hover":"","ocean_menu_link_color_active":"","ocean_menu_link_background":"","ocean_menu_link_hover_background":"","ocean_menu_link_active_background":"","ocean_menu_social_links_bg":"","ocean_menu_social_hover_links_bg":"","ocean_menu_social_links_color":"","ocean_menu_social_hover_links_color":"","ocean_disable_title":"default","ocean_disable_heading":"default","ocean_post_title":"","ocean_post_subheading":"","ocean_post_title_style":"","ocean_post_title_background_color":"","ocean_post_title_background":0,"ocean_post_title_bg_image_position":"","ocean_post_title_bg_image_attachment":"","ocean_post_title_bg_image_repeat":"","ocean_post_title_bg_image_size":"","ocean_post_title_height":0,"ocean_post_title_bg_overlay":0.5,"ocean_post_title_bg_overlay_color":"","ocean_disable_breadcrumbs":"default","ocean_breadcrumbs_color":"","ocean_breadcrumbs_separator_color":"","ocean_breadcrumbs_links_color":"","ocean_breadcrumbs_links_hover_color":"","ocean_display_footer_widgets":"default","ocean_display_footer_bottom":"default","ocean_custom_footer_template":"","ofc_enable_fullscreen":"disable","ofc_fullscreen_speed":0,"ofc_fullscreen_nav":"enable","ofc_fullscreen_nav_pos":"right","ofc_fullscreen_nav_color":"","ofc_fullscreen_nav_tooltip_color":"","ofc_fullscreen_responsive":0,"osh_disable_topbar_sticky":"default","osh_disable_header_sticky":"default","osh_sticky_header_style":"default","osh_sticky_header_effect":"","osh_custom_sticky_logo":0,"osh_custom_retina_sticky_logo":0,"osh_custom_sticky_logo_height":0,"osh_background_color":"","osh_links_color":"","osh_links_hover_color":"","osh_links_active_color":"","osh_links_bg_color":"","osh_links_hover_bg_color":"","osh_links_active_bg_color":"","osh_menu_social_links_color":"","osh_menu_social_hover_links_color":"","_joinchat":[],"footnotes":""},"class_list":["post-8367","page","type-page","status-publish","hentry","entry"],"_links":{"self":[{"href":"https:\/\/avicennahospitals.com\/tr\/wp-json\/wp\/v2\/pages\/8367","targetHints":{"allow":["GET"]}}],"collection":[{"href":"https:\/\/avicennahospitals.com\/tr\/wp-json\/wp\/v2\/pages"}],"about":[{"href":"https:\/\/avicennahospitals.com\/tr\/wp-json\/wp\/v2\/types\/page"}],"author":[{"embeddable":true,"href":"https:\/\/avicennahospitals.com\/tr\/wp-json\/wp\/v2\/users\/1"}],"replies":[{"embeddable":true,"href":"https:\/\/avicennahospitals.com\/tr\/wp-json\/wp\/v2\/comments?post=8367"}],"version-history":[{"count":2,"href":"https:\/\/avicennahospitals.com\/tr\/wp-json\/wp\/v2\/pages\/8367\/revisions"}],"predecessor-version":[{"id":8394,"href":"https:\/\/avicennahospitals.com\/tr\/wp-json\/wp\/v2\/pages\/8367\/revisions\/8394"}],"wp:attachment":[{"href":"https:\/\/avicennahospitals.com\/tr\/wp-json\/wp\/v2\/media?parent=8367"}],"curies":[{"name":"wp","href":"https:\/\/api.w.org\/{rel}","templated":true}]}}