{"id":8343,"date":"2024-12-03T11:18:55","date_gmt":"2024-12-03T08:18:55","guid":{"rendered":"https:\/\/avicennahospitals.com\/brain-and-nerve-surgery-neurosurgery\/"},"modified":"2024-12-16T10:46:40","modified_gmt":"2024-12-16T07:46:40","slug":"beyin-ve-sinir-cerrahisi-norosirurji","status":"publish","type":"page","link":"https:\/\/avicennahospitals.com\/tr\/beyin-ve-sinir-cerrahisi-norosirurji\/","title":{"rendered":"Beyin ve Sinir Cerrahisi (N\u00f6ro\u015fir\u00fcrji)"},"content":{"rendered":"\n<figure class=\"wp-block-image size-full\"><img fetchpriority=\"high\" decoding=\"async\" width=\"800\" height=\"450\" src=\"https:\/\/avicennahospitals.com\/wp-content\/uploads\/2024\/12\/beyin-ve-sinir-cerrahisi-e.webp\" alt=\"\" class=\"wp-image-7364\" srcset=\"https:\/\/avicennahospitals.com\/wp-content\/uploads\/2024\/12\/beyin-ve-sinir-cerrahisi-e.webp 800w, https:\/\/avicennahospitals.com\/wp-content\/uploads\/2024\/12\/beyin-ve-sinir-cerrahisi-e-300x169.webp 300w, https:\/\/avicennahospitals.com\/wp-content\/uploads\/2024\/12\/beyin-ve-sinir-cerrahisi-e-768x432.webp 768w\" sizes=\"(max-width: 800px) 100vw, 800px\" \/><\/figure>\n\n\n\n<p>Avicenna Hastaneleri N\u00f6ro\u015fir\u00fcrji b\u00f6l\u00fcm\u00fc, beyin ve omurilik dokusundan kaynaklanan ya da bu dokulara zarar veren hastal\u0131klar\u0131n tan\u0131, tedavi ve g\u00f6zlem s\u00fcre\u00e7lerini y\u00fcr\u00fctmektedir. Peki, beyin ve sinir cerrahisi olarak da bilinen n\u00f6ro\u015fir\u00fcrji nedir? Hangi hastal\u0131klar\u0131 tedavi eder?<\/p>\n\n\n\n<h2 class=\"wp-block-heading\"><\/h2>\n\n\n\n<h2 class=\"wp-block-heading\">N\u00f6ro\u015fir\u00fcrji Nedir?<\/h2>\n\n\n\n<h2 class=\"wp-block-heading\"><\/h2>\n\n\n\n<p>Beyin ve omurilik dokusundan dolay\u0131 olu\u015fan hastal\u0131klar veya bu dokulara zarar veren t\u00fcm\u00f6r gibi hastal\u0131klar\u0131n tedavisi n\u00f6ro\u015fir\u00fcrji b\u00f6l\u00fcm\u00fc taraf\u0131ndan yap\u0131lmaktad\u0131r. Ayr\u0131ca a\u015fa\u011f\u0131da yer alan hastal\u0131klar da n\u00f6ro\u015fir\u00fcrji b\u00f6l\u00fcm\u00fc taraf\u0131ndan tedavi edilmektedir:<\/p>\n\n\n\n<h2 class=\"wp-block-heading\"><\/h2>\n\n\n\n<ul class=\"wp-block-list\">\n<li>Bel ve boyun f\u0131t\u0131\u011f\u0131<\/li>\n\n\n\n<li>Omurilik ve kafa yaralanmalar\u0131<\/li>\n\n\n\n<li>Beyin damar t\u0131kan\u0131kl\u0131klar\u0131<\/li>\n\n\n\n<li>Beyin kanamalar\u0131<\/li>\n\n\n\n<li>Beyin ve omurilik beslenmesinden sorumlu damarlarda anevrizma (baloncukla\u015fma) olu\u015fmas\u0131<\/li>\n\n\n\n<li>Boyun damarlar\u0131nda olu\u015fan t\u0131kanmalar ve daralmalar<\/li>\n\n\n\n<li>Yeni do\u011fanlarda sinir sistemi olu\u015fumu hastal\u0131klar\u0131<\/li>\n\n\n\n<li>\u0130la\u00e7la tedavisi m\u00fcmk\u00fcn olmayan epilepsi<\/li>\n\n\n\n<li>Baz\u0131 parkinson vakalar\u0131n\u0131n cerrahisi<\/li>\n<\/ul>\n\n\n\n<h2 class=\"wp-block-heading\"><\/h2>\n\n\n\n<p>N\u00f6ro\u015fir\u00fcrji, n\u00f6ron ve \u015fir\u00fcrji kelimelerinin birle\u015fmesiyle t\u00fcretilmi\u015f bir kelimedir. \u201cSinir sistemi yaralar\u0131n\u0131 iyi eden\u201d anlam\u0131na gelmektedir. Beyin ve sinir cerrahisi b\u00f6l\u00fcm\u00fc, hem \u00e7ocuklar\u0131n hem de yeti\u015fkinlerin hastal\u0131klar\u0131n\u0131n tan\u0131 ve tedavisini yapmaktad\u0131r<\/p>\n\n\n\n<h2 class=\"wp-block-heading\"><\/h2>\n\n\n\n<h2 class=\"wp-block-heading\">Omurga ve Omurilik Cerrahisi<\/h2>\n\n\n\n<h3 class=\"wp-block-heading\">Bel, Boyun, S\u0131rt F\u0131t\u0131klar\u0131<\/h3>\n\n\n\n<p>Bel-boyun ve s\u0131rt f\u0131t\u0131klar\u0131 omurlar aras\u0131nda yast\u0131k g\u00f6revi g\u00f6ren, y\u00fck\u00fcn ta\u015f\u0131nmas\u0131na yard\u0131m eden k\u0131k\u0131rdak yap\u0131n\u0131n y\u0131pranma sonras\u0131 kolay y\u0131rt\u0131l\u0131r hale gelmesiyle birlikte zorlama esnas\u0131nda olu\u015fan y\u0131rt\u0131klar\u0131n a\u011fr\u0131 olu\u015fturmas\u0131yla karakterizedir. %15\u2019inde cerrahi m\u00fcdahale gerekmektedir.<\/p>\n\n\n\n<h3 class=\"wp-block-heading\">Boyunda \/ Belde kanal daralmas\u0131<\/h3>\n\n\n\n<p>Boyun\/belde kanal daralmas\u0131na ba\u011fl\u0131 olarak, kanal i\u00e7erisinde bulunan omurilik ve ondan ayr\u0131lan sinirlerin s\u0131k\u0131\u015fmas\u0131yla seyreden bir durumdur. Tedavisi sadece cerrahi m\u00fcdahale ile kanal\u0131n geni\u015fletilerek s\u0131k\u0131\u015fm\u0131\u015f omurilik ve sinirlerin rahatlat\u0131lmas\u0131 \u015feklindedir.<\/p>\n\n\n\n<h3 class=\"wp-block-heading\">&nbsp;Bel Kaymas\u0131 (Spondilolistezis)<\/h3>\n\n\n\n<p>Omur kemiklerinin birbirlerine ba\u011flanmas\u0131n\u0131 sa\u011flayan kilit mekanizmas\u0131n\u0131n hasarlanmas\u0131 sonucu bir omurun di\u011feri \u00fczerinde \u00f6ne kaymas\u0131d\u0131r. Ya\u015fam kalitesini bozacak derecede a\u011fr\u0131 olu\u015fturan \/ kom\u015fulu\u011fundaki omurilik\/sinirlere hasar verecek boyutta olanlarda cerrahi m\u00fcdahale yap\u0131l\u0131r.<\/p>\n\n\n\n<h3 class=\"wp-block-heading\">&nbsp;Omurilik T\u00fcm\u00f6rleri<\/h3>\n\n\n\n<p>Nadir g\u00f6r\u00fcl\u00fcrler. \u00c7ocukluk \u00e7a\u011f\u0131nda g\u00f6r\u00fclmeleri daha da nadirdir. \u0130yi veya k\u00f6t\u00fc huylu olabilirler.<\/p>\n\n\n\n<h3 class=\"wp-block-heading\">&nbsp;Omurga K\u0131r\u0131klar\u0131<\/h3>\n\n\n\n<p>Kaza sonucu olu\u015fanlar\u0131n yan\u0131 s\u0131ra, ilerleyen ya\u015fla birlikte bozulan kemik kalitesine ba\u011fl\u0131 olarak s\u0131kl\u0131kla ileri ya\u015f gurubunda g\u00f6r\u00fcl\u00fcrler.<\/p>\n\n\n\n<h2 class=\"wp-block-heading\">Beyin Cerrahisi<\/h2>\n\n\n\n<h3 class=\"wp-block-heading\">Beyin T\u00fcm\u00f6rleri<\/h3>\n\n\n\n<p>Her ya\u015f gurubunda g\u00f6r\u00fclebilirler. \u0130yi\/ k\u00f6t\u00fc huylu olabilirler. \u0130yi huylu olanlar\u0131 k\u00fc\u00e7\u00fck boyutlu ise izlenebilirler. Belirli bir boyuta ula\u015farak beyin dokusuna bask\u0131 uygulayanlar ve k\u00f6t\u00fc huylularda tek tedavi, cerrahi m\u00fcdahaledir.<\/p>\n\n\n\n<h3 class=\"wp-block-heading\">Beyin Kanamalar\u0131<\/h3>\n\n\n\n<p>Genellikle y\u00fcksek tansiyon\/travmaya ba\u011fl\u0131 olu\u015furlar. Hayati tehlikeleri y\u00fcksek patolojilerdir. \u00c7ap\u0131 3 cmden k\u00fc\u00e7\u00fck ve derinde yerle\u015fenler d\u0131\u015f\u0131nda cerrahi m\u00fcdahale tercih edilir.<\/p>\n\n\n\n<h3 class=\"wp-block-heading\">&nbsp;Normal Bas\u0131n\u00e7l\u0131 Hidrosefali<\/h3>\n\n\n\n<p>Her g\u00fcn d\u00fczenli olarak beyinde \u00fcretilen ve beynin at\u0131klar\u0131n\u0131 ta\u015f\u0131makla g\u00f6revli beyin omurilik suyunun, ilerleyen ya\u015fla birlikte ge\u00e7ti\u011fi yollar\u0131n daralmas\u0131\/t\u0131kanmas\u0131 ile akamamas\u0131, kafatas\u0131 i\u00e7erisinde hapsolarak beyin dokusuna bask\u0131 uygulamas\u0131d\u0131r.<\/p>\n\n\n\n<h3 class=\"wp-block-heading\">&nbsp;Chiari Malformasyonu<\/h3>\n\n\n\n<p>Do\u011fumsal bir bozukluktur, beyincik olmas\u0131 gereken yerden daha a\u015fa\u011f\u0131da yerle\u015ferek sadece omurili\u011fin bulunmas\u0131na izin verecek \u00e7apta olan omurga kanal\u0131 i\u00e7erisinde omurili\u011fe bask\u0131 yapmas\u0131d\u0131r. \u00c7o\u011funlukla tesad\u00fcfen tan\u0131n\u0131r. Kanala inen k\u0131s\u0131m 5 mm ve \u00fczerinde ise ameliyat \u00f6nerilir.<\/p>\n\n\n\n<h3 class=\"wp-block-heading\">Sinir Cerrahisi<\/h3>\n\n\n\n<p>Sinir s\u0131k\u0131\u015fmalar\u0131 en s\u0131k el\/kolda g\u00f6r\u00fcl\u00fcr. Nadiren cerrahi m\u00fcdahale gerektirecek boyutta sinir bas\u0131s\u0131na yol a\u00e7arlar. Sinir t\u00fcm\u00f6rleri ise olduk\u00e7a nadir g\u00f6r\u00fcl\u00fcrler.<\/p>\n\n\n\n<h3 class=\"wp-block-heading\">Travma Cerrahisi<\/h3>\n\n\n\n<p>Beyin kanamalar\u0131 ve yaralanmalar\u0131, kafatas\u0131 k\u0131r\u0131klar\u0131, omurga k\u0131r\u0131klar\u0131, omurilik yaralanmalar\u0131 gibi durumlar\u0131 kapsar. Patolojinin \u015fekline\/boyutuna\/ yerle\u015fimine g\u00f6re gerekti\u011fi durumlarda beyin\/omurilik dokusu \u00fczerindeki bask\u0131y\u0131 kald\u0131rmaya y\u00f6nelik yap\u0131lan cerrahi giri\u015fimlerdir. Bu giri\u015fimlerin hi\u00e7birisi, hastan\u0131n hekimle kar\u015f\u0131la\u015fana dek beyin ve omurilik dokusunda olu\u015fmu\u015f hasar\u0131 giderici etkiye sahip de\u011fildir. Ama\u00e7 hasar\u0131n devam\u0131n\u0131 engellemek ve mevcut hasar\u0131n v\u00fccut\u00e7a tamirine olanak sa\u011flamakt\u0131r.<\/p>\n","protected":false},"excerpt":{"rendered":"<p>Avicenna Hastaneleri N\u00f6ro\u015fir\u00fcrji b\u00f6l\u00fcm\u00fc, beyin ve omurilik dokusundan kaynaklanan ya da bu dokulara zarar veren hastal\u0131klar\u0131n tan\u0131, tedavi ve g\u00f6zlem s\u00fcre\u00e7lerini y\u00fcr\u00fctmektedir. Peki, beyin ve sinir cerrahisi olarak da bilinen n\u00f6ro\u015fir\u00fcrji nedir? Hangi hastal\u0131klar\u0131 tedavi eder? N\u00f6ro\u015fir\u00fcrji Nedir? Beyin ve omurilik dokusundan dolay\u0131 olu\u015fan hastal\u0131klar veya bu dokulara zarar veren t\u00fcm\u00f6r gibi hastal\u0131klar\u0131n tedavisi n\u00f6ro\u015fir\u00fcrji [&hellip;]<\/p>\n","protected":false},"author":1,"featured_media":0,"parent":0,"menu_order":0,"comment_status":"closed","ping_status":"closed","template":"","meta":{"ocean_post_layout":"","ocean_both_sidebars_style":"","ocean_both_sidebars_content_width":0,"ocean_both_sidebars_sidebars_width":0,"ocean_sidebar":"","ocean_second_sidebar":"","ocean_disable_margins":"enable","ocean_add_body_class":"","ocean_shortcode_before_top_bar":"","ocean_shortcode_after_top_bar":"","ocean_shortcode_before_header":"","ocean_shortcode_after_header":"","ocean_has_shortcode":"","ocean_shortcode_after_title":"","ocean_shortcode_before_footer_widgets":"","ocean_shortcode_after_footer_widgets":"","ocean_shortcode_before_footer_bottom":"","ocean_shortcode_after_footer_bottom":"","ocean_display_top_bar":"default","ocean_display_header":"default","ocean_header_style":"","ocean_center_header_left_menu":"","ocean_custom_header_template":"","ocean_custom_logo":0,"ocean_custom_retina_logo":0,"ocean_custom_logo_max_width":0,"ocean_custom_logo_tablet_max_width":0,"ocean_custom_logo_mobile_max_width":0,"ocean_custom_logo_max_height":0,"ocean_custom_logo_tablet_max_height":0,"ocean_custom_logo_mobile_max_height":0,"ocean_header_custom_menu":"","ocean_menu_typo_font_family":"","ocean_menu_typo_font_subset":"","ocean_menu_typo_font_size":0,"ocean_menu_typo_font_size_tablet":0,"ocean_menu_typo_font_size_mobile":0,"ocean_menu_typo_font_size_unit":"px","ocean_menu_typo_font_weight":"","ocean_menu_typo_font_weight_tablet":"","ocean_menu_typo_font_weight_mobile":"","ocean_menu_typo_transform":"","ocean_menu_typo_transform_tablet":"","ocean_menu_typo_transform_mobile":"","ocean_menu_typo_line_height":0,"ocean_menu_typo_line_height_tablet":0,"ocean_menu_typo_line_height_mobile":0,"ocean_menu_typo_line_height_unit":"","ocean_menu_typo_spacing":0,"ocean_menu_typo_spacing_tablet":0,"ocean_menu_typo_spacing_mobile":0,"ocean_menu_typo_spacing_unit":"","ocean_menu_link_color":"","ocean_menu_link_color_hover":"","ocean_menu_link_color_active":"","ocean_menu_link_background":"","ocean_menu_link_hover_background":"","ocean_menu_link_active_background":"","ocean_menu_social_links_bg":"","ocean_menu_social_hover_links_bg":"","ocean_menu_social_links_color":"","ocean_menu_social_hover_links_color":"","ocean_disable_title":"default","ocean_disable_heading":"default","ocean_post_title":"","ocean_post_subheading":"","ocean_post_title_style":"","ocean_post_title_background_color":"","ocean_post_title_background":0,"ocean_post_title_bg_image_position":"","ocean_post_title_bg_image_attachment":"","ocean_post_title_bg_image_repeat":"","ocean_post_title_bg_image_size":"","ocean_post_title_height":0,"ocean_post_title_bg_overlay":0.5,"ocean_post_title_bg_overlay_color":"","ocean_disable_breadcrumbs":"default","ocean_breadcrumbs_color":"","ocean_breadcrumbs_separator_color":"","ocean_breadcrumbs_links_color":"","ocean_breadcrumbs_links_hover_color":"","ocean_display_footer_widgets":"default","ocean_display_footer_bottom":"default","ocean_custom_footer_template":"","ofc_enable_fullscreen":"disable","ofc_fullscreen_speed":0,"ofc_fullscreen_nav":"enable","ofc_fullscreen_nav_pos":"right","ofc_fullscreen_nav_color":"","ofc_fullscreen_nav_tooltip_color":"","ofc_fullscreen_responsive":0,"osh_disable_topbar_sticky":"default","osh_disable_header_sticky":"default","osh_sticky_header_style":"default","osh_sticky_header_effect":"","osh_custom_sticky_logo":0,"osh_custom_retina_sticky_logo":0,"osh_custom_sticky_logo_height":0,"osh_background_color":"","osh_links_color":"","osh_links_hover_color":"","osh_links_active_color":"","osh_links_bg_color":"","osh_links_hover_bg_color":"","osh_links_active_bg_color":"","osh_menu_social_links_color":"","osh_menu_social_hover_links_color":"","_joinchat":[],"footnotes":""},"class_list":["post-8343","page","type-page","status-publish","hentry","entry"],"_links":{"self":[{"href":"https:\/\/avicennahospitals.com\/tr\/wp-json\/wp\/v2\/pages\/8343","targetHints":{"allow":["GET"]}}],"collection":[{"href":"https:\/\/avicennahospitals.com\/tr\/wp-json\/wp\/v2\/pages"}],"about":[{"href":"https:\/\/avicennahospitals.com\/tr\/wp-json\/wp\/v2\/types\/page"}],"author":[{"embeddable":true,"href":"https:\/\/avicennahospitals.com\/tr\/wp-json\/wp\/v2\/users\/1"}],"replies":[{"embeddable":true,"href":"https:\/\/avicennahospitals.com\/tr\/wp-json\/wp\/v2\/comments?post=8343"}],"version-history":[{"count":1,"href":"https:\/\/avicennahospitals.com\/tr\/wp-json\/wp\/v2\/pages\/8343\/revisions"}],"predecessor-version":[{"id":8383,"href":"https:\/\/avicennahospitals.com\/tr\/wp-json\/wp\/v2\/pages\/8343\/revisions\/8383"}],"wp:attachment":[{"href":"https:\/\/avicennahospitals.com\/tr\/wp-json\/wp\/v2\/media?parent=8343"}],"curies":[{"name":"wp","href":"https:\/\/api.w.org\/{rel}","templated":true}]}}