{"id":8307,"date":"2024-12-03T11:38:24","date_gmt":"2024-12-03T08:38:24","guid":{"rendered":"https:\/\/avicennahospitals.com\/emergency-service\/"},"modified":"2024-12-16T10:30:59","modified_gmt":"2024-12-16T07:30:59","slug":"acil-servis","status":"publish","type":"page","link":"https:\/\/avicennahospitals.com\/tr\/acil-servis\/","title":{"rendered":"Acil Servis"},"content":{"rendered":"\n<figure class=\"wp-block-image size-full\"><img fetchpriority=\"high\" decoding=\"async\" width=\"800\" height=\"450\" src=\"https:\/\/avicennahospitals.com\/wp-content\/uploads\/2024\/12\/acil-servis-m.webp\" alt=\"\" class=\"wp-image-7443\" srcset=\"https:\/\/avicennahospitals.com\/wp-content\/uploads\/2024\/12\/acil-servis-m.webp 800w, https:\/\/avicennahospitals.com\/wp-content\/uploads\/2024\/12\/acil-servis-m-300x169.webp 300w, https:\/\/avicennahospitals.com\/wp-content\/uploads\/2024\/12\/acil-servis-m-768x432.webp 768w\" sizes=\"(max-width: 800px) 100vw, 800px\" \/><\/figure>\n\n\n\n<p>Avicenna International Hospital Acil Servis hizmeti ile acil hastane ihtiyac\u0131n\u0131 kar\u015f\u0131layacak \u015fekilde haz\u0131rlanm\u0131\u015f, son teknoloji sistemlerle donat\u0131lm\u0131\u015ft\u0131r. G\u00fc\u00e7l\u00fc ambulans doktoru kadrosu ile acil ambulans ihtiyac\u0131 duyan hastalar\u0131na servis sa\u011flamaktad\u0131r. Hastane acil servis ekibiyle 7 g\u00fcn 24 saat haz\u0131r beklemektedir.<\/p>\n\n\n\n<h2 class=\"wp-block-heading\"><strong>112 Ambulans<\/strong><\/h2>\n\n\n\n<p>Avicenna International Hospital, \u0130stanbul Anadolu Yakas\u0131\u2019nda merkezi konumu ile t\u00fcm acil hastane ihtiya\u00e7lar\u0131n\u0131 kar\u015f\u0131lamak \u00fczere haz\u0131r beklemektedir. B\u00fcnyesinde bar\u0131nd\u0131rd\u0131\u011f\u0131 ambulans doktoru kadrosuyla, acil ambulans ihtiyac\u0131 duyan herkese hizmet etmektedir. Hastane acil b\u00f6l\u00fcm\u00fc, di\u011fer t\u00fcm b\u00f6l\u00fcmler aras\u0131ndaki en kolay ula\u015f\u0131labilen ve en h\u0131zl\u0131 harekete ge\u00e7ebilen b\u00f6l\u00fcmd\u00fcr. Dileyen hastam\u0131z hastanemizi arayarak ambulans talebinde bulunabilir. \u00d6te yandan, 112 Acil Servis ekipleri diledikleri hastay\u0131 hastanemize getirebilmektedirler.<\/p>\n\n\n\n<h2 class=\"wp-block-heading\">Acil Servis Yap\u0131sal Durumu<\/h2>\n\n\n\n<p>Acil sa\u011fl\u0131k hizmetleri veren birimimizde, dan\u0131\u015fma, triyaj, muayene odas\u0131, res\u00fcsitasyon odas\u0131, izolasyon b\u00f6l\u00fcm\u00fc, m\u00fc\u015fahede b\u00f6l\u00fcm\u00fc, m\u00fcdahale alan\u0131, bekleme b\u00f6lgesi, jinekolojik muayene odas\u0131 gibi b\u00f6l\u00fcmler bulunmaktad\u0131r. Acil servisimiz t\u00fcm birim ve odalar\u0131yla 7 g\u00fcn 24 saat kesintisiz hizmet sunmaktad\u0131r.<\/p>\n\n\n\n<h2 class=\"wp-block-heading\">Teknolojik Donan\u0131m<\/h2>\n\n\n\n<p>Avicenna International Hospital acil \u00fcnitesi, son teknoloji donan\u0131m\u0131yla ve deneyimli kadrosuyla 7 g\u00fcn 24 saat hizmet verir. \u00c7a\u011f\u0131n gerektirdi\u011fi son teknoloji cihazlar, hastalar\u0131m\u0131z\u0131n sa\u011fl\u0131\u011f\u0131 i\u00e7in tahsis edilmektedir.<\/p>\n\n\n\n<h2 class=\"wp-block-heading\">Acil Servis Hasta Kar\u015f\u0131lama<\/h2>\n\n\n\n<p>Avicenna International Hospital acil servisine gelen hastalar ve yak\u0131nlar\u0131, \u00f6ncelikle hasta kar\u015f\u0131lamadan sorumlu g\u00f6revliler taraf\u0131ndan kar\u015f\u0131lan\u0131r ve y\u00f6nlendirilirler. Bu s\u00fcre\u00e7te refakat\u00e7i olarak hastan\u0131n yan\u0131nda da bulunabilirler. Hastalar\u0131n kar\u015f\u0131lanmas\u0131ndan sorumlu g\u00f6revlilerimiz ve dan\u0131\u015fma b\u00f6l\u00fcmlerindeki g\u00f6revlilerimiz, y\u00f6netici kadrolar\u0131 taraf\u0131ndan d\u00fczenli olarak ileti\u015fim, ahlak, etik, hastalar\u0131n memnuniyeti ve hasta haklar\u0131 gibi konularda denetlenirler.<\/p>\n\n\n\n<h2 class=\"wp-block-heading\">Hastalar\u0131n Kabul Edilmesi<\/h2>\n\n\n\n<p>Acil servisimize hastanemizin kendi ambulans\u0131 ya da 112 ambulans\u0131 ile gelen hastalar, direkt olarak sar\u0131 alana nakledilirler. Hayati tehlikesi bulunan ya da durumun a\u011f\u0131r oldu\u011fu belirtilen hastalar ise k\u0131rm\u0131z\u0131 alana al\u0131n\u0131r. Bunun d\u0131\u015f\u0131ndaki hastalar ise kay\u0131t i\u015flemlerinin ard\u0131ndan triyaja al\u0131n\u0131r ve ard\u0131ndan ye\u015fil alana y\u00f6nlendirilirler. Uzman doktorlar\u0131m\u0131z taraf\u0131ndan de\u011ferlendirme alt\u0131na al\u0131nan hastalar\u0131m\u0131z\u0131n gereken t\u00fcm acil i\u015flemleri ba\u015flat\u0131lm\u0131\u015f olur. Yan\u0131nda bir yak\u0131n\u0131 ile gelmemi\u015f olan hastalar\u0131n kay\u0131t i\u015flemleri, personellerimiz taraf\u0131ndan y\u00fcr\u00fct\u00fcl\u00fcr. Ye\u015fil alanda muayenesi yap\u0131lan hastalar\u0131n re\u00e7etesi yaz\u0131l\u0131r. E\u011fer tetkik gerektiren bir durum s\u00f6z konusu ise hastalar, konuyla ilgili poliklini\u011fe y\u00f6nlendirilirler. Sar\u0131 alana y\u00f6nlendirilen hastalar gereken muayenenin ard\u0131ndan durumlar\u0131 iyiyse ayakta tedavi alt\u0131na al\u0131n\u0131r ve ard\u0131ndan taburcu edilirler. Yat\u0131\u015f karar\u0131 al\u0131nan hastalar i\u00e7in ise gereken i\u015flemler h\u0131zl\u0131ca yap\u0131l\u0131r ve m\u00fc\u015fahede alt\u0131na al\u0131n\u0131rlar. \u00d6te yandan durumu a\u011f\u0131r olan hastalar direkt olarak yo\u011fun bak\u0131m alt\u0131na al\u0131nabilirler. Hastanemizde bo\u015f yatak olmamas\u0131 durumunda 112 ambulans g\u00f6revlileri do\u011frudan di\u011fer sa\u011fl\u0131k kurumlar\u0131na do\u011fru y\u00f6nlendirilirler. Travma ge\u00e7iren ya da adli vaka olarak de\u011ferlendirilen hastalar, Genel Adli Muayene Raporu olarak bilinen raporlar\u0131 doldurulmak \u00fczere doktorumuza y\u00f6nlendirilirler. Bu rapor, hastalar\u0131n doktorlar\u0131nca imzalan\u0131r ve ka\u015fe vurulur. Adli vaka olarak de\u011ferlendiren hastalar i\u00e7in polis g\u00fc\u00e7leri an\u0131nda bilgilendirilirler. Bu kapsamdaki hastalar\u0131n hastanemize geldikleri saatleri ve gelme nedenleri kay\u0131t alt\u0131na al\u0131n\u0131r. Bu kapsamda detayl\u0131 bir adli vaka dosyas\u0131 elde edilir ve bu dosya mutlaka ar\u015fivlenir. Haz\u0131rlanan detayl\u0131 raporun bir kopyas\u0131 da polis g\u00fc\u00e7lerine derhal teslim edilir.<\/p>\n\n\n\n<h2 class=\"wp-block-heading\">Acil Servis Triyaj S\u00fcreci<\/h2>\n\n\n\n<p>Triyaj, bir konuyu ay\u0131rma, s\u0131n\u0131fland\u0131rma ya da \u00f6nceli\u011fini belirleme olarak tan\u0131mlanabilir. T\u0131p dilinde ise triyaj, hastan\u0131n \u00f6n kontrol\u00fc ile birlikte m\u00fcdahale \u00f6nceli\u011finin belirlenmesi anlam\u0131nda kullan\u0131l\u0131r. T\u00fcm d\u00fcnyada kabul edilen bir uygulama olan triyaj, hastaya genel olarak acil servislerde yap\u0131lan ilk m\u00fcdahaledir.<\/p>\n\n\n\n<h2 class=\"wp-block-heading\">Yabanc\u0131 Hastalar<\/h2>\n\n\n\n<p>Acil hastane ihtiyac\u0131 ile gelen yabanc\u0131 uyruklu hastalar, hasta kayd\u0131 taraf\u0131ndan pasaport kontrol\u00fcne al\u0131n\u0131r. Pasaport fotokopisi ve kimlik fotokopisi \u00e7ekilen yabanc\u0131 uyruklu hastalar\u0131n kayd\u0131 yap\u0131l\u0131r. Tedavi s\u00fcrecinden ge\u00e7en yabanc\u0131 uyruklu hastalar, daha sonra \u00fccretlendirmeye al\u0131n\u0131r.<\/p>\n\n\n\n<h2 class=\"wp-block-heading\">Hastan\u0131n Muayenesi<\/h2>\n\n\n\n<p>K\u0131rm\u0131z\u0131 alana getirilen hastalar an\u0131nda tedavi alt\u0131na al\u0131n\u0131r. Durumu sabit hale getirilen hastalar gerekli servislere ya da yo\u011fun bak\u0131ma g\u00f6nderilir. Hastalar, gerekti\u011fi takdirde 112 arac\u0131l\u0131\u011f\u0131yla di\u011fer sa\u011fl\u0131k kurulu\u015flar\u0131na sevk edilebilirler. Sar\u0131 alana getirilen hastalar, burada m\u00fc\u015fahede alt\u0131na al\u0131n\u0131rlar. Gereken t\u00fcm testleri ve kontrolleri hastalardan bilgi al\u0131narak hekimlerimiz ve hem\u015firelerimiz taraf\u0131ndan y\u00fcr\u00fct\u00fcl\u00fcr.<\/p>\n\n\n\n<p>Laboratuvar tetkik s\u00fcreci i\u00e7in ise kan alma i\u015flemi b\u00f6l\u00fcm hem\u015firesi taraf\u0131ndan yap\u0131l\u0131r. Tetkikler sekreterler taraf\u0131ndan kay\u0131t alt\u0131na al\u0131n\u0131r ve ilgili personeller taraf\u0131ndan laboratuvara g\u00f6t\u00fcr\u00fcl\u00fcr. Radyolojik tetkikler i\u00e7in ise hastalar, ilgili personeller taraf\u0131ndan radyoloji b\u00f6l\u00fcm\u00fcne g\u00f6t\u00fcr\u00fcl\u00fcr ve burada i\u015flemleri tamamlan\u0131r.<\/p>\n\n\n\n<h2 class=\"wp-block-heading\">M\u00fc\u015fahede S\u00fcrecinin \u0130lerlemesi<\/h2>\n\n\n\n<p>M\u00fc\u015fahede alt\u0131na al\u0131nan hastalar\u0131m\u0131z\u0131n ila\u00e7 isimleri, kullan\u0131m zamanlar\u0131 ve uygulama \u015fekilleri kay\u0131t alt\u0131na al\u0131n\u0131r. \u0130la\u00e7lar\u0131n dozlar\u0131 da kay\u0131t alt\u0131na al\u0131n\u0131r ve hem\u015firelere bildirilir. M\u00fc\u015fahede alt\u0131na al\u0131nan hastalar\u0131m\u0131z\u0131n yatak ba\u015flar\u0131mda hem\u015fire zilleri bulunur. \u00d6te yandan t\u0131bb\u0131 gaz sistemi de haz\u0131r bulunmaktad\u0131r. Hastalar\u0131n bak\u0131m ve temizlik gibi s\u00fcre\u00e7lerinden hem\u015fireler sorumludur. Tahliller ya da tetkikler, hastalar\u0131n bulunduklar\u0131 yataktan al\u0131n\u0131r.<\/p>\n\n\n\n<h2 class=\"wp-block-heading\">Acil Servis Hasta Yat\u0131\u015f S\u00fcreci<\/h2>\n\n\n\n<p>Durumu netlik kazand\u0131r\u0131lamayan m\u00fc\u015fahede alt\u0131ndaki hastalar, acil servis doktorlar\u0131 taraf\u0131ndan ilgili servislere sevk edilir. Hastan\u0131n durumuna en uygun servise yat\u0131\u015flar\u0131 sa\u011flan\u0131r ve servisin uzman doktorlar\u0131na bilgi verilir.<\/p>\n\n\n\n<h2 class=\"wp-block-heading\">Hastalar\u0131n ve Yak\u0131nlar\u0131n\u0131n Bilgilendirilmesi<\/h2>\n\n\n\n<p>Hastanemizin acil servisine ba\u015fvuran hastalar\u0131n ve yak\u0131nlar\u0131n\u0131n bilgilendirilmeleri, ilgili personeller taraf\u0131ndan sa\u011flan\u0131r. S\u0131ra beklemek durumunda kalan hastalara, bekleme nedenleri kapsaml\u0131 bir \u015fekilde anlat\u0131l\u0131r. Hastalar ve yak\u0131nlar\u0131, yap\u0131lacak olan t\u00fcm m\u00fcdahaleler hakk\u0131nda ilgili acil hastane doktorlar\u0131 taraf\u0131ndan bilgilendirilirler.<\/p>\n\n\n\n<h2 class=\"wp-block-heading\">Hastan\u0131n Taburcu Olmas\u0131<\/h2>\n\n\n\n<p>Hastanemizin acil servisinde m\u00fc\u015fahede alt\u0131nda bulunan hastalar\u0131n taburcu olma i\u015flemleri, o s\u00fcre\u00e7te g\u00f6revli bulunan uzman hekimlerimiz taraf\u0131ndan yap\u0131lan bilgilendirmeler \u0131\u015f\u0131\u011f\u0131nda ger\u00e7ekle\u015ftirilir. Taburcu olan hastalar\u0131n yatak \u00f6rt\u00fcleri, \u00e7ar\u015faflar\u0131 ve yast\u0131klar\u0131 gibi ki\u015fisel kullan\u0131ma ayr\u0131lan t\u00fcm ara\u00e7 ve gere\u00e7ler an\u0131nda de\u011fi\u015ftirilir.<\/p>\n\n\n\n<h2 class=\"wp-block-heading\">Acil Hastane G\u00fcvenli\u011fi<\/h2>\n\n\n\n<p>Hastanemizin acil servis birimi, g\u00fcvenlik g\u00f6revlilerimizin kontrol\u00fc alt\u0131ndad\u0131r. Hastalar, hasta yak\u0131nlar\u0131 ve sa\u011fl\u0131k personellerimiz, alan\u0131nda uzman g\u00fcvenlik g\u00f6revlileri taraf\u0131ndan denetim alt\u0131ndad\u0131r. Bunun yan\u0131nda, \u00e7ok say\u0131da g\u00fcvenlik kameras\u0131 da 7 g\u00fcn 24 saat kay\u0131t yapmaktad\u0131r.<\/p>\n\n\n\n<h3 class=\"wp-block-heading\">S\u0131k\u00e7a Sorulan Sorular<\/h3>\n\n\n\n<p><strong>Acil serviste hangi hastal\u0131klara bak\u0131l\u0131r?<\/strong><\/p>\n\n\n\n<p>Acil serviste; nefes darl\u0131\u011f\u0131, g\u00f6\u011f\u00fcs a\u011fr\u0131s\u0131 ve s\u0131k\u0131\u015fmas\u0131, jinekolojik acil durumlar, yaralanmalar,&nbsp; kronik hastal\u0131klar gibi acil durumlar\u0131n tedavileri sa\u011flanabilir.<\/p>\n\n\n\n<p><strong>Acil serviste pansuman yap\u0131l\u0131r m\u0131?<\/strong><\/p>\n\n\n\n<p>Acil serviste gerekli durumlarda pansiyon ve enfeksiyon i\u015flemleri yap\u0131labilmektedir.<\/p>\n\n\n\n<p><strong>Acil servis her zaman a\u00e7\u0131k m\u0131?<\/strong><\/p>\n\n\n\n<p>Hastanelerin acil servisleri haftan\u0131n 7 g\u00fcn\u00fc 24 saat hizmet veren b\u00f6l\u00fcmlerdir.<\/p>\n","protected":false},"excerpt":{"rendered":"<p>Avicenna International Hospital Acil Servis hizmeti ile acil hastane ihtiyac\u0131n\u0131 kar\u015f\u0131layacak \u015fekilde haz\u0131rlanm\u0131\u015f, son teknoloji sistemlerle donat\u0131lm\u0131\u015ft\u0131r. G\u00fc\u00e7l\u00fc ambulans doktoru kadrosu ile acil ambulans ihtiyac\u0131 duyan hastalar\u0131na servis sa\u011flamaktad\u0131r. Hastane acil servis ekibiyle 7 g\u00fcn 24 saat haz\u0131r beklemektedir. 112 Ambulans Avicenna International Hospital, \u0130stanbul Anadolu Yakas\u0131\u2019nda merkezi konumu ile t\u00fcm acil hastane ihtiya\u00e7lar\u0131n\u0131 kar\u015f\u0131lamak [&hellip;]<\/p>\n","protected":false},"author":1,"featured_media":0,"parent":0,"menu_order":0,"comment_status":"closed","ping_status":"closed","template":"","meta":{"ocean_post_layout":"full-width","ocean_both_sidebars_style":"","ocean_both_sidebars_content_width":0,"ocean_both_sidebars_sidebars_width":0,"ocean_sidebar":"","ocean_second_sidebar":"","ocean_disable_margins":"enable","ocean_add_body_class":"","ocean_shortcode_before_top_bar":"","ocean_shortcode_after_top_bar":"","ocean_shortcode_before_header":"","ocean_shortcode_after_header":"","ocean_has_shortcode":"","ocean_shortcode_after_title":"","ocean_shortcode_before_footer_widgets":"","ocean_shortcode_after_footer_widgets":"","ocean_shortcode_before_footer_bottom":"","ocean_shortcode_after_footer_bottom":"","ocean_display_top_bar":"default","ocean_display_header":"default","ocean_header_style":"","ocean_center_header_left_menu":"","ocean_custom_header_template":"","ocean_custom_logo":0,"ocean_custom_retina_logo":0,"ocean_custom_logo_max_width":0,"ocean_custom_logo_tablet_max_width":0,"ocean_custom_logo_mobile_max_width":0,"ocean_custom_logo_max_height":0,"ocean_custom_logo_tablet_max_height":0,"ocean_custom_logo_mobile_max_height":0,"ocean_header_custom_menu":"","ocean_menu_typo_font_family":"","ocean_menu_typo_font_subset":"","ocean_menu_typo_font_size":0,"ocean_menu_typo_font_size_tablet":0,"ocean_menu_typo_font_size_mobile":0,"ocean_menu_typo_font_size_unit":"px","ocean_menu_typo_font_weight":"","ocean_menu_typo_font_weight_tablet":"","ocean_menu_typo_font_weight_mobile":"","ocean_menu_typo_transform":"","ocean_menu_typo_transform_tablet":"","ocean_menu_typo_transform_mobile":"","ocean_menu_typo_line_height":0,"ocean_menu_typo_line_height_tablet":0,"ocean_menu_typo_line_height_mobile":0,"ocean_menu_typo_line_height_unit":"","ocean_menu_typo_spacing":0,"ocean_menu_typo_spacing_tablet":0,"ocean_menu_typo_spacing_mobile":0,"ocean_menu_typo_spacing_unit":"","ocean_menu_link_color":"","ocean_menu_link_color_hover":"","ocean_menu_link_color_active":"","ocean_menu_link_background":"","ocean_menu_link_hover_background":"","ocean_menu_link_active_background":"","ocean_menu_social_links_bg":"","ocean_menu_social_hover_links_bg":"","ocean_menu_social_links_color":"","ocean_menu_social_hover_links_color":"","ocean_disable_title":"default","ocean_disable_heading":"default","ocean_post_title":"","ocean_post_subheading":"","ocean_post_title_style":"","ocean_post_title_background_color":"","ocean_post_title_background":0,"ocean_post_title_bg_image_position":"","ocean_post_title_bg_image_attachment":"","ocean_post_title_bg_image_repeat":"","ocean_post_title_bg_image_size":"","ocean_post_title_height":0,"ocean_post_title_bg_overlay":0.5,"ocean_post_title_bg_overlay_color":"","ocean_disable_breadcrumbs":"default","ocean_breadcrumbs_color":"","ocean_breadcrumbs_separator_color":"","ocean_breadcrumbs_links_color":"","ocean_breadcrumbs_links_hover_color":"","ocean_display_footer_widgets":"default","ocean_display_footer_bottom":"default","ocean_custom_footer_template":"","ofc_enable_fullscreen":"disable","ofc_fullscreen_speed":0,"ofc_fullscreen_nav":"enable","ofc_fullscreen_nav_pos":"right","ofc_fullscreen_nav_color":"","ofc_fullscreen_nav_tooltip_color":"","ofc_fullscreen_responsive":0,"osh_disable_topbar_sticky":"default","osh_disable_header_sticky":"default","osh_sticky_header_style":"default","osh_sticky_header_effect":"","osh_custom_sticky_logo":0,"osh_custom_retina_sticky_logo":0,"osh_custom_sticky_logo_height":0,"osh_background_color":"","osh_links_color":"","osh_links_hover_color":"","osh_links_active_color":"","osh_links_bg_color":"","osh_links_hover_bg_color":"","osh_links_active_bg_color":"","osh_menu_social_links_color":"","osh_menu_social_hover_links_color":"","_joinchat":[],"footnotes":""},"class_list":["post-8307","page","type-page","status-publish","hentry","entry"],"_links":{"self":[{"href":"https:\/\/avicennahospitals.com\/tr\/wp-json\/wp\/v2\/pages\/8307","targetHints":{"allow":["GET"]}}],"collection":[{"href":"https:\/\/avicennahospitals.com\/tr\/wp-json\/wp\/v2\/pages"}],"about":[{"href":"https:\/\/avicennahospitals.com\/tr\/wp-json\/wp\/v2\/types\/page"}],"author":[{"embeddable":true,"href":"https:\/\/avicennahospitals.com\/tr\/wp-json\/wp\/v2\/users\/1"}],"replies":[{"embeddable":true,"href":"https:\/\/avicennahospitals.com\/tr\/wp-json\/wp\/v2\/comments?post=8307"}],"version-history":[{"count":1,"href":"https:\/\/avicennahospitals.com\/tr\/wp-json\/wp\/v2\/pages\/8307\/revisions"}],"predecessor-version":[{"id":8370,"href":"https:\/\/avicennahospitals.com\/tr\/wp-json\/wp\/v2\/pages\/8307\/revisions\/8370"}],"wp:attachment":[{"href":"https:\/\/avicennahospitals.com\/tr\/wp-json\/wp\/v2\/media?parent=8307"}],"curies":[{"name":"wp","href":"https:\/\/api.w.org\/{rel}","templated":true}]}}