{"id":8211,"date":"2024-12-03T12:33:45","date_gmt":"2024-12-03T09:33:45","guid":{"rendered":"https:\/\/avicennahospitals.com\/laboratory\/"},"modified":"2024-12-16T10:48:38","modified_gmt":"2024-12-16T07:48:38","slug":"laboratuvar","status":"publish","type":"page","link":"https:\/\/avicennahospitals.com\/tr\/laboratuvar\/","title":{"rendered":"Laboratuvar"},"content":{"rendered":"\n<figure class=\"wp-block-image size-full\"><img fetchpriority=\"high\" decoding=\"async\" width=\"800\" height=\"450\" src=\"https:\/\/avicennahospitals.com\/wp-content\/uploads\/2024\/12\/laboratuvar-hizmetleri.webp\" alt=\"\" class=\"wp-image-7655\" srcset=\"https:\/\/avicennahospitals.com\/wp-content\/uploads\/2024\/12\/laboratuvar-hizmetleri.webp 800w, https:\/\/avicennahospitals.com\/wp-content\/uploads\/2024\/12\/laboratuvar-hizmetleri-300x169.webp 300w, https:\/\/avicennahospitals.com\/wp-content\/uploads\/2024\/12\/laboratuvar-hizmetleri-768x432.webp 768w\" sizes=\"(max-width: 800px) 100vw, 800px\" \/><\/figure>\n\n\n\n<p>Avicenna Hastaneleri\u2019nin son teknoloji laboratuvarlar\u0131 ile t\u00fcm laboratuvar hizmetleri ve tahlil sorgulama i\u015flemleri ger\u00e7ekle\u015ftirilebilmektedir. \u0130nsan sa\u011fl\u0131\u011f\u0131n\u0131 d\u00fc\u015f\u00fcnmeyi kendisine hedef haline getiren hastanemizin laboratuvar b\u00f6l\u00fcm\u00fc, s\u00fcrekli olarak kendisini yenilemeyi ve \u00e7a\u011f\u0131n getirdiklerini yakalamay\u0131 ba\u015farmaktad\u0131r. Hastalar\u0131n t\u00fcm te\u015fhis ve tedavi s\u00fcre\u00e7lerinin ba\u015flang\u0131\u00e7 ve izleme i\u015flemleri, laboratuvar b\u00f6l\u00fcm\u00fcnden sa\u011flanmaktad\u0131r. Bu kapsamda mevcut imkanlar\u0131 en verimli \u015fekilde kullanmak hastanemizin temel ilkesidir. G\u00fcven duyulan bir laboratuvar olabilmek i\u00e7in ilk \u00f6ncelik olan otomasyon sistemi, Avicenna Hastaneleri\u2019nde mevcuttur. Bu sistem sayesinde hastalar\u0131n takipleri olduk\u00e7a rahat bir bi\u00e7imde yap\u0131l\u0131r ve test sonu\u00e7lar\u0131 h\u0131zla sonu\u00e7land\u0131r\u0131l\u0131r. Laboratuvarda \u00e7al\u0131\u015fan uzman ekibin \u00f6ncelikli hedefi her zaman en do\u011fru ve en g\u00fcvenilir sonucu verebilmektir.<\/p>\n\n\n\n<h2 class=\"wp-block-heading\">Laboratuvar Hizmetleri<\/h2>\n\n\n\n<p>Modern t\u0131p biliminde ya\u015fanmakta olan b\u00fct\u00fcn geli\u015fmeler ile birlikte, kan\u0131ta dayal\u0131 t\u0131p kavram\u0131 da kesinlik kazanm\u0131\u015ft\u0131r. Bir di\u011fer deyi\u015f ile, bir hastal\u0131\u011f\u0131n te\u015fhisi ve tedavisi klinik veriler ile birlikte laboratuvar verilerinin bir arada kullan\u0131lmas\u0131yla m\u00fcmk\u00fcn olabilmektedir. Avicenna Hastaneleri\u2019nin laboratuvar b\u00f6l\u00fcm\u00fc 24 saat hizmet verir ve t\u00fcm acil niteli\u011fi ta\u015f\u0131yan testler k\u0131sa s\u00fcrede rapor haline getirilip doktor ve hastaya sunulabilir. Laboratuvar hizmetleri b\u00f6l\u00fcm\u00fcnde iki ana dal mevcuttur. Bunlar, biyokimya ve mikrobiyoloji olarak adland\u0131r\u0131labilir.<\/p>\n\n\n\n<h2 class=\"wp-block-heading\">Avicenna Hastaneleri Laboratuvar<\/h2>\n\n\n\n<p>Hastanemizde, t\u00fcm hastal\u0131klar\u0131n erken te\u015fhisi ve uygun tedavisinin belirlenmesi i\u00e7in laboratuvar b\u00f6l\u00fcm\u00fcm\u00fcz, teknolojinin getirdi\u011fi b\u00fct\u00fcn imkanlardan faydalanmaktad\u0131r. Alan\u0131nda uzman ve tecr\u00fcbeli ekibiyle Avicenna Hastaneleri, laboratuvar ara\u015ft\u0131rmalar\u0131n\u0131 kusursuz yapmaktad\u0131r. Modern t\u0131bb\u0131n geldi\u011fi son noktay\u0131 yak\u0131ndan takip eden ekip ve teknolojinin s\u0131n\u0131rlar\u0131n\u0131 zorlayan sistemler ile hastalar\u0131n ihtiyac\u0131 olan b\u00fct\u00fcn bilimsel \u00e7al\u0131\u015fmalar y\u00fcr\u00fct\u00fcl\u00fcr. Buradan al\u0131nan sonu\u00e7lar, doktorlar\u0131 tan\u0131ya g\u00f6t\u00fcren en \u00f6nemli yoldur. Kalite kontrol sistemleriyle ve d\u00fczenli olarak y\u00fcr\u00fct\u00fclen kalibrasyon \u00e7al\u0131\u015fmas\u0131yla cihaz park\u0131nda g\u00fcvenlik sa\u011flan\u0131r. Laboratuvar b\u00f6l\u00fcm\u00fcnde \u00e7al\u0131\u015fanlar\u0131n e\u011fitimleri ve tecr\u00fcbeleri ile manuel ger\u00e7ekle\u015ftirilen b\u00fct\u00fcn testlere g\u00fcven duyulabilir. Laboratuvarda haftan\u0131n 7 g\u00fcn\u00fc 24 saat test yap\u0131labilmektedir.<\/p>\n\n\n\n<h3 class=\"wp-block-heading\">Biyokimya Laboratuvar Hizmetleri<\/h3>\n\n\n\n<p>Avicenna Hastaneleri Biyokimya Laboratuvar\u0131\u2019nda b\u00fct\u00fcn hastal\u0131klar\u0131n tan\u0131lar\u0131, tedavileri ve izleme s\u00fcre\u00e7leri ger\u00e7ekle\u015ftirilir. Kan, idrar, v\u00fccut s\u0131v\u0131lar\u0131 \u00fczerinden biyokimyasal \u00e7al\u0131\u015fmalar, uzman \u00e7al\u0131\u015fanlar taraf\u0131ndan ger\u00e7ekle\u015ftirilmektedir. Biyokimya b\u00f6l\u00fcm\u00fcnde hastalardan al\u0131nan kanlar\u0131n analiz i\u015flemi ger\u00e7ekle\u015ftirilir. Al\u0131nan kan ile birlikte kan \u015fekeri, \u015feker y\u00fckleme testleri, kan ya\u011flar\u0131, b\u00f6brek fonksiyon testleri, karaci\u011fer fonksiyon testleri ve elektrolitler incelenmektedir. Biyokimya b\u00f6l\u00fcm\u00fc kendi i\u00e7erisinde de \u00e7ok \u00e7e\u015fitli dallara ayr\u0131l\u0131r. Bunlar, down sendromu tarama testleri, alerji testleri, idrar biyokimyas\u0131, kardiak belirte\u00e7ler, ila\u00e7 seviyeleri, hematoloji ile koag\u00fclasyon, t\u00fcm\u00f6r belirte\u00e7leri ve hormon gibi b\u00f6l\u00fcmlerdir.<\/p>\n\n\n\n<h4 class=\"wp-block-heading\">Down Sendromu Testi<\/h4>\n\n\n\n<p>Down Sendromu Testi bilindi\u011fi \u00fczere gebe anneler i\u00e7in olduk\u00e7a b\u00fcy\u00fck \u00f6nem ta\u015f\u0131r. Birinci trimester tarama testi ve ikinci trimester tarama testi burada ger\u00e7ekle\u015ftirilir.<\/p>\n\n\n\n<h4 class=\"wp-block-heading\">Alerji Testleri<\/h4>\n\n\n\n<p>Avicenna Hastaneleri Alerji Testleri Laboratuvar B\u00f6l\u00fcm\u00fc\u2019nde t\u00fcm testler olduk\u00e7a detayl\u0131 yap\u0131lmaktad\u0131r. Bu detayl\u0131 testler kan yoluyla \u00f6l\u00e7\u00fcl\u00fcr.<\/p>\n\n\n\n<h4 class=\"wp-block-heading\">\u0130drar Biyokimyas\u0131<\/h4>\n\n\n\n<p>\u0130drar Biyokimyas\u0131, bilindi\u011fi \u00fczere hastanelerde en \u00e7ok ba\u015fvurulan alanlardan birisidir. Avicenna Hastaneleri\u2019nde bu b\u00f6l\u00fcm alan\u0131nda uzman ki\u015filerle faaliyet g\u00f6sterir. Bu b\u00f6l\u00fcmde tam otomatik mikroskobik g\u00f6r\u00fcnt\u00fcleme yapan otoanaliz\u00f6r kullan\u0131l\u0131r.<\/p>\n\n\n\n<h4 class=\"wp-block-heading\">Kardiak Belirte\u00e7ler<\/h4>\n\n\n\n<p>Avicenna Hastaneleri Kardiak Belirte\u00e7ler Laboratuvar B\u00f6l\u00fcm\u00fc\u2019nde kalp kriziyle alakal\u0131 incelenen acil parametreler i\u00e7in faaliyetler y\u00fcr\u00fct\u00fcl\u00fcr. Bir di\u011fer deyi\u015f ile bu b\u00f6l\u00fcm, kalp krizi \u00fczerine biyokimyasal \u00e7al\u0131\u015fmalar yapar.<\/p>\n\n\n\n<h4 class=\"wp-block-heading\">\u0130la\u00e7 D\u00fczeyleri B\u00f6l\u00fcm\u00fc<\/h4>\n\n\n\n<p>Avicenna Hastaneleri \u0130la\u00e7 D\u00fczeyleri Laboratuvar B\u00f6l\u00fcm\u00fc\u2019nde hastalar\u0131n ila\u00e7 d\u00fczeyleri incelenmektedir. Bu kapsamda n\u00f6rolojik sorunlar sebebiyle kullan\u0131lan ila\u00e7lar, kalp hastal\u0131klar\u0131 nedeniyle i\u00e7ilen ila\u00e7lar, organ nakli yap\u0131lan ki\u015filerde organ\u0131n reddedilmesini bask\u0131layabilmek i\u00e7in kullan\u0131lan ila\u00e7lar ve kemoteropedik ila\u00e7lar incelenir.<\/p>\n\n\n\n<h4 class=\"wp-block-heading\">Hemotoloji \u2013 Koag\u00fclasyon<\/h4>\n\n\n\n<p>Avicenna Hastaneleri Hemotoloji \u2013 Koag\u00fclasyon Laboratuvar B\u00f6l\u00fcm\u00fc\u2019nde detayl\u0131 kan say\u0131m\u0131, sedimentasyon, kanama ve p\u0131ht\u0131la\u015fma problemlerinin belirlenmesinde kullan\u0131lan \u00e7ok \u00e7e\u015fitli testler ger\u00e7ekle\u015ftirilmektedir.<\/p>\n\n\n\n<h4 class=\"wp-block-heading\">Hormon B\u00f6l\u00fcm\u00fc<\/h4>\n\n\n\n<p>Avicenna Hastaneleri Hormon Laboratuvar B\u00f6l\u00fcm\u00fc\u2019nde \u00fcreme hormonlar\u0131, tiroid hormonlar\u0131, spesifik hormonlar, vitaminler \u00e7al\u0131\u015f\u0131lmaktad\u0131r. Bu b\u00f6l\u00fcm\u00fcn i\u00e7erisinde b\u00fct\u00fcn sistemin kanser varl\u0131\u011f\u0131 y\u00f6n\u00fcnden incelenmesi de yap\u0131l\u0131r. Bu kapsamda kanda g\u00f6r\u00fclen t\u00fcm\u00f6r belirtilerine bak\u0131labilir.<\/p>\n\n\n\n<h3 class=\"wp-block-heading\">Mikrobiyoloji Laboratuvar Hizmetleri<\/h3>\n\n\n\n<p>Avicenna Hastaneleri Mikrobiyoloji Laboratuvar\u0131\u2019nda parazit, vir\u00fcs, mantar, bakteri ve di\u011fer mikroorganizmalar\u0131n sebebiyet verdi\u011fi hastal\u0131klar\u0131n tan\u0131s\u0131n\u0131 koymak amac\u0131yla test \u00e7al\u0131\u015fmalar\u0131 ger\u00e7ekle\u015ftirilmektedir. Bu kapsamda \u00e7ok say\u0131da direkt ve indirekt testler yap\u0131l\u0131r. Mikrobiyoloji Laboratuvar\u0131\u2019nda kan, idrar, d\u0131\u015fk\u0131, v\u00fccut s\u0131v\u0131lar\u0131, doku \u00f6rnekleri gibi \u00f6rnekler kullan\u0131l\u0131r. Bu \u00f6rnekler hastal\u0131k tan\u0131s\u0131, tedavisi ve g\u00f6zlenmesi s\u00fcre\u00e7lerinde yol g\u00f6sterici testlerin yap\u0131lmas\u0131n\u0131 sa\u011flar. Mikrobiyoloji b\u00f6l\u00fcm\u00fc kendi i\u00e7erisinde seroloji, parazitoloji, mikoloji, viroloji ve bakteriyoloji olarak \u00e7e\u015fitli dallara ayr\u0131l\u0131r.<\/p>\n\n\n\n<h4 class=\"wp-block-heading\">Seroloji<\/h4>\n\n\n\n<p>Enfeksiyon yaratan sebeplerin antijen varl\u0131klar\u0131n\u0131n belirlenmesi i\u00e7in direkt olarak ya da antikor varl\u0131\u011f\u0131n\u0131n belirlenmesi i\u00e7in indirekt olarak testler yapan birimdir.<\/p>\n\n\n\n<h4 class=\"wp-block-heading\">Parazitoloji<\/h4>\n\n\n\n<p>D\u0131\u015fk\u0131, kan ve idrar gibi v\u00fccut s\u0131v\u0131lar\u0131nda mikroskobik ya da serolojik olarak bulunan parazitlerin incelenmesi i\u00e7in faaliyetler y\u00fcr\u00fcten birime parazitoloji ad\u0131 verilmektedir.<\/p>\n\n\n\n<h4 class=\"wp-block-heading\">Mikoloji<\/h4>\n\n\n\n<p>\u0130nsan bedeninde hastal\u0131k yaratabilen mantarlar\u0131n \u00e7o\u011falmas\u0131 s\u00fcrecinde bu mantarlar\u0131n tan\u0131nmas\u0131 i\u00e7in testler yapan birimdir. Bu birim, mantar ila\u00e7lar\u0131 duyarl\u0131l\u0131klar\u0131n\u0131 belirleyen testler de ger\u00e7ekle\u015ftirebilir.<\/p>\n\n\n\n<h4 class=\"wp-block-heading\">Viroloji<\/h4>\n\n\n\n<p>Viroloji, vir\u00fcsleri ve vir\u00fcslerin detaylar\u0131n\u0131 inceleyen bir bilim dal\u0131 olarak kar\u015f\u0131m\u0131za \u00e7\u0131kar.&nbsp; Avicenna Hastaneleri\u2019nde viroloji \u00e7al\u0131\u015fmalar\u0131n\u0131 alan\u0131nda uzman ki\u015filer yapar. Vir\u00fcslerin t\u00fcm\u00fcyle detaylar\u0131 incelenir ve h\u00fccrelere giri\u015f y\u00f6ntemleri ara\u015ft\u0131r\u0131l\u0131r. Bu sayede hastal\u0131\u011fa nas\u0131l sebebiyet verdi\u011finin detaylar\u0131na bak\u0131l\u0131r.<\/p>\n\n\n\n<h4 class=\"wp-block-heading\">Bakteriyoloji<\/h4>\n\n\n\n<p>Avicenna Hastaneleri\u2019nin Mikrobiyoloji Laboratuvar\u0131\u2019nda yer alan bakteriyoloji b\u00f6l\u00fcm\u00fc, insan \u00fczerinde enfeksiyona sebebiyet veren bakterilerin incelenmesi i\u00e7in \u00e7al\u0131\u015fmalar y\u00fcr\u00fct\u00fcr. Burada yap\u0131lan \u00e7al\u0131\u015fmalarla bakteriler \u00e7o\u011falt\u0131larak incelenebilir ve antibiyotik duyarl\u0131l\u0131k ve dayan\u0131kl\u0131klar\u0131 incelenebilir.<\/p>\n","protected":false},"excerpt":{"rendered":"<p>Avicenna Hastaneleri\u2019nin son teknoloji laboratuvarlar\u0131 ile t\u00fcm laboratuvar hizmetleri ve tahlil sorgulama i\u015flemleri ger\u00e7ekle\u015ftirilebilmektedir. \u0130nsan sa\u011fl\u0131\u011f\u0131n\u0131 d\u00fc\u015f\u00fcnmeyi kendisine hedef haline getiren hastanemizin laboratuvar b\u00f6l\u00fcm\u00fc, s\u00fcrekli olarak kendisini yenilemeyi ve \u00e7a\u011f\u0131n getirdiklerini yakalamay\u0131 ba\u015farmaktad\u0131r. Hastalar\u0131n t\u00fcm te\u015fhis ve tedavi s\u00fcre\u00e7lerinin ba\u015flang\u0131\u00e7 ve izleme i\u015flemleri, laboratuvar b\u00f6l\u00fcm\u00fcnden sa\u011flanmaktad\u0131r. Bu kapsamda mevcut imkanlar\u0131 en verimli \u015fekilde kullanmak hastanemizin [&hellip;]<\/p>\n","protected":false},"author":1,"featured_media":0,"parent":0,"menu_order":0,"comment_status":"closed","ping_status":"closed","template":"","meta":{"ocean_post_layout":"full-width","ocean_both_sidebars_style":"","ocean_both_sidebars_content_width":0,"ocean_both_sidebars_sidebars_width":0,"ocean_sidebar":"","ocean_second_sidebar":"","ocean_disable_margins":"enable","ocean_add_body_class":"","ocean_shortcode_before_top_bar":"","ocean_shortcode_after_top_bar":"","ocean_shortcode_before_header":"","ocean_shortcode_after_header":"","ocean_has_shortcode":"","ocean_shortcode_after_title":"","ocean_shortcode_before_footer_widgets":"","ocean_shortcode_after_footer_widgets":"","ocean_shortcode_before_footer_bottom":"","ocean_shortcode_after_footer_bottom":"","ocean_display_top_bar":"default","ocean_display_header":"default","ocean_header_style":"","ocean_center_header_left_menu":"","ocean_custom_header_template":"","ocean_custom_logo":0,"ocean_custom_retina_logo":0,"ocean_custom_logo_max_width":0,"ocean_custom_logo_tablet_max_width":0,"ocean_custom_logo_mobile_max_width":0,"ocean_custom_logo_max_height":0,"ocean_custom_logo_tablet_max_height":0,"ocean_custom_logo_mobile_max_height":0,"ocean_header_custom_menu":"","ocean_menu_typo_font_family":"","ocean_menu_typo_font_subset":"","ocean_menu_typo_font_size":0,"ocean_menu_typo_font_size_tablet":0,"ocean_menu_typo_font_size_mobile":0,"ocean_menu_typo_font_size_unit":"px","ocean_menu_typo_font_weight":"","ocean_menu_typo_font_weight_tablet":"","ocean_menu_typo_font_weight_mobile":"","ocean_menu_typo_transform":"","ocean_menu_typo_transform_tablet":"","ocean_menu_typo_transform_mobile":"","ocean_menu_typo_line_height":0,"ocean_menu_typo_line_height_tablet":0,"ocean_menu_typo_line_height_mobile":0,"ocean_menu_typo_line_height_unit":"","ocean_menu_typo_spacing":0,"ocean_menu_typo_spacing_tablet":0,"ocean_menu_typo_spacing_mobile":0,"ocean_menu_typo_spacing_unit":"","ocean_menu_link_color":"","ocean_menu_link_color_hover":"","ocean_menu_link_color_active":"","ocean_menu_link_background":"","ocean_menu_link_hover_background":"","ocean_menu_link_active_background":"","ocean_menu_social_links_bg":"","ocean_menu_social_hover_links_bg":"","ocean_menu_social_links_color":"","ocean_menu_social_hover_links_color":"","ocean_disable_title":"default","ocean_disable_heading":"default","ocean_post_title":"","ocean_post_subheading":"","ocean_post_title_style":"","ocean_post_title_background_color":"","ocean_post_title_background":0,"ocean_post_title_bg_image_position":"","ocean_post_title_bg_image_attachment":"","ocean_post_title_bg_image_repeat":"","ocean_post_title_bg_image_size":"","ocean_post_title_height":0,"ocean_post_title_bg_overlay":0.5,"ocean_post_title_bg_overlay_color":"","ocean_disable_breadcrumbs":"default","ocean_breadcrumbs_color":"","ocean_breadcrumbs_separator_color":"","ocean_breadcrumbs_links_color":"","ocean_breadcrumbs_links_hover_color":"","ocean_display_footer_widgets":"default","ocean_display_footer_bottom":"default","ocean_custom_footer_template":"","ofc_enable_fullscreen":"disable","ofc_fullscreen_speed":0,"ofc_fullscreen_nav":"enable","ofc_fullscreen_nav_pos":"right","ofc_fullscreen_nav_color":"","ofc_fullscreen_nav_tooltip_color":"","ofc_fullscreen_responsive":0,"osh_disable_topbar_sticky":"default","osh_disable_header_sticky":"default","osh_sticky_header_style":"default","osh_sticky_header_effect":"","osh_custom_sticky_logo":0,"osh_custom_retina_sticky_logo":0,"osh_custom_sticky_logo_height":0,"osh_background_color":"","osh_links_color":"","osh_links_hover_color":"","osh_links_active_color":"","osh_links_bg_color":"","osh_links_hover_bg_color":"","osh_links_active_bg_color":"","osh_menu_social_links_color":"","osh_menu_social_hover_links_color":"","_joinchat":[],"footnotes":""},"class_list":["post-8211","page","type-page","status-publish","hentry","entry"],"_links":{"self":[{"href":"https:\/\/avicennahospitals.com\/tr\/wp-json\/wp\/v2\/pages\/8211","targetHints":{"allow":["GET"]}}],"collection":[{"href":"https:\/\/avicennahospitals.com\/tr\/wp-json\/wp\/v2\/pages"}],"about":[{"href":"https:\/\/avicennahospitals.com\/tr\/wp-json\/wp\/v2\/types\/page"}],"author":[{"embeddable":true,"href":"https:\/\/avicennahospitals.com\/tr\/wp-json\/wp\/v2\/users\/1"}],"replies":[{"embeddable":true,"href":"https:\/\/avicennahospitals.com\/tr\/wp-json\/wp\/v2\/comments?post=8211"}],"version-history":[{"count":1,"href":"https:\/\/avicennahospitals.com\/tr\/wp-json\/wp\/v2\/pages\/8211\/revisions"}],"predecessor-version":[{"id":8386,"href":"https:\/\/avicennahospitals.com\/tr\/wp-json\/wp\/v2\/pages\/8211\/revisions\/8386"}],"wp:attachment":[{"href":"https:\/\/avicennahospitals.com\/tr\/wp-json\/wp\/v2\/media?parent=8211"}],"curies":[{"name":"wp","href":"https:\/\/api.w.org\/{rel}","templated":true}]}}