{"id":9394,"date":"2025-02-07T13:20:29","date_gmt":"2025-02-07T10:20:29","guid":{"rendered":"https:\/\/avicennahospitals.com\/doctor-ali-dogan\/"},"modified":"2025-02-07T13:20:29","modified_gmt":"2025-02-07T10:20:29","slug":"doctor-ali-dogan","status":"publish","type":"page","link":"https:\/\/avicennahospitals.com\/sq\/doctor-ali-dogan\/","title":{"rendered":"M.D. Ali Dogan Plastic Surgery"},"content":{"rendered":"<p><img fetchpriority=\"high\" decoding=\"async\" class=\"alignnone wp-image-8493 size-full\" src=\"https:\/\/avicennahospitals.com\/wp-content\/uploads\/2025\/02\/kartal-op-dr-ali-dogan-i.jpg\" alt=\"\" width=\"800\" height=\"450\" srcset=\"https:\/\/avicennahospitals.com\/wp-content\/uploads\/2025\/02\/kartal-op-dr-ali-dogan-i.jpg 800w, https:\/\/avicennahospitals.com\/wp-content\/uploads\/2025\/02\/kartal-op-dr-ali-dogan-i-300x169.jpg 300w, https:\/\/avicennahospitals.com\/wp-content\/uploads\/2025\/02\/kartal-op-dr-ali-dogan-i-768x432.jpg 768w\" sizes=\"(max-width: 800px) 100vw, 800px\" \/><\/p>\n<p>Dr. Ali Do\u011fan, a distinguished plastic surgeon hailing from Elaz\u0131\u011f, brings a wealth of expertise and a remarkable international perspective to his practice. A graduate of Marmara University Faculty of Medicine, Dr. Do\u011fan completed his residency in the Department of Plastic, Reconstructive, and Aesthetic Surgery at Bolu Abant \u0130zzetbaysal University.<\/p>\n<p>In addition to his extensive local experience, Dr. Do\u011fan has broadened his horizons by participating in medical exchange programs in Europe. He has had the privilege of visiting Europe three times to further his medical skills and perform exclusive VIP surgeries. This exposure has not only enriched his professional acumen but has also allowed him to incorporate international best practices into his approach.<\/p>\n<p>Dr. Do\u011fan\u2019s commitment to excellence is evident in his diverse surgical repertoire, encompassing procedures such as tummy tuck, rhinoplasty, facelift, neck lift, temporal lift, thigh lift, arm lift, BBL (Brazilian Butt Lift), breast aesthetics (including breast lift, breast augmentation, mastopexy, and gynecomastia correction), liposuction, congenital anomaly correction, hand surgery, burn surgery, maxillofacial surgery, and microsurgery.<\/p>\n<p>His international exposure and dedication to staying at the forefront of advancements in plastic surgery make Dr. Ali Do\u011fan a sought-after practitioner, ensuring that his patients receive the highest standard of care with a global perspective.<\/p>\n<p>&nbsp;<\/p>\n<div class=\"cmsmasters_toggle_title\">Conditions Treated<\/div>\n<div class=\"cmsmasters_toggle\">\n<div class=\"cmsmasters_toggle_inner\">\n<ul>\n<li>Tummy Tuck<\/li>\n<li>Rhinoplasty<\/li>\n<li>Facelift<\/li>\n<li>Neck Lift<\/li>\n<li>Temporal Lift<\/li>\n<li>Thigh Lift<\/li>\n<li>Arm Lift<\/li>\n<li>Brazilian Butt Lift (BBL)<\/li>\n<li>Breast Aesthetics, including:<\/li>\n<li>Breast Lift<\/li>\n<li>Breast Augmentation<\/li>\n<li>Mastopexy<\/li>\n<li>Gynecomastia Correction<\/li>\n<li>Liposuction<\/li>\n<li>Correction of Congenital Anomalies<\/li>\n<li>Hand Surgery<\/li>\n<li>Burn Surgery<\/li>\n<li>Maxillofacial Surgery<\/li>\n<li>Microsurgery<\/li>\n<\/ul>\n<\/div>\n<\/div>\n<p>&nbsp;<\/p>\n<p>&nbsp;<\/p>\n<p>&nbsp;<\/p>\n","protected":false},"excerpt":{"rendered":"<p>Dr. Ali Do\u011fan, a distinguished plastic surgeon hailing from Elaz\u0131\u011f, brings a wealth of expertise and a remarkable international perspective to his practice. A graduate of Marmara University Faculty of Medicine, Dr. Do\u011fan completed his residency in the Department of Plastic, Reconstructive, and Aesthetic Surgery at Bolu Abant \u0130zzetbaysal University. In addition to his extensive [&hellip;]<\/p>\n","protected":false},"author":1,"featured_media":0,"parent":0,"menu_order":0,"comment_status":"closed","ping_status":"closed","template":"","meta":{"ocean_post_layout":"","ocean_both_sidebars_style":"","ocean_both_sidebars_content_width":0,"ocean_both_sidebars_sidebars_width":0,"ocean_sidebar":"0","ocean_second_sidebar":"0","ocean_disable_margins":"enable","ocean_add_body_class":"","ocean_shortcode_before_top_bar":"","ocean_shortcode_after_top_bar":"","ocean_shortcode_before_header":"","ocean_shortcode_after_header":"","ocean_has_shortcode":"","ocean_shortcode_after_title":"","ocean_shortcode_before_footer_widgets":"","ocean_shortcode_after_footer_widgets":"","ocean_shortcode_before_footer_bottom":"","ocean_shortcode_after_footer_bottom":"","ocean_display_top_bar":"default","ocean_display_header":"default","ocean_header_style":"","ocean_center_header_left_menu":"0","ocean_custom_header_template":"0","ocean_custom_logo":0,"ocean_custom_retina_logo":0,"ocean_custom_logo_max_width":0,"ocean_custom_logo_tablet_max_width":0,"ocean_custom_logo_mobile_max_width":0,"ocean_custom_logo_max_height":0,"ocean_custom_logo_tablet_max_height":0,"ocean_custom_logo_mobile_max_height":0,"ocean_header_custom_menu":"0","ocean_menu_typo_font_family":"0","ocean_menu_typo_font_subset":"","ocean_menu_typo_font_size":0,"ocean_menu_typo_font_size_tablet":0,"ocean_menu_typo_font_size_mobile":0,"ocean_menu_typo_font_size_unit":"px","ocean_menu_typo_font_weight":"","ocean_menu_typo_font_weight_tablet":"","ocean_menu_typo_font_weight_mobile":"","ocean_menu_typo_transform":"","ocean_menu_typo_transform_tablet":"","ocean_menu_typo_transform_mobile":"","ocean_menu_typo_line_height":0,"ocean_menu_typo_line_height_tablet":0,"ocean_menu_typo_line_height_mobile":0,"ocean_menu_typo_line_height_unit":"","ocean_menu_typo_spacing":0,"ocean_menu_typo_spacing_tablet":0,"ocean_menu_typo_spacing_mobile":0,"ocean_menu_typo_spacing_unit":"","ocean_menu_link_color":"","ocean_menu_link_color_hover":"","ocean_menu_link_color_active":"","ocean_menu_link_background":"","ocean_menu_link_hover_background":"","ocean_menu_link_active_background":"","ocean_menu_social_links_bg":"","ocean_menu_social_hover_links_bg":"","ocean_menu_social_links_color":"","ocean_menu_social_hover_links_color":"","ocean_disable_title":"default","ocean_disable_heading":"default","ocean_post_title":"","ocean_post_subheading":"","ocean_post_title_style":"","ocean_post_title_background_color":"","ocean_post_title_background":0,"ocean_post_title_bg_image_position":"","ocean_post_title_bg_image_attachment":"","ocean_post_title_bg_image_repeat":"","ocean_post_title_bg_image_size":"","ocean_post_title_height":0,"ocean_post_title_bg_overlay":0.5,"ocean_post_title_bg_overlay_color":"","ocean_disable_breadcrumbs":"default","ocean_breadcrumbs_color":"","ocean_breadcrumbs_separator_color":"","ocean_breadcrumbs_links_color":"","ocean_breadcrumbs_links_hover_color":"","ocean_display_footer_widgets":"default","ocean_display_footer_bottom":"default","ocean_custom_footer_template":"","ofc_enable_fullscreen":"disable","ofc_fullscreen_speed":0,"ofc_fullscreen_nav":"enable","ofc_fullscreen_nav_pos":"right","ofc_fullscreen_nav_color":"","ofc_fullscreen_nav_tooltip_color":"","ofc_fullscreen_responsive":0,"osh_disable_topbar_sticky":"default","osh_disable_header_sticky":"default","osh_sticky_header_style":"default","osh_sticky_header_effect":"","osh_custom_sticky_logo":0,"osh_custom_retina_sticky_logo":0,"osh_custom_sticky_logo_height":0,"osh_background_color":"","osh_links_color":"","osh_links_hover_color":"","osh_links_active_color":"","osh_links_bg_color":"","osh_links_hover_bg_color":"","osh_links_active_bg_color":"","osh_menu_social_links_color":"","osh_menu_social_hover_links_color":"","_joinchat":[],"footnotes":""},"class_list":["post-9394","page","type-page","status-publish","hentry","entry"],"_links":{"self":[{"href":"https:\/\/avicennahospitals.com\/sq\/wp-json\/wp\/v2\/pages\/9394","targetHints":{"allow":["GET"]}}],"collection":[{"href":"https:\/\/avicennahospitals.com\/sq\/wp-json\/wp\/v2\/pages"}],"about":[{"href":"https:\/\/avicennahospitals.com\/sq\/wp-json\/wp\/v2\/types\/page"}],"author":[{"embeddable":true,"href":"https:\/\/avicennahospitals.com\/sq\/wp-json\/wp\/v2\/users\/1"}],"replies":[{"embeddable":true,"href":"https:\/\/avicennahospitals.com\/sq\/wp-json\/wp\/v2\/comments?post=9394"}],"version-history":[{"count":0,"href":"https:\/\/avicennahospitals.com\/sq\/wp-json\/wp\/v2\/pages\/9394\/revisions"}],"wp:attachment":[{"href":"https:\/\/avicennahospitals.com\/sq\/wp-json\/wp\/v2\/media?parent=9394"}],"curies":[{"name":"wp","href":"https:\/\/api.w.org\/{rel}","templated":true}]}}