{"id":9365,"date":"2025-02-07T13:45:49","date_gmt":"2025-02-07T10:45:49","guid":{"rendered":"https:\/\/avicennahospitals.com\/dis-doktoru-huseyin-rezai\/"},"modified":"2025-02-07T13:45:49","modified_gmt":"2025-02-07T10:45:49","slug":"dis-doktoru-huseyin-rezai","status":"publish","type":"page","link":"https:\/\/avicennahospitals.com\/fr\/dis-doktoru-huseyin-rezai\/","title":{"rendered":"Di\u015f Doktoru H\u00fcseyin Rezai"},"content":{"rendered":"<p><img fetchpriority=\"high\" decoding=\"async\" class=\"alignnone size-full wp-image-8836\" src=\"https:\/\/avicennahospitals.com\/wp-content\/uploads\/2025\/02\/kartal-dt-huseyin-rezai.webp\" alt=\"\" width=\"800\" height=\"450\" srcset=\"https:\/\/avicennahospitals.com\/wp-content\/uploads\/2025\/02\/kartal-dt-huseyin-rezai.webp 800w, https:\/\/avicennahospitals.com\/wp-content\/uploads\/2025\/02\/kartal-dt-huseyin-rezai-300x169.webp 300w, https:\/\/avicennahospitals.com\/wp-content\/uploads\/2025\/02\/kartal-dt-huseyin-rezai-768x432.webp 768w\" sizes=\"(max-width: 800px) 100vw, 800px\" \/><\/p>\n<p>2016-2017 y\u0131l\u0131nda Kocaeli \u00dcniversitesi Di\u015f Hekimli\u011fi Fak\u00fcltesi\u2019nden mezun oldum. 5 y\u0131ld\u0131r aktif olarak \u00f6zel sekt\u00f6rde \u00e7al\u0131\u015fmaktay\u0131m. G\u00fcl\u00fc\u015f tasar\u0131m\u0131 , implant yap\u0131m\u0131, periimplantitis tedavisi, periodontal hastal\u0131klar\u0131n tedavisi, all on four uygulamas\u0131,\u00a0 implant destekli hareketli ve sabit protezler, hassas ba\u011flant\u0131l\u0131 protezler, kanal tedavisi , ortodonti tedavileri vs tedavilerini uygulamaktay\u0131m. . Kongre ve e\u011fitim programlar\u0131na kat\u0131larak meslek alan\u0131 ile ilgili geli\u015fmeleri yak\u0131ndan takip etmekteyim.<\/p>\n<p>&nbsp;<\/p>\n<div class=\"cmsmasters_toggle_title\">Tedavi Edilen Hastal\u0131klar<\/div>\n<div class=\"cmsmasters_toggle\">\n<div class=\"cmsmasters_toggle_inner\">\n<ul>\n<li>G\u00fcl\u00fc\u015f tasar\u0131m\u0131<\/li>\n<li>\u0130mplant yap\u0131m\u0131<\/li>\n<li>Periimplantitis tedavisi<\/li>\n<li>Periodontal hastal\u0131klar\u0131n tedavisi<\/li>\n<li>All on four uygulamas\u0131<\/li>\n<li>\u0130mplant destekli hareketli ve sabit protezler<\/li>\n<li>Hassas ba\u011flant\u0131l\u0131 protezler<\/li>\n<li>Kanal tedavisi<\/li>\n<li>Ortodonti tedavileri<\/li>\n<\/ul>\n<p>&nbsp;<\/p>\n<\/div>\n<div class=\"cmsmasters_toggle_title\">Tedavi Y\u00f6ntemleri<\/div>\n<div class=\"cmsmasters_toggle\">\n<div class=\"cmsmasters_toggle_inner\">\n<ul>\n<li>Zirkonyum Di\u015f<\/li>\n<li>Direkt ya da \u0130ndirekt Kompozit Uygulamalar<\/li>\n<li>All On Four Uygulamas\u0131<\/li>\n<li>\u0130mplant Destekli, Hareketli ve Sabit Protezler<\/li>\n<li>Hassas Ba\u011flant\u0131l\u0131 Protezler<\/li>\n<li>\u0130mplant Uygulamalar\u0131<\/li>\n<li>Flap, Gingivektomi<\/li>\n<li>Di\u015f Beyazlatma<\/li>\n<li>Cerrahi \u0130\u015flemler<\/li>\n<li>G\u00f6m\u00fcl\u00fc Di\u015f \u00c7ekimi<\/li>\n<li>Amputasyon, Kuafaj, Pulpotomi<\/li>\n<li>Kanal Tedavisi<\/li>\n<li>Di\u015f Ta\u015f\u0131 Temizli\u011fi ve Polisaj<\/li>\n<li>K\u00fcretaj<\/li>\n<\/ul>\n<\/div>\n<\/div>\n<\/div>\n<p>&nbsp;<\/p>\n<div class=\"cmsmasters_toggle_title\">\u00dcye Oldu\u011fu Dernek ve Kurulu\u015flar<\/div>\n<div class=\"cmsmasters_toggle\">\n<div class=\"cmsmasters_toggle_inner\">\n<ul>\n<li>T\u00fcrk Tabipler Birli\u011fi<\/li>\n<\/ul>\n<\/div>\n<\/div>\n","protected":false},"excerpt":{"rendered":"<p>2016-2017 y\u0131l\u0131nda Kocaeli \u00dcniversitesi Di\u015f Hekimli\u011fi Fak\u00fcltesi\u2019nden mezun oldum. 5 y\u0131ld\u0131r aktif olarak \u00f6zel sekt\u00f6rde \u00e7al\u0131\u015fmaktay\u0131m. G\u00fcl\u00fc\u015f tasar\u0131m\u0131 , implant yap\u0131m\u0131, periimplantitis tedavisi, periodontal hastal\u0131klar\u0131n tedavisi, all on four uygulamas\u0131,\u00a0 implant destekli hareketli ve sabit protezler, hassas ba\u011flant\u0131l\u0131 protezler, kanal tedavisi , ortodonti tedavileri vs tedavilerini uygulamaktay\u0131m. . Kongre ve e\u011fitim programlar\u0131na kat\u0131larak meslek alan\u0131 [&hellip;]<\/p>\n","protected":false},"author":1,"featured_media":0,"parent":0,"menu_order":0,"comment_status":"closed","ping_status":"closed","template":"","meta":{"ocean_post_layout":"","ocean_both_sidebars_style":"","ocean_both_sidebars_content_width":0,"ocean_both_sidebars_sidebars_width":0,"ocean_sidebar":"0","ocean_second_sidebar":"0","ocean_disable_margins":"enable","ocean_add_body_class":"","ocean_shortcode_before_top_bar":"","ocean_shortcode_after_top_bar":"","ocean_shortcode_before_header":"","ocean_shortcode_after_header":"","ocean_has_shortcode":"","ocean_shortcode_after_title":"","ocean_shortcode_before_footer_widgets":"","ocean_shortcode_after_footer_widgets":"","ocean_shortcode_before_footer_bottom":"","ocean_shortcode_after_footer_bottom":"","ocean_display_top_bar":"default","ocean_display_header":"default","ocean_header_style":"","ocean_center_header_left_menu":"0","ocean_custom_header_template":"0","ocean_custom_logo":0,"ocean_custom_retina_logo":0,"ocean_custom_logo_max_width":0,"ocean_custom_logo_tablet_max_width":0,"ocean_custom_logo_mobile_max_width":0,"ocean_custom_logo_max_height":0,"ocean_custom_logo_tablet_max_height":0,"ocean_custom_logo_mobile_max_height":0,"ocean_header_custom_menu":"0","ocean_menu_typo_font_family":"0","ocean_menu_typo_font_subset":"","ocean_menu_typo_font_size":0,"ocean_menu_typo_font_size_tablet":0,"ocean_menu_typo_font_size_mobile":0,"ocean_menu_typo_font_size_unit":"px","ocean_menu_typo_font_weight":"","ocean_menu_typo_font_weight_tablet":"","ocean_menu_typo_font_weight_mobile":"","ocean_menu_typo_transform":"","ocean_menu_typo_transform_tablet":"","ocean_menu_typo_transform_mobile":"","ocean_menu_typo_line_height":0,"ocean_menu_typo_line_height_tablet":0,"ocean_menu_typo_line_height_mobile":0,"ocean_menu_typo_line_height_unit":"","ocean_menu_typo_spacing":0,"ocean_menu_typo_spacing_tablet":0,"ocean_menu_typo_spacing_mobile":0,"ocean_menu_typo_spacing_unit":"","ocean_menu_link_color":"","ocean_menu_link_color_hover":"","ocean_menu_link_color_active":"","ocean_menu_link_background":"","ocean_menu_link_hover_background":"","ocean_menu_link_active_background":"","ocean_menu_social_links_bg":"","ocean_menu_social_hover_links_bg":"","ocean_menu_social_links_color":"","ocean_menu_social_hover_links_color":"","ocean_disable_title":"default","ocean_disable_heading":"default","ocean_post_title":"","ocean_post_subheading":"","ocean_post_title_style":"","ocean_post_title_background_color":"","ocean_post_title_background":0,"ocean_post_title_bg_image_position":"","ocean_post_title_bg_image_attachment":"","ocean_post_title_bg_image_repeat":"","ocean_post_title_bg_image_size":"","ocean_post_title_height":0,"ocean_post_title_bg_overlay":0.5,"ocean_post_title_bg_overlay_color":"","ocean_disable_breadcrumbs":"default","ocean_breadcrumbs_color":"","ocean_breadcrumbs_separator_color":"","ocean_breadcrumbs_links_color":"","ocean_breadcrumbs_links_hover_color":"","ocean_display_footer_widgets":"default","ocean_display_footer_bottom":"default","ocean_custom_footer_template":"","ofc_enable_fullscreen":"disable","ofc_fullscreen_speed":0,"ofc_fullscreen_nav":"enable","ofc_fullscreen_nav_pos":"right","ofc_fullscreen_nav_color":"","ofc_fullscreen_nav_tooltip_color":"","ofc_fullscreen_responsive":0,"osh_disable_topbar_sticky":"default","osh_disable_header_sticky":"default","osh_sticky_header_style":"default","osh_sticky_header_effect":"","osh_custom_sticky_logo":0,"osh_custom_retina_sticky_logo":0,"osh_custom_sticky_logo_height":0,"osh_background_color":"","osh_links_color":"","osh_links_hover_color":"","osh_links_active_color":"","osh_links_bg_color":"","osh_links_hover_bg_color":"","osh_links_active_bg_color":"","osh_menu_social_links_color":"","osh_menu_social_hover_links_color":"","_joinchat":[],"footnotes":""},"class_list":["post-9365","page","type-page","status-publish","hentry","entry"],"_links":{"self":[{"href":"https:\/\/avicennahospitals.com\/fr\/wp-json\/wp\/v2\/pages\/9365","targetHints":{"allow":["GET"]}}],"collection":[{"href":"https:\/\/avicennahospitals.com\/fr\/wp-json\/wp\/v2\/pages"}],"about":[{"href":"https:\/\/avicennahospitals.com\/fr\/wp-json\/wp\/v2\/types\/page"}],"author":[{"embeddable":true,"href":"https:\/\/avicennahospitals.com\/fr\/wp-json\/wp\/v2\/users\/1"}],"replies":[{"embeddable":true,"href":"https:\/\/avicennahospitals.com\/fr\/wp-json\/wp\/v2\/comments?post=9365"}],"version-history":[{"count":0,"href":"https:\/\/avicennahospitals.com\/fr\/wp-json\/wp\/v2\/pages\/9365\/revisions"}],"wp:attachment":[{"href":"https:\/\/avicennahospitals.com\/fr\/wp-json\/wp\/v2\/media?parent=9365"}],"curies":[{"name":"wp","href":"https:\/\/api.w.org\/{rel}","templated":true}]}}