{"id":9500,"date":"2025-02-07T13:53:14","date_gmt":"2025-02-07T10:53:14","guid":{"rendered":"https:\/\/avicennahospitals.com\/uzman-doktor-serafettin-sivritas\/"},"modified":"2025-02-07T13:53:14","modified_gmt":"2025-02-07T10:53:14","slug":"uzman-doktor-serafettin-sivritas","status":"publish","type":"page","link":"https:\/\/avicennahospitals.com\/fa\/uzman-doktor-serafettin-sivritas\/","title":{"rendered":"Uzman Doktor \u015eerafettin Sivrita\u015f"},"content":{"rendered":"<p><img fetchpriority=\"high\" decoding=\"async\" class=\"alignnone size-full wp-image-9032\" src=\"https:\/\/avicennahospitals.com\/wp-content\/uploads\/2025\/02\/kartal-uz-dr-serafettin-sivritas.webp\" alt=\"\" width=\"800\" height=\"450\" srcset=\"https:\/\/avicennahospitals.com\/wp-content\/uploads\/2025\/02\/kartal-uz-dr-serafettin-sivritas.webp 800w, https:\/\/avicennahospitals.com\/wp-content\/uploads\/2025\/02\/kartal-uz-dr-serafettin-sivritas-300x169.webp 300w, https:\/\/avicennahospitals.com\/wp-content\/uploads\/2025\/02\/kartal-uz-dr-serafettin-sivritas-768x432.webp 768w\" sizes=\"(max-width: 800px) 100vw, 800px\" \/><\/p>\n<p>1965 y\u0131l\u0131nda Kayseri de do\u011fdum, ilkokulu k\u00f6y\u00fcmde, orta okulu Eski\u015fehir ve Kayseri de okudum, liseyi Kayseri lisesinde bitirdim, Kara Harp okulu ve ODT\u00dc m\u00fchendislikte bir miktar, 2 y\u0131l kadar gezindikten sonra mesle\u011fimin hekimlik ve insanlara yard\u0131m etmek oldu\u011funa karar vererek Erciyes T\u0131p fak\u00fcltesine girdim. 1990 y\u0131l\u0131nda okul 2.si olarak mezun oldum. 1995 y\u0131l\u0131nda Cumhuriyet \u00dcniversitesi T\u0131p Fak\u00fcltesi \u0130\u00e7 Hastal\u0131klar\u0131ndan uzmanl\u0131\u011f\u0131m\u0131 ald\u0131m. 6 ay kadar t\u0131p fak\u00fcltesi i\u00e7 hastal\u0131klar\u0131 klini\u011finde \u00e7al\u0131\u015ft\u0131ktan sonra, 1996 y\u0131l\u0131nda ayr\u0131larak \u0130stanbul a \u00f6zel hastanede \u00e7al\u0131\u015fmak \u00fczere geldim. \u0130lk Esenler Ensar Hastanesi kurucu ba\u015fhekimi olarak ve i\u00e7 hastal\u0131klar\u0131 uzman\u0131 olarak \u00e7al\u0131\u015ft\u0131m. 1998 y\u0131l\u0131nda Umut hastanesi ne kurucu olarak geldim, halen\u00a0 Kartal Avicenna Umut Hastanesi Ba\u015fhekimi ve \u0130\u00e7 Hastal\u0131klar\u0131 Uzman\u0131 olarak \u00e7al\u0131\u015fmaya devam ediyorum.<\/p>\n<p>&nbsp;<\/p>\n<div class=\"cmsmasters_toggle_title\">Tedavi Edilen Hastal\u0131klar<\/div>\n<div class=\"cmsmasters_toggle\">\n<div class=\"cmsmasters_toggle_inner\">\n<ul>\n<li>\u0130\u00e7 Hastal\u0131klar\u0131<\/li>\n<\/ul>\n<\/div>\n<\/div>\n","protected":false},"excerpt":{"rendered":"<p>1965 y\u0131l\u0131nda Kayseri de do\u011fdum, ilkokulu k\u00f6y\u00fcmde, orta okulu Eski\u015fehir ve Kayseri de okudum, liseyi Kayseri lisesinde bitirdim, Kara Harp okulu ve ODT\u00dc m\u00fchendislikte bir miktar, 2 y\u0131l kadar gezindikten sonra mesle\u011fimin hekimlik ve insanlara yard\u0131m etmek oldu\u011funa karar vererek Erciyes T\u0131p fak\u00fcltesine girdim. 1990 y\u0131l\u0131nda okul 2.si olarak mezun oldum. 1995 y\u0131l\u0131nda Cumhuriyet \u00dcniversitesi [&hellip;]<\/p>\n","protected":false},"author":1,"featured_media":0,"parent":0,"menu_order":0,"comment_status":"closed","ping_status":"closed","template":"","meta":{"ocean_post_layout":"","ocean_both_sidebars_style":"","ocean_both_sidebars_content_width":0,"ocean_both_sidebars_sidebars_width":0,"ocean_sidebar":"0","ocean_second_sidebar":"0","ocean_disable_margins":"enable","ocean_add_body_class":"","ocean_shortcode_before_top_bar":"","ocean_shortcode_after_top_bar":"","ocean_shortcode_before_header":"","ocean_shortcode_after_header":"","ocean_has_shortcode":"","ocean_shortcode_after_title":"","ocean_shortcode_before_footer_widgets":"","ocean_shortcode_after_footer_widgets":"","ocean_shortcode_before_footer_bottom":"","ocean_shortcode_after_footer_bottom":"","ocean_display_top_bar":"default","ocean_display_header":"default","ocean_header_style":"","ocean_center_header_left_menu":"0","ocean_custom_header_template":"0","ocean_custom_logo":0,"ocean_custom_retina_logo":0,"ocean_custom_logo_max_width":0,"ocean_custom_logo_tablet_max_width":0,"ocean_custom_logo_mobile_max_width":0,"ocean_custom_logo_max_height":0,"ocean_custom_logo_tablet_max_height":0,"ocean_custom_logo_mobile_max_height":0,"ocean_header_custom_menu":"0","ocean_menu_typo_font_family":"0","ocean_menu_typo_font_subset":"","ocean_menu_typo_font_size":0,"ocean_menu_typo_font_size_tablet":0,"ocean_menu_typo_font_size_mobile":0,"ocean_menu_typo_font_size_unit":"px","ocean_menu_typo_font_weight":"","ocean_menu_typo_font_weight_tablet":"","ocean_menu_typo_font_weight_mobile":"","ocean_menu_typo_transform":"","ocean_menu_typo_transform_tablet":"","ocean_menu_typo_transform_mobile":"","ocean_menu_typo_line_height":0,"ocean_menu_typo_line_height_tablet":0,"ocean_menu_typo_line_height_mobile":0,"ocean_menu_typo_line_height_unit":"","ocean_menu_typo_spacing":0,"ocean_menu_typo_spacing_tablet":0,"ocean_menu_typo_spacing_mobile":0,"ocean_menu_typo_spacing_unit":"","ocean_menu_link_color":"","ocean_menu_link_color_hover":"","ocean_menu_link_color_active":"","ocean_menu_link_background":"","ocean_menu_link_hover_background":"","ocean_menu_link_active_background":"","ocean_menu_social_links_bg":"","ocean_menu_social_hover_links_bg":"","ocean_menu_social_links_color":"","ocean_menu_social_hover_links_color":"","ocean_disable_title":"default","ocean_disable_heading":"default","ocean_post_title":"","ocean_post_subheading":"","ocean_post_title_style":"","ocean_post_title_background_color":"","ocean_post_title_background":0,"ocean_post_title_bg_image_position":"","ocean_post_title_bg_image_attachment":"","ocean_post_title_bg_image_repeat":"","ocean_post_title_bg_image_size":"","ocean_post_title_height":0,"ocean_post_title_bg_overlay":0.5,"ocean_post_title_bg_overlay_color":"","ocean_disable_breadcrumbs":"default","ocean_breadcrumbs_color":"","ocean_breadcrumbs_separator_color":"","ocean_breadcrumbs_links_color":"","ocean_breadcrumbs_links_hover_color":"","ocean_display_footer_widgets":"default","ocean_display_footer_bottom":"default","ocean_custom_footer_template":"","ofc_enable_fullscreen":"disable","ofc_fullscreen_speed":0,"ofc_fullscreen_nav":"enable","ofc_fullscreen_nav_pos":"right","ofc_fullscreen_nav_color":"","ofc_fullscreen_nav_tooltip_color":"","ofc_fullscreen_responsive":0,"osh_disable_topbar_sticky":"default","osh_disable_header_sticky":"default","osh_sticky_header_style":"default","osh_sticky_header_effect":"","osh_custom_sticky_logo":0,"osh_custom_retina_sticky_logo":0,"osh_custom_sticky_logo_height":0,"osh_background_color":"","osh_links_color":"","osh_links_hover_color":"","osh_links_active_color":"","osh_links_bg_color":"","osh_links_hover_bg_color":"","osh_links_active_bg_color":"","osh_menu_social_links_color":"","osh_menu_social_hover_links_color":"","_joinchat":[],"footnotes":""},"class_list":["post-9500","page","type-page","status-publish","hentry","entry"],"_links":{"self":[{"href":"https:\/\/avicennahospitals.com\/fa\/wp-json\/wp\/v2\/pages\/9500","targetHints":{"allow":["GET"]}}],"collection":[{"href":"https:\/\/avicennahospitals.com\/fa\/wp-json\/wp\/v2\/pages"}],"about":[{"href":"https:\/\/avicennahospitals.com\/fa\/wp-json\/wp\/v2\/types\/page"}],"author":[{"embeddable":true,"href":"https:\/\/avicennahospitals.com\/fa\/wp-json\/wp\/v2\/users\/1"}],"replies":[{"embeddable":true,"href":"https:\/\/avicennahospitals.com\/fa\/wp-json\/wp\/v2\/comments?post=9500"}],"version-history":[{"count":0,"href":"https:\/\/avicennahospitals.com\/fa\/wp-json\/wp\/v2\/pages\/9500\/revisions"}],"wp:attachment":[{"href":"https:\/\/avicennahospitals.com\/fa\/wp-json\/wp\/v2\/media?parent=9500"}],"curies":[{"name":"wp","href":"https:\/\/api.w.org\/{rel}","templated":true}]}}