{"id":9433,"date":"2025-02-07T13:33:27","date_gmt":"2025-02-07T10:33:27","guid":{"rendered":"https:\/\/avicennahospitals.com\/operator-doktor-baran-unal\/"},"modified":"2025-02-07T13:33:27","modified_gmt":"2025-02-07T10:33:27","slug":"operator-doktor-baran-unal","status":"publish","type":"page","link":"https:\/\/avicennahospitals.com\/fa\/operator-doktor-baran-unal\/","title":{"rendered":"Operat\u00f6r Doktor Baran \u00dcnal"},"content":{"rendered":"<h2><img fetchpriority=\"high\" decoding=\"async\" class=\"alignnone size-full wp-image-8592\" src=\"https:\/\/avicennahospitals.com\/wp-content\/uploads\/2025\/02\/kartal-op-dr-baran-unal.webp\" alt=\"\" width=\"800\" height=\"450\" srcset=\"https:\/\/avicennahospitals.com\/wp-content\/uploads\/2025\/02\/kartal-op-dr-baran-unal.webp 800w, https:\/\/avicennahospitals.com\/wp-content\/uploads\/2025\/02\/kartal-op-dr-baran-unal-300x169.webp 300w, https:\/\/avicennahospitals.com\/wp-content\/uploads\/2025\/02\/kartal-op-dr-baran-unal-768x432.webp 768w\" sizes=\"(max-width: 800px) 100vw, 800px\" \/><\/h2>\n<h2 class=\"LC20lb MBeuO DKV0Md\">Op. Dr. Baran \u00dcnal Hakk\u0131nda<\/h2>\n<p class=\"LC20lb MBeuO DKV0Md\">Ankara da 1967 y\u0131l\u0131nda do\u011fdum. \u0130stanbul \u00fcniversitesi Cerrahpa\u015fa T\u0131p Fak\u00fcltesinden mezun oldum. Kartal E\u011fitim Ara\u015ft\u0131rma hastanesinde ihtisas\u0131m\u0131 tamamlad\u0131ktan sonra \u00f6zel sekt\u00f6rde \u00e7al\u0131\u015fmaya ba\u015flad\u0131m 4 y\u0131l \u00f6zel muayenehane deneyimim sonras\u0131 2005 y\u0131l\u0131nda itibaren \u00d6zel Hospital T\u00fcrk hastanesinde uzman olarak \u00e7al\u0131\u015ft\u0131m. 2016 y\u0131l\u0131nda bir y\u0131l boyunca \u00d6zel G\u00f6ztepe Medical Park Hastanesinde g\u00f6rev yapt\u0131m daha sonra tekrar \u00d6zel Hospital T\u00fcrk Hastanesine ge\u00e7tim. \u015eu anda Avicenna Kartal Umut Hastanesi\u2019nde g\u00f6rev yapmaktay\u0131m.<\/p>\n<p>&nbsp;<\/p>\n<div class=\"cmsmasters_toggle_title\">Tedavi Edilen Hastal\u0131klar<\/div>\n<div class=\"cmsmasters_toggle\">\n<div class=\"cmsmasters_toggle_inner\">\n<ul>\n<li>Kar\u0131n Germe (Tummy Tuck)<\/li>\n<li>Rinoplasti (Burun Esteti\u011fi)<\/li>\n<li>Y\u00fcz Germe<\/li>\n<li>Boyun Germe<\/li>\n<li>Temporal Germe<\/li>\n<li>Uyluk Germe<\/li>\n<li>Kol Germe<\/li>\n<li>Brezilya Popo Kald\u0131rma (BBL)<\/li>\n<li>Meme Esteti\u011fi, \u015funlar\u0131 i\u00e7ermektedir:<\/li>\n<li>Meme Kald\u0131rma<\/li>\n<li>Meme B\u00fcy\u00fctme<\/li>\n<li>Mastopeksi<\/li>\n<li>Jinekomasti D\u00fczeltme<\/li>\n<li>Liposuction<\/li>\n<li>Do\u011fu\u015ftan Anomali D\u00fczeltme<\/li>\n<li>El Cerrahisi<\/li>\n<li>Yan\u0131k Cerrahisi<\/li>\n<li>\u00c7ene Cerrahisi<\/li>\n<li>Mikrocerrahi<\/li>\n<\/ul>\n<\/div>\n<\/div>\n<p>&nbsp;<\/p>\n<p>&nbsp;<\/p>\n","protected":false},"excerpt":{"rendered":"<p>Op. Dr. Baran \u00dcnal Hakk\u0131nda Ankara da 1967 y\u0131l\u0131nda do\u011fdum. \u0130stanbul \u00fcniversitesi Cerrahpa\u015fa T\u0131p Fak\u00fcltesinden mezun oldum. Kartal E\u011fitim Ara\u015ft\u0131rma hastanesinde ihtisas\u0131m\u0131 tamamlad\u0131ktan sonra \u00f6zel sekt\u00f6rde \u00e7al\u0131\u015fmaya ba\u015flad\u0131m 4 y\u0131l \u00f6zel muayenehane deneyimim sonras\u0131 2005 y\u0131l\u0131nda itibaren \u00d6zel Hospital T\u00fcrk hastanesinde uzman olarak \u00e7al\u0131\u015ft\u0131m. 2016 y\u0131l\u0131nda bir y\u0131l boyunca \u00d6zel G\u00f6ztepe Medical Park Hastanesinde g\u00f6rev [&hellip;]<\/p>\n","protected":false},"author":1,"featured_media":0,"parent":0,"menu_order":0,"comment_status":"closed","ping_status":"closed","template":"","meta":{"ocean_post_layout":"","ocean_both_sidebars_style":"","ocean_both_sidebars_content_width":0,"ocean_both_sidebars_sidebars_width":0,"ocean_sidebar":"0","ocean_second_sidebar":"0","ocean_disable_margins":"enable","ocean_add_body_class":"","ocean_shortcode_before_top_bar":"","ocean_shortcode_after_top_bar":"","ocean_shortcode_before_header":"","ocean_shortcode_after_header":"","ocean_has_shortcode":"","ocean_shortcode_after_title":"","ocean_shortcode_before_footer_widgets":"","ocean_shortcode_after_footer_widgets":"","ocean_shortcode_before_footer_bottom":"","ocean_shortcode_after_footer_bottom":"","ocean_display_top_bar":"default","ocean_display_header":"default","ocean_header_style":"","ocean_center_header_left_menu":"0","ocean_custom_header_template":"0","ocean_custom_logo":0,"ocean_custom_retina_logo":0,"ocean_custom_logo_max_width":0,"ocean_custom_logo_tablet_max_width":0,"ocean_custom_logo_mobile_max_width":0,"ocean_custom_logo_max_height":0,"ocean_custom_logo_tablet_max_height":0,"ocean_custom_logo_mobile_max_height":0,"ocean_header_custom_menu":"0","ocean_menu_typo_font_family":"0","ocean_menu_typo_font_subset":"","ocean_menu_typo_font_size":0,"ocean_menu_typo_font_size_tablet":0,"ocean_menu_typo_font_size_mobile":0,"ocean_menu_typo_font_size_unit":"px","ocean_menu_typo_font_weight":"","ocean_menu_typo_font_weight_tablet":"","ocean_menu_typo_font_weight_mobile":"","ocean_menu_typo_transform":"","ocean_menu_typo_transform_tablet":"","ocean_menu_typo_transform_mobile":"","ocean_menu_typo_line_height":0,"ocean_menu_typo_line_height_tablet":0,"ocean_menu_typo_line_height_mobile":0,"ocean_menu_typo_line_height_unit":"","ocean_menu_typo_spacing":0,"ocean_menu_typo_spacing_tablet":0,"ocean_menu_typo_spacing_mobile":0,"ocean_menu_typo_spacing_unit":"","ocean_menu_link_color":"","ocean_menu_link_color_hover":"","ocean_menu_link_color_active":"","ocean_menu_link_background":"","ocean_menu_link_hover_background":"","ocean_menu_link_active_background":"","ocean_menu_social_links_bg":"","ocean_menu_social_hover_links_bg":"","ocean_menu_social_links_color":"","ocean_menu_social_hover_links_color":"","ocean_disable_title":"default","ocean_disable_heading":"default","ocean_post_title":"","ocean_post_subheading":"","ocean_post_title_style":"","ocean_post_title_background_color":"","ocean_post_title_background":0,"ocean_post_title_bg_image_position":"","ocean_post_title_bg_image_attachment":"","ocean_post_title_bg_image_repeat":"","ocean_post_title_bg_image_size":"","ocean_post_title_height":0,"ocean_post_title_bg_overlay":0.5,"ocean_post_title_bg_overlay_color":"","ocean_disable_breadcrumbs":"default","ocean_breadcrumbs_color":"","ocean_breadcrumbs_separator_color":"","ocean_breadcrumbs_links_color":"","ocean_breadcrumbs_links_hover_color":"","ocean_display_footer_widgets":"default","ocean_display_footer_bottom":"default","ocean_custom_footer_template":"","ofc_enable_fullscreen":"disable","ofc_fullscreen_speed":0,"ofc_fullscreen_nav":"enable","ofc_fullscreen_nav_pos":"right","ofc_fullscreen_nav_color":"","ofc_fullscreen_nav_tooltip_color":"","ofc_fullscreen_responsive":0,"osh_disable_topbar_sticky":"default","osh_disable_header_sticky":"default","osh_sticky_header_style":"default","osh_sticky_header_effect":"","osh_custom_sticky_logo":0,"osh_custom_retina_sticky_logo":0,"osh_custom_sticky_logo_height":0,"osh_background_color":"","osh_links_color":"","osh_links_hover_color":"","osh_links_active_color":"","osh_links_bg_color":"","osh_links_hover_bg_color":"","osh_links_active_bg_color":"","osh_menu_social_links_color":"","osh_menu_social_hover_links_color":"","_joinchat":[],"footnotes":""},"class_list":["post-9433","page","type-page","status-publish","hentry","entry"],"_links":{"self":[{"href":"https:\/\/avicennahospitals.com\/fa\/wp-json\/wp\/v2\/pages\/9433","targetHints":{"allow":["GET"]}}],"collection":[{"href":"https:\/\/avicennahospitals.com\/fa\/wp-json\/wp\/v2\/pages"}],"about":[{"href":"https:\/\/avicennahospitals.com\/fa\/wp-json\/wp\/v2\/types\/page"}],"author":[{"embeddable":true,"href":"https:\/\/avicennahospitals.com\/fa\/wp-json\/wp\/v2\/users\/1"}],"replies":[{"embeddable":true,"href":"https:\/\/avicennahospitals.com\/fa\/wp-json\/wp\/v2\/comments?post=9433"}],"version-history":[{"count":0,"href":"https:\/\/avicennahospitals.com\/fa\/wp-json\/wp\/v2\/pages\/9433\/revisions"}],"wp:attachment":[{"href":"https:\/\/avicennahospitals.com\/fa\/wp-json\/wp\/v2\/media?parent=9433"}],"curies":[{"name":"wp","href":"https:\/\/api.w.org\/{rel}","templated":true}]}}