{"id":9443,"date":"2025-02-07T13:38:09","date_gmt":"2025-02-07T10:38:09","guid":{"rendered":"https:\/\/avicennahospitals.com\/psikolog-elvin-bolukbas\/"},"modified":"2025-02-07T13:38:09","modified_gmt":"2025-02-07T10:38:09","slug":"psikolog-elvin-bolukbas","status":"publish","type":"page","link":"https:\/\/avicennahospitals.com\/de\/psikolog-elvin-bolukbas\/","title":{"rendered":"Psikolog Elvin B\u00f6l\u00fckba\u015f"},"content":{"rendered":"<p><img fetchpriority=\"high\" decoding=\"async\" class=\"alignnone size-full wp-image-8691\" src=\"https:\/\/avicennahospitals.com\/wp-content\/uploads\/2025\/02\/uzm-klinik-psk-elvin-bolukbas.webp\" alt=\"\" width=\"800\" height=\"450\" srcset=\"https:\/\/avicennahospitals.com\/wp-content\/uploads\/2025\/02\/uzm-klinik-psk-elvin-bolukbas.webp 800w, https:\/\/avicennahospitals.com\/wp-content\/uploads\/2025\/02\/uzm-klinik-psk-elvin-bolukbas-300x169.webp 300w, https:\/\/avicennahospitals.com\/wp-content\/uploads\/2025\/02\/uzm-klinik-psk-elvin-bolukbas-768x432.webp 768w\" sizes=\"(max-width: 800px) 100vw, 800px\" \/><\/p>\n<p>2009 y\u0131l\u0131nda girdi\u011fim Yeditepe \u00dcniversitesi\u2019nde Psikoloji Lisans\u0131n\u0131 2014 y\u0131l\u0131nda onur derecesiyle tamamlad\u0131m. Lisans e\u011fitimi s\u0131ras\u0131nda Erenk\u00f6y Ruh ve Sinir Hastal\u0131klar\u0131 Hastanesi, D\u00fc\u015fler Akademisi, \u00d6zel e\u011fitimler ve \u00e7e\u015fitli anaokullar\u0131nda stajer psikolog olarak g\u00f6rev yapt\u0131m.<\/p>\n<p>Lisans e\u011fitimini tamamlad\u0131ktan sonra Marmara \u00dcniversitesi Pedagojik Formasyon e\u011fitimini alarak 2015-2018 y\u0131llar\u0131 aras\u0131nda farkl\u0131 e\u011fitim kurumlar\u0131nda ve dan\u0131\u015fmanl\u0131k merkezlerinde \u00f6\u011frencilerin kariyer geli\u015fimleri, motivasyonel \u00e7al\u0131\u015fmalar, dikkat eksiklikleri, akran ili\u015fkileri \u00f6\u011frenci g\u00f6zlemleri ve veli g\u00f6r\u00fc\u015fmeleri gibi bir\u00e7ok konular \u00fczerinde \u00e7al\u0131\u015fmalar yapt\u0131m.<\/p>\n<p>2016 y\u0131l\u0131nda girdi\u011fim \u00dcsk\u00fcdar \u00dcniversitesi\u2019nde Tezli Klinik Psikoloji y\u00fcksek lisans program\u0131n\u0131 2018 y\u0131l\u0131nda tamamlayarak\u00a0 Klinik Psikolog unvan\u0131 almaya hak kazand\u0131m. Y\u00fcksek lisans\u0131m\u0131 tamamlad\u0131ktan sonra 1 sene Psikolojik Dan\u0131\u015fmanl\u0131k Merkezlerinde hastanede \u00e7ocuk ergen yeti\u015fkin bireylerle \u00e7al\u0131\u015fmaya devam ettim.<\/p>\n<p>2019 y\u0131l\u0131ndan beri Avicenna Umut hastanesinde \u00c7ocuk, Ergen ve Yeti\u015fkinler bireylerle \u00e7al\u0131\u015fmaktay\u0131m.<\/p>\n","protected":false},"excerpt":{"rendered":"<p>2009 y\u0131l\u0131nda girdi\u011fim Yeditepe \u00dcniversitesi\u2019nde Psikoloji Lisans\u0131n\u0131 2014 y\u0131l\u0131nda onur derecesiyle tamamlad\u0131m. Lisans e\u011fitimi s\u0131ras\u0131nda Erenk\u00f6y Ruh ve Sinir Hastal\u0131klar\u0131 Hastanesi, D\u00fc\u015fler Akademisi, \u00d6zel e\u011fitimler ve \u00e7e\u015fitli anaokullar\u0131nda stajer psikolog olarak g\u00f6rev yapt\u0131m. Lisans e\u011fitimini tamamlad\u0131ktan sonra Marmara \u00dcniversitesi Pedagojik Formasyon e\u011fitimini alarak 2015-2018 y\u0131llar\u0131 aras\u0131nda farkl\u0131 e\u011fitim kurumlar\u0131nda ve dan\u0131\u015fmanl\u0131k merkezlerinde \u00f6\u011frencilerin kariyer geli\u015fimleri, [&hellip;]<\/p>\n","protected":false},"author":1,"featured_media":0,"parent":0,"menu_order":0,"comment_status":"closed","ping_status":"closed","template":"","meta":{"ocean_post_layout":"","ocean_both_sidebars_style":"","ocean_both_sidebars_content_width":0,"ocean_both_sidebars_sidebars_width":0,"ocean_sidebar":"0","ocean_second_sidebar":"0","ocean_disable_margins":"enable","ocean_add_body_class":"","ocean_shortcode_before_top_bar":"","ocean_shortcode_after_top_bar":"","ocean_shortcode_before_header":"","ocean_shortcode_after_header":"","ocean_has_shortcode":"","ocean_shortcode_after_title":"","ocean_shortcode_before_footer_widgets":"","ocean_shortcode_after_footer_widgets":"","ocean_shortcode_before_footer_bottom":"","ocean_shortcode_after_footer_bottom":"","ocean_display_top_bar":"default","ocean_display_header":"default","ocean_header_style":"","ocean_center_header_left_menu":"0","ocean_custom_header_template":"0","ocean_custom_logo":0,"ocean_custom_retina_logo":0,"ocean_custom_logo_max_width":0,"ocean_custom_logo_tablet_max_width":0,"ocean_custom_logo_mobile_max_width":0,"ocean_custom_logo_max_height":0,"ocean_custom_logo_tablet_max_height":0,"ocean_custom_logo_mobile_max_height":0,"ocean_header_custom_menu":"0","ocean_menu_typo_font_family":"0","ocean_menu_typo_font_subset":"","ocean_menu_typo_font_size":0,"ocean_menu_typo_font_size_tablet":0,"ocean_menu_typo_font_size_mobile":0,"ocean_menu_typo_font_size_unit":"px","ocean_menu_typo_font_weight":"","ocean_menu_typo_font_weight_tablet":"","ocean_menu_typo_font_weight_mobile":"","ocean_menu_typo_transform":"","ocean_menu_typo_transform_tablet":"","ocean_menu_typo_transform_mobile":"","ocean_menu_typo_line_height":0,"ocean_menu_typo_line_height_tablet":0,"ocean_menu_typo_line_height_mobile":0,"ocean_menu_typo_line_height_unit":"","ocean_menu_typo_spacing":0,"ocean_menu_typo_spacing_tablet":0,"ocean_menu_typo_spacing_mobile":0,"ocean_menu_typo_spacing_unit":"","ocean_menu_link_color":"","ocean_menu_link_color_hover":"","ocean_menu_link_color_active":"","ocean_menu_link_background":"","ocean_menu_link_hover_background":"","ocean_menu_link_active_background":"","ocean_menu_social_links_bg":"","ocean_menu_social_hover_links_bg":"","ocean_menu_social_links_color":"","ocean_menu_social_hover_links_color":"","ocean_disable_title":"default","ocean_disable_heading":"default","ocean_post_title":"","ocean_post_subheading":"","ocean_post_title_style":"","ocean_post_title_background_color":"","ocean_post_title_background":0,"ocean_post_title_bg_image_position":"","ocean_post_title_bg_image_attachment":"","ocean_post_title_bg_image_repeat":"","ocean_post_title_bg_image_size":"","ocean_post_title_height":0,"ocean_post_title_bg_overlay":0.5,"ocean_post_title_bg_overlay_color":"","ocean_disable_breadcrumbs":"default","ocean_breadcrumbs_color":"","ocean_breadcrumbs_separator_color":"","ocean_breadcrumbs_links_color":"","ocean_breadcrumbs_links_hover_color":"","ocean_display_footer_widgets":"default","ocean_display_footer_bottom":"default","ocean_custom_footer_template":"","ofc_enable_fullscreen":"disable","ofc_fullscreen_speed":0,"ofc_fullscreen_nav":"enable","ofc_fullscreen_nav_pos":"right","ofc_fullscreen_nav_color":"","ofc_fullscreen_nav_tooltip_color":"","ofc_fullscreen_responsive":0,"osh_disable_topbar_sticky":"default","osh_disable_header_sticky":"default","osh_sticky_header_style":"default","osh_sticky_header_effect":"","osh_custom_sticky_logo":0,"osh_custom_retina_sticky_logo":0,"osh_custom_sticky_logo_height":0,"osh_background_color":"","osh_links_color":"","osh_links_hover_color":"","osh_links_active_color":"","osh_links_bg_color":"","osh_links_hover_bg_color":"","osh_links_active_bg_color":"","osh_menu_social_links_color":"","osh_menu_social_hover_links_color":"","_joinchat":[],"footnotes":""},"class_list":["post-9443","page","type-page","status-publish","hentry","entry"],"_links":{"self":[{"href":"https:\/\/avicennahospitals.com\/de\/wp-json\/wp\/v2\/pages\/9443","targetHints":{"allow":["GET"]}}],"collection":[{"href":"https:\/\/avicennahospitals.com\/de\/wp-json\/wp\/v2\/pages"}],"about":[{"href":"https:\/\/avicennahospitals.com\/de\/wp-json\/wp\/v2\/types\/page"}],"author":[{"embeddable":true,"href":"https:\/\/avicennahospitals.com\/de\/wp-json\/wp\/v2\/users\/1"}],"replies":[{"embeddable":true,"href":"https:\/\/avicennahospitals.com\/de\/wp-json\/wp\/v2\/comments?post=9443"}],"version-history":[{"count":0,"href":"https:\/\/avicennahospitals.com\/de\/wp-json\/wp\/v2\/pages\/9443\/revisions"}],"wp:attachment":[{"href":"https:\/\/avicennahospitals.com\/de\/wp-json\/wp\/v2\/media?parent=9443"}],"curies":[{"name":"wp","href":"https:\/\/api.w.org\/{rel}","templated":true}]}}