{"id":9485,"date":"2025-02-07T13:51:12","date_gmt":"2025-02-07T10:51:12","guid":{"rendered":"https:\/\/avicennahospitals.com\/uzman-doktor-redwan-seid-busery\/"},"modified":"2025-02-07T13:51:12","modified_gmt":"2025-02-07T10:51:12","slug":"uzman-doktor-redwan-seid-busery","status":"publish","type":"page","link":"https:\/\/avicennahospitals.com\/az\/uzman-doktor-redwan-seid-busery\/","title":{"rendered":"Uzman Doktor Redwan Seid Busery"},"content":{"rendered":"<p><img fetchpriority=\"high\" decoding=\"async\" class=\"alignnone size-full wp-image-8982\" src=\"https:\/\/avicennahospitals.com\/wp-content\/uploads\/2025\/02\/kartal-uz-dr-redwan-seid-busery.webp\" alt=\"\" width=\"800\" height=\"450\" srcset=\"https:\/\/avicennahospitals.com\/wp-content\/uploads\/2025\/02\/kartal-uz-dr-redwan-seid-busery.webp 800w, https:\/\/avicennahospitals.com\/wp-content\/uploads\/2025\/02\/kartal-uz-dr-redwan-seid-busery-300x169.webp 300w, https:\/\/avicennahospitals.com\/wp-content\/uploads\/2025\/02\/kartal-uz-dr-redwan-seid-busery-768x432.webp 768w\" sizes=\"(max-width: 800px) 100vw, 800px\" \/><\/p>\n<p>1992 y\u0131l\u0131nda Etiyopya\u2019da do\u011fmu\u015ftur. \u0130lk orta ve lise e\u011fitimini Etiyopya\u2019da tamamlam\u0131\u015ft\u0131r. 2010 y\u0131l\u0131nda St.Paul Millenium Medical College derece ile kazan\u0131p T\u0131p Fak\u00fcltesi e\u011fitimine ba\u015flam\u0131\u015ft\u0131r. 2012 y\u0131l\u0131nda Ondokuz May\u0131s \u00dcniversitesi T\u0131p Fak\u00fcltesine giri\u015f yapm\u0131\u015ft\u0131r ve 2018 y\u0131l\u0131nda mezun olmu\u015ftur. Mezun oldu\u011fu ayn\u0131 y\u0131l Marmara \u00dcniversitesi Pendik E\u011fitim ve Ara\u015ft\u0131rma Hastanesi Kardiyoloji Anabilim Dal\u0131\u2019nda ihtisas\u0131na ba\u015flam\u0131\u015ft\u0131r. 2023 y\u0131l\u0131nda ihtisas\u0131n\u0131 bitirmi\u015ftir. 2024 y\u0131l\u0131nda Avicenna ailesine kat\u0131lm\u0131\u015f ve Avicenna Umut Hastanesi\u2019nde kardiyoloji b\u00f6l\u00fcm\u00fcnde uzman olarak \u00e7al\u0131\u015fmaktad\u0131r.<\/p>\n<p>&nbsp;<\/p>\n<div class=\"cmsmasters_toggle_title\">Tedavi Edilen Hastal\u0131klar<\/div>\n<div class=\"cmsmasters_toggle\">\n<div class=\"cmsmasters_toggle_inner\">\n<ul>\n<li>Hipertansiyon<\/li>\n<li>Kalp Damar Hastal\u0131klar\u0131 (Kalp Krizi ve Damar T\u0131kan\u0131kl\u0131klar\u0131)<\/li>\n<li>Kalp Ritim bozukluklar\u0131<\/li>\n<li>Kalp kapak hastal\u0131klar\u0131 (Yetmezlikler ve Darl\u0131klar)<\/li>\n<li>Kalp Yetmezli\u011fi<\/li>\n<li>Kolesterol Y\u00fckseklikleri (Dislipidemi)<\/li>\n<li>Periferik Damar Hastal\u0131klar\u0131<\/li>\n<li>Pulmoner (Akci\u011fer) Hipertansiyonu<\/li>\n<\/ul>\n<\/div>\n<\/div>\n<p>&nbsp;<\/p>\n<div class=\"cmsmasters_toggle_title\">Tedavi Y\u00f6ntemleri<\/div>\n<div class=\"cmsmasters_toggle\">\n<div class=\"cmsmasters_toggle_inner\">\n<ul>\n<li>Elektrokardiyografi (EKG) \u00c7ekimi<\/li>\n<li>Ekokardiyografi (EKO) \u00c7ekimi<\/li>\n<li>Anjijografi \u0130\u015flemi (ANJ\u0130O)<\/li>\n<li>Balon ve Stent Uygulamalar\u0131<\/li>\n<li>Bilgisayarl\u0131 Tomografi ile Koroner Anjio<\/li>\n<li>Kardiyovask\u00fcler Stres Testleri (Efor Testi ve Kalp Sintigrafisi)<\/li>\n<li>24-48-72 Saatlik Ekg Monit\u00f6rizasyonu (Ritim Holter)<\/li>\n<li>24 Saatlik Ambulatuar Kan Bas\u0131nc\u0131 Monit\u00f6rizasyonu (Tansiyon Holter )<\/li>\n<\/ul>\n<\/div>\n<\/div>\n<p>&nbsp;<\/p>\n<div class=\"cmsmasters_toggle_title\">Kat\u0131ld\u0131\u011f\u0131 Kongreler<\/div>\n<div class=\"cmsmasters_toggle\">\n<div class=\"cmsmasters_toggle_inner\">\n<ul>\n<li>39. Ulusal Kardiyoloji Kongresi, Kas\u0131m 2023<\/li>\n<li>2. Ulusal Kalp Yetersizli\u011fi Toplant\u0131s\u0131, Haziran 2023<\/li>\n<li>EuroPCR , European Association of Percutaneous Cardiovascular \u0130ntervention, May\u0131s 2023<\/li>\n<li>Kardiyak G\u00f6r\u00fcnt\u00fcleme Kursu, Kardiyovask\u00fcler Akademik Derne\u011fi, Eyl\u00fcl 2022<\/li>\n<li>ACS22, Advanced Cardiovascular Solutions, Eyl\u00fcl 2022<\/li>\n<li>28. Ulusal Uygulamal\u0131 Giri\u015fimsel Kardiyoloji Toplant\u0131s\u0131, Ekim 2021<\/li>\n<li>ACS21, Advanced Cardiovascular Solutions, Ekim 2021<\/li>\n<\/ul>\n<\/div>\n<\/div>\n<p>&nbsp;<\/p>\n<div class=\"cmsmasters_toggle_title\">\u00dcye Oldu\u011fu Dernek ve Kurulu\u015flar<\/div>\n<div class=\"cmsmasters_toggle\">\n<div class=\"cmsmasters_toggle_inner\">\n<ul>\n<li>T\u00fcrk Kardiyoloji Derne\u011fi (TKD)<\/li>\n<li>Avrupa Kardiyoloji Derne\u011fi (ESC)<\/li>\n<li>T\u00fcrk Tabip Odas\u0131<\/li>\n<\/ul>\n<\/div>\n<\/div>\n","protected":false},"excerpt":{"rendered":"<p>1992 y\u0131l\u0131nda Etiyopya\u2019da do\u011fmu\u015ftur. \u0130lk orta ve lise e\u011fitimini Etiyopya\u2019da tamamlam\u0131\u015ft\u0131r. 2010 y\u0131l\u0131nda St.Paul Millenium Medical College derece ile kazan\u0131p T\u0131p Fak\u00fcltesi e\u011fitimine ba\u015flam\u0131\u015ft\u0131r. 2012 y\u0131l\u0131nda Ondokuz May\u0131s \u00dcniversitesi T\u0131p Fak\u00fcltesine giri\u015f yapm\u0131\u015ft\u0131r ve 2018 y\u0131l\u0131nda mezun olmu\u015ftur. Mezun oldu\u011fu ayn\u0131 y\u0131l Marmara \u00dcniversitesi Pendik E\u011fitim ve Ara\u015ft\u0131rma Hastanesi Kardiyoloji Anabilim Dal\u0131\u2019nda ihtisas\u0131na ba\u015flam\u0131\u015ft\u0131r. 2023 [&hellip;]<\/p>\n","protected":false},"author":1,"featured_media":0,"parent":0,"menu_order":0,"comment_status":"closed","ping_status":"closed","template":"","meta":{"ocean_post_layout":"","ocean_both_sidebars_style":"","ocean_both_sidebars_content_width":0,"ocean_both_sidebars_sidebars_width":0,"ocean_sidebar":"0","ocean_second_sidebar":"0","ocean_disable_margins":"enable","ocean_add_body_class":"","ocean_shortcode_before_top_bar":"","ocean_shortcode_after_top_bar":"","ocean_shortcode_before_header":"","ocean_shortcode_after_header":"","ocean_has_shortcode":"","ocean_shortcode_after_title":"","ocean_shortcode_before_footer_widgets":"","ocean_shortcode_after_footer_widgets":"","ocean_shortcode_before_footer_bottom":"","ocean_shortcode_after_footer_bottom":"","ocean_display_top_bar":"default","ocean_display_header":"default","ocean_header_style":"","ocean_center_header_left_menu":"0","ocean_custom_header_template":"0","ocean_custom_logo":0,"ocean_custom_retina_logo":0,"ocean_custom_logo_max_width":0,"ocean_custom_logo_tablet_max_width":0,"ocean_custom_logo_mobile_max_width":0,"ocean_custom_logo_max_height":0,"ocean_custom_logo_tablet_max_height":0,"ocean_custom_logo_mobile_max_height":0,"ocean_header_custom_menu":"0","ocean_menu_typo_font_family":"0","ocean_menu_typo_font_subset":"","ocean_menu_typo_font_size":0,"ocean_menu_typo_font_size_tablet":0,"ocean_menu_typo_font_size_mobile":0,"ocean_menu_typo_font_size_unit":"px","ocean_menu_typo_font_weight":"","ocean_menu_typo_font_weight_tablet":"","ocean_menu_typo_font_weight_mobile":"","ocean_menu_typo_transform":"","ocean_menu_typo_transform_tablet":"","ocean_menu_typo_transform_mobile":"","ocean_menu_typo_line_height":0,"ocean_menu_typo_line_height_tablet":0,"ocean_menu_typo_line_height_mobile":0,"ocean_menu_typo_line_height_unit":"","ocean_menu_typo_spacing":0,"ocean_menu_typo_spacing_tablet":0,"ocean_menu_typo_spacing_mobile":0,"ocean_menu_typo_spacing_unit":"","ocean_menu_link_color":"","ocean_menu_link_color_hover":"","ocean_menu_link_color_active":"","ocean_menu_link_background":"","ocean_menu_link_hover_background":"","ocean_menu_link_active_background":"","ocean_menu_social_links_bg":"","ocean_menu_social_hover_links_bg":"","ocean_menu_social_links_color":"","ocean_menu_social_hover_links_color":"","ocean_disable_title":"default","ocean_disable_heading":"default","ocean_post_title":"","ocean_post_subheading":"","ocean_post_title_style":"","ocean_post_title_background_color":"","ocean_post_title_background":0,"ocean_post_title_bg_image_position":"","ocean_post_title_bg_image_attachment":"","ocean_post_title_bg_image_repeat":"","ocean_post_title_bg_image_size":"","ocean_post_title_height":0,"ocean_post_title_bg_overlay":0.5,"ocean_post_title_bg_overlay_color":"","ocean_disable_breadcrumbs":"default","ocean_breadcrumbs_color":"","ocean_breadcrumbs_separator_color":"","ocean_breadcrumbs_links_color":"","ocean_breadcrumbs_links_hover_color":"","ocean_display_footer_widgets":"default","ocean_display_footer_bottom":"default","ocean_custom_footer_template":"","ofc_enable_fullscreen":"disable","ofc_fullscreen_speed":0,"ofc_fullscreen_nav":"enable","ofc_fullscreen_nav_pos":"right","ofc_fullscreen_nav_color":"","ofc_fullscreen_nav_tooltip_color":"","ofc_fullscreen_responsive":0,"osh_disable_topbar_sticky":"default","osh_disable_header_sticky":"default","osh_sticky_header_style":"default","osh_sticky_header_effect":"","osh_custom_sticky_logo":0,"osh_custom_retina_sticky_logo":0,"osh_custom_sticky_logo_height":0,"osh_background_color":"","osh_links_color":"","osh_links_hover_color":"","osh_links_active_color":"","osh_links_bg_color":"","osh_links_hover_bg_color":"","osh_links_active_bg_color":"","osh_menu_social_links_color":"","osh_menu_social_hover_links_color":"","_joinchat":[],"footnotes":""},"class_list":["post-9485","page","type-page","status-publish","hentry","entry"],"_links":{"self":[{"href":"https:\/\/avicennahospitals.com\/az\/wp-json\/wp\/v2\/pages\/9485","targetHints":{"allow":["GET"]}}],"collection":[{"href":"https:\/\/avicennahospitals.com\/az\/wp-json\/wp\/v2\/pages"}],"about":[{"href":"https:\/\/avicennahospitals.com\/az\/wp-json\/wp\/v2\/types\/page"}],"author":[{"embeddable":true,"href":"https:\/\/avicennahospitals.com\/az\/wp-json\/wp\/v2\/users\/1"}],"replies":[{"embeddable":true,"href":"https:\/\/avicennahospitals.com\/az\/wp-json\/wp\/v2\/comments?post=9485"}],"version-history":[{"count":0,"href":"https:\/\/avicennahospitals.com\/az\/wp-json\/wp\/v2\/pages\/9485\/revisions"}],"wp:attachment":[{"href":"https:\/\/avicennahospitals.com\/az\/wp-json\/wp\/v2\/media?parent=9485"}],"curies":[{"name":"wp","href":"https:\/\/api.w.org\/{rel}","templated":true}]}}