{"id":9474,"date":"2025-02-07T13:36:04","date_gmt":"2025-02-07T10:36:04","guid":{"rendered":"https:\/\/avicennahospitals.com\/uzman-doktor-buket-suslu\/"},"modified":"2025-02-07T13:36:04","modified_gmt":"2025-02-07T10:36:04","slug":"uzman-doktor-buket-suslu","status":"publish","type":"page","link":"https:\/\/avicennahospitals.com\/az\/uzman-doktor-buket-suslu\/","title":{"rendered":"Uzman Doktor Buket S\u00fcsl\u00fc"},"content":{"rendered":"<p><img fetchpriority=\"high\" decoding=\"async\" class=\"alignnone size-full wp-image-8641\" src=\"https:\/\/avicennahospitals.com\/wp-content\/uploads\/2025\/02\/buket-suslu-s.webp\" alt=\"\" width=\"800\" height=\"450\" srcset=\"https:\/\/avicennahospitals.com\/wp-content\/uploads\/2025\/02\/buket-suslu-s.webp 800w, https:\/\/avicennahospitals.com\/wp-content\/uploads\/2025\/02\/buket-suslu-s-300x169.webp 300w, https:\/\/avicennahospitals.com\/wp-content\/uploads\/2025\/02\/buket-suslu-s-768x432.webp 768w\" sizes=\"(max-width: 800px) 100vw, 800px\" \/><\/p>\n<p>1990 y\u0131l\u0131nda \u0130stanbul\u2019da do\u011fdum. \u0130lk\u00f6\u011frenim ve liseyi \u0130stanbul\u2019da okudum. 2015 y\u0131l\u0131nda \u0130\u00dc. Cerrahpa\u015fa T\u0131p Fak\u00fcltesinden mezun olduktan sonra 2016 y\u0131l\u0131nda Trakya \u00dcniversitesi hastanesinde Fiziksel T\u0131p ve Rehabilitasyon uzmanl\u0131k e\u011fitimime ba\u015flad\u0131m. 2020 y\u0131l\u0131nda uzmanl\u0131k e\u011fitimimi tamamlad\u0131m. 2020-2023 y\u0131llar\u0131 aras\u0131nda Marmara \u00dcniversitesi Pendik E\u011fitim ve Ara\u015ft\u0131rma hastanesinde mecburi hizmet g\u00f6revimi yapt\u0131m. 2024 Ocak itibar\u0131yla Kartal Avicenna Umut Hastanesinde \u00e7al\u0131\u015fmaya ba\u015flad\u0131m.<\/p>\n<p>&nbsp;<\/p>\n<div class=\"cmsmasters_toggle_title\">Tedavi Edilen Hastal\u0131klar<\/div>\n<div class=\"cmsmasters_toggle\">\n<div class=\"cmsmasters_toggle_inner\">\n<ul>\n<li>Bel ve boyun f\u0131t\u0131\u011f\u0131<\/li>\n<li>Dejeneratif eklem hastal\u0131klar\u0131 (Kire\u00e7lenme)<\/li>\n<li>Fibromiyalji- Yumu\u015fak doku romatizmas\u0131<\/li>\n<li>Tendinopatiler (tenis\u00e7i dirse\u011fi, topuk dikeni vs)<\/li>\n<li>N\u00f6rolojik Rehabilitasyon<\/li>\n<li>Ortopedik Rehabilitasyon<\/li>\n<li>Osteoporoz (Kemik erimesi)<\/li>\n<li>Lenf\u00f6dem<\/li>\n<\/ul>\n<\/div>\n<\/div>\n<p>&nbsp;<\/p>\n<div class=\"cmsmasters_toggle_title\">Tedavi Y\u00f6ntemleri<\/div>\n<div class=\"cmsmasters_toggle\">\n<div class=\"cmsmasters_toggle_inner\">\n<ul>\n<li>A\u011fr\u0131 tedavisinde giri\u015fimsel uygulamalar, eklem i\u00e7i enjeksiyonlar (PRP, hyaluronik asit, ozon)<\/li>\n<li>Kuru i\u011fneleme<\/li>\n<li>Ozon terapi<\/li>\n<\/ul>\n<\/div>\n<\/div>\n<p>&nbsp;<\/p>\n<div class=\"cmsmasters_toggle_title\">Yay\u0131nlar<\/div>\n<div class=\"cmsmasters_toggle\">\n<div class=\"cmsmasters_toggle_inner\">\n<ul>\n<li>Validity and reliability of the Turkish \u00d6rebro musculoskeletal pain screening questionnaire- short form<\/li>\n<li>S \u00d6zdin\u00e7, S Pek\u00e7etin, H Can, H Ata, B S\u00fcsl\u00fc, M Birtane- Work, 2022<\/li>\n<\/ul>\n<\/div>\n<\/div>\n<p>&nbsp;<\/p>\n<div class=\"cmsmasters_toggle_title\">\u00dcye Oldu\u011fu Dernek ve Kurulu\u015flar<\/div>\n<div class=\"cmsmasters_toggle\">\n<div class=\"cmsmasters_toggle_inner\">\n<ul>\n<li>T\u00fcrk Tabipler Birli\u011fi<\/li>\n<li>T\u00fcrkiye Fiziksel T\u0131p ve Rehabilitasyon Derne\u011fi<\/li>\n<\/ul>\n<\/div>\n<\/div>\n<p>&nbsp;<\/p>\n","protected":false},"excerpt":{"rendered":"<p>1990 y\u0131l\u0131nda \u0130stanbul\u2019da do\u011fdum. \u0130lk\u00f6\u011frenim ve liseyi \u0130stanbul\u2019da okudum. 2015 y\u0131l\u0131nda \u0130\u00dc. Cerrahpa\u015fa T\u0131p Fak\u00fcltesinden mezun olduktan sonra 2016 y\u0131l\u0131nda Trakya \u00dcniversitesi hastanesinde Fiziksel T\u0131p ve Rehabilitasyon uzmanl\u0131k e\u011fitimime ba\u015flad\u0131m. 2020 y\u0131l\u0131nda uzmanl\u0131k e\u011fitimimi tamamlad\u0131m. 2020-2023 y\u0131llar\u0131 aras\u0131nda Marmara \u00dcniversitesi Pendik E\u011fitim ve Ara\u015ft\u0131rma hastanesinde mecburi hizmet g\u00f6revimi yapt\u0131m. 2024 Ocak itibar\u0131yla Kartal Avicenna Umut [&hellip;]<\/p>\n","protected":false},"author":1,"featured_media":0,"parent":0,"menu_order":0,"comment_status":"closed","ping_status":"closed","template":"","meta":{"ocean_post_layout":"","ocean_both_sidebars_style":"","ocean_both_sidebars_content_width":0,"ocean_both_sidebars_sidebars_width":0,"ocean_sidebar":"0","ocean_second_sidebar":"0","ocean_disable_margins":"enable","ocean_add_body_class":"","ocean_shortcode_before_top_bar":"","ocean_shortcode_after_top_bar":"","ocean_shortcode_before_header":"","ocean_shortcode_after_header":"","ocean_has_shortcode":"","ocean_shortcode_after_title":"","ocean_shortcode_before_footer_widgets":"","ocean_shortcode_after_footer_widgets":"","ocean_shortcode_before_footer_bottom":"","ocean_shortcode_after_footer_bottom":"","ocean_display_top_bar":"default","ocean_display_header":"default","ocean_header_style":"","ocean_center_header_left_menu":"0","ocean_custom_header_template":"0","ocean_custom_logo":0,"ocean_custom_retina_logo":0,"ocean_custom_logo_max_width":0,"ocean_custom_logo_tablet_max_width":0,"ocean_custom_logo_mobile_max_width":0,"ocean_custom_logo_max_height":0,"ocean_custom_logo_tablet_max_height":0,"ocean_custom_logo_mobile_max_height":0,"ocean_header_custom_menu":"0","ocean_menu_typo_font_family":"0","ocean_menu_typo_font_subset":"","ocean_menu_typo_font_size":0,"ocean_menu_typo_font_size_tablet":0,"ocean_menu_typo_font_size_mobile":0,"ocean_menu_typo_font_size_unit":"px","ocean_menu_typo_font_weight":"","ocean_menu_typo_font_weight_tablet":"","ocean_menu_typo_font_weight_mobile":"","ocean_menu_typo_transform":"","ocean_menu_typo_transform_tablet":"","ocean_menu_typo_transform_mobile":"","ocean_menu_typo_line_height":0,"ocean_menu_typo_line_height_tablet":0,"ocean_menu_typo_line_height_mobile":0,"ocean_menu_typo_line_height_unit":"","ocean_menu_typo_spacing":0,"ocean_menu_typo_spacing_tablet":0,"ocean_menu_typo_spacing_mobile":0,"ocean_menu_typo_spacing_unit":"","ocean_menu_link_color":"","ocean_menu_link_color_hover":"","ocean_menu_link_color_active":"","ocean_menu_link_background":"","ocean_menu_link_hover_background":"","ocean_menu_link_active_background":"","ocean_menu_social_links_bg":"","ocean_menu_social_hover_links_bg":"","ocean_menu_social_links_color":"","ocean_menu_social_hover_links_color":"","ocean_disable_title":"default","ocean_disable_heading":"default","ocean_post_title":"","ocean_post_subheading":"","ocean_post_title_style":"","ocean_post_title_background_color":"","ocean_post_title_background":0,"ocean_post_title_bg_image_position":"","ocean_post_title_bg_image_attachment":"","ocean_post_title_bg_image_repeat":"","ocean_post_title_bg_image_size":"","ocean_post_title_height":0,"ocean_post_title_bg_overlay":0.5,"ocean_post_title_bg_overlay_color":"","ocean_disable_breadcrumbs":"default","ocean_breadcrumbs_color":"","ocean_breadcrumbs_separator_color":"","ocean_breadcrumbs_links_color":"","ocean_breadcrumbs_links_hover_color":"","ocean_display_footer_widgets":"default","ocean_display_footer_bottom":"default","ocean_custom_footer_template":"","ofc_enable_fullscreen":"disable","ofc_fullscreen_speed":0,"ofc_fullscreen_nav":"enable","ofc_fullscreen_nav_pos":"right","ofc_fullscreen_nav_color":"","ofc_fullscreen_nav_tooltip_color":"","ofc_fullscreen_responsive":0,"osh_disable_topbar_sticky":"default","osh_disable_header_sticky":"default","osh_sticky_header_style":"default","osh_sticky_header_effect":"","osh_custom_sticky_logo":0,"osh_custom_retina_sticky_logo":0,"osh_custom_sticky_logo_height":0,"osh_background_color":"","osh_links_color":"","osh_links_hover_color":"","osh_links_active_color":"","osh_links_bg_color":"","osh_links_hover_bg_color":"","osh_links_active_bg_color":"","osh_menu_social_links_color":"","osh_menu_social_hover_links_color":"","_joinchat":[],"footnotes":""},"class_list":["post-9474","page","type-page","status-publish","hentry","entry"],"_links":{"self":[{"href":"https:\/\/avicennahospitals.com\/az\/wp-json\/wp\/v2\/pages\/9474","targetHints":{"allow":["GET"]}}],"collection":[{"href":"https:\/\/avicennahospitals.com\/az\/wp-json\/wp\/v2\/pages"}],"about":[{"href":"https:\/\/avicennahospitals.com\/az\/wp-json\/wp\/v2\/types\/page"}],"author":[{"embeddable":true,"href":"https:\/\/avicennahospitals.com\/az\/wp-json\/wp\/v2\/users\/1"}],"replies":[{"embeddable":true,"href":"https:\/\/avicennahospitals.com\/az\/wp-json\/wp\/v2\/comments?post=9474"}],"version-history":[{"count":0,"href":"https:\/\/avicennahospitals.com\/az\/wp-json\/wp\/v2\/pages\/9474\/revisions"}],"wp:attachment":[{"href":"https:\/\/avicennahospitals.com\/az\/wp-json\/wp\/v2\/media?parent=9474"}],"curies":[{"name":"wp","href":"https:\/\/api.w.org\/{rel}","templated":true}]}}